{"id":109,"date":"2016-09-24T13:39:56","date_gmt":"2016-09-24T13:39:56","guid":{"rendered":"http:\/\/szixi.hu\/web\/?page_id=109"},"modified":"2025-10-08T10:55:39","modified_gmt":"2025-10-08T09:55:39","slug":"kapcsolat","status":"publish","type":"page","link":"https:\/\/szixi.hu\/web\/index.php\/kapcsolat\/","title":{"rendered":"Kapcsolat"},"content":{"rendered":"\n<figure class=\"wp-block-image alignright is-resized\"><img loading=\"lazy\" decoding=\"async\" width=\"1024\" height=\"722\" src=\"https:\/\/szixi.hu\/web\/wp-content\/uploads\/2016\/09\/iskola.jpg\" alt=\"\" class=\"wp-image-685\" style=\"width:408px;height:auto\" srcset=\"https:\/\/szixi.hu\/web\/wp-content\/uploads\/2016\/09\/iskola.jpg 1024w, https:\/\/szixi.hu\/web\/wp-content\/uploads\/2016\/09\/iskola-300x212.jpg 300w, https:\/\/szixi.hu\/web\/wp-content\/uploads\/2016\/09\/iskola-768x542.jpg 768w\" sizes=\"auto, (max-width: 1024px) 100vw, 1024px\" \/><\/figure>\n\n\n\n<p><strong>Oktat\u00e1si azonos\u00edt\u00f3: 910006\/007<\/strong><\/p>\n\n\n\n<p><strong>C\u00edm: 2900 Kom\u00e1rom, T\u00e1ncsics Mih\u00e1ly utca 75.<\/strong><\/p>\n\n\n\n<p><strong>K\u00f6zponti telefonsz\u00e1m: +36 70 684 8500<\/strong><\/p>\n\n\n\n<p><strong>Tan\u00e1ri telefonsz\u00e1m: +36 70 684 8504<\/strong><\/p>\n\n\n\n<p><strong>K\u00f6zponti e-mail: iroda@szixi.hu<\/strong><\/p>\n\n\n\n<p>&nbsp;<\/p>\n\n\n\n<h2 class=\"wp-block-heading\">Nyitvatart\u00e1s<\/h2>\n\n\n\n<h4 class=\"wp-block-heading\"><em><strong>Int\u00e9zm\u00e9nyi nyitvatart\u00e1s (tan\u00e9v k\u00f6zben, h\u00e9tk\u00f6znap):&nbsp;<\/strong><\/em><\/h4>\n\n\n\n<p>H\u00e9tf\u0151-P\u00e9ntek, 7:00 &#8211; 15:00<\/p>\n\n\n\n<h4 class=\"wp-block-heading\"><em><strong>Int\u00e9zm\u00e9nyi nyitvatart\u00e1s (ny\u00e1ri tan\u00edt\u00e1si sz\u00fcnetben):<\/strong><\/em><\/h4>\n\n\n\n<p>Szerda, 8:00 &#8211; 12:00 (gazdas\u00e1gi iroda)<\/p>\n\n\n\n<p>&nbsp;<\/p>\n\n\n\n<p>&nbsp;<\/p>\n\n\n\n<p><iframe loading=\"lazy\" style=\"border: 0;\" src=\"https:\/\/www.google.com\/maps\/embed?pb=!1m18!1m12!1m3!1d2683.003562992418!2d18.129963315804474!3d47.742585586567024!2m3!1f0!2f0!3f0!3m2!1i1024!2i768!4f13.1!3m3!1m2!1s0x476a4d4e7adf494d%3A0xfa65ed8f0353e5b9!2zS29tw6Fyb20sIFTDoW5jc2ljcyBNaWjDoWx5IHUuIDc1LCAyOTAw!5e0!3m2!1shu!2shu!4v1474724291365\" width=\"600\" height=\"450\" frameborder=\"0\" allowfullscreen=\"allowfullscreen\"><\/iframe><\/p>\n\n\n\n<p>&nbsp;<\/p>\n\n\n\n<p><em>Tisztelt \u00c9rintettek!<\/em><\/p>\n\n\n\n<p><em>\u00c9rtes\u00edtj\u00fck \u00d6n\u00f6ket, hogy iskol\u00e1nk az \u00c1ltal\u00e1nos Adat\u00e9vdelmi Rendelet (GDPR) szab\u00e1lyainak megfelel\u0151en adatv\u00e9demi tisztvisel\u0151vel rendelkezik. K\u00e9rj\u00fck \u00d6n\u00f6ket, hogy amennyiben az \u00d6n\u00f6k, vagy gyermekeik szem\u00e9lyes adataival, azok kezel\u00e9s\u00e9vel, t\u00e1rol\u00e1s\u00e1val, tov\u00e1bb\u00edt\u00e1s\u00e1val kapcsolatosan k\u00e9rd\u00e9s\u00fck, \u00e9szrev\u00e9tel\u00fck, vagy panaszuk mer\u00fclne fel, \u00fagy azt sz\u00edveskedjenek a tisztvisel\u0151 al\u00e1bbi el\u00e9rhet\u0151s\u00e9geinek valamelyik\u00e9n lehet\u0151s\u00e9g szerint k\u00f6zvetlen\u00fcl fel\u00e9 jelezni. Az adatv\u00e9delmi tisztvisel\u0151 minden megkeres\u00e9sre reag\u00e1lni fog.<\/em><\/p>\n\n\n\n<p><em>Iskol\u00e1nk adatv\u00e9delmi tisztvisel\u0151je:<\/em><\/p>\n\n\n\n<p>Bovard Kft. (<a href=\"mailto:info@bovard.hu\" target=\"_blank\" rel=\"noopener noreferrer\">info@bovard.hu<\/a>)<\/p>\n","protected":false},"excerpt":{"rendered":"<p>Oktat\u00e1si azonos\u00edt\u00f3: 910006\/007 C\u00edm: 2900 Kom\u00e1rom, T\u00e1ncsics Mih\u00e1ly utca 75. K\u00f6zponti telefonsz\u00e1m: +36 70 684 8500 Tan\u00e1ri telefonsz\u00e1m: +36 70 684 8504 K\u00f6zponti e-mail: iroda@szixi.hu &nbsp; Nyitvatart\u00e1s Int\u00e9zm\u00e9nyi nyitvatart\u00e1s (tan\u00e9v k\u00f6zben, h\u00e9tk\u00f6znap):&nbsp; H\u00e9tf\u0151-P\u00e9ntek, 7:00 &#8211; 15:00 Int\u00e9zm\u00e9nyi nyitvatart\u00e1s (ny\u00e1ri tan\u00edt\u00e1si sz\u00fcnetben): Szerda, 8:00 &#8211; 12:00 (gazdas\u00e1gi iroda) &nbsp; &nbsp; &nbsp; [&hellip;]<\/p>\n","protected":false},"author":1,"featured_media":0,"parent":0,"menu_order":0,"comment_status":"closed","ping_status":"closed","template":"","meta":{"_EventAllDay":false,"_EventTimezone":"","_EventStartDate":"","_EventEndDate":"","_EventStartDateUTC":"","_EventEndDateUTC":"","_EventShowMap":false,"_EventShowMapLink":false,"_EventURL":"","_EventCost":"","_EventCostDescription":"","_EventCurrencySymbol":"","_EventCurrencyCode":"","_EventCurrencyPosition":"","_EventDateTimeSeparator":"","_EventTimeRangeSeparator":"","_EventOrganizerID":[],"_EventVenueID":[],"_OrganizerEmail":"","_OrganizerPhone":"","_OrganizerWebsite":"","_VenueAddress":"","_VenueCity":"","_VenueCountry":"","_VenueProvince":"","_VenueState":"","_VenueZip":"","_VenuePhone":"","_VenueURL":"","_VenueStateProvince":"","_VenueLat":"","_VenueLng":"","_VenueShowMap":false,"_VenueShowMapLink":false,"footnotes":""},"class_list":["post-109","page","type-page","status-publish","hentry"],"_links":{"self":[{"href":"https:\/\/szixi.hu\/web\/index.php\/wp-json\/wp\/v2\/pages\/109","targetHints":{"allow":["GET"]}}],"collection":[{"href":"https:\/\/szixi.hu\/web\/index.php\/wp-json\/wp\/v2\/pages"}],"about":[{"href":"https:\/\/szixi.hu\/web\/index.php\/wp-json\/wp\/v2\/types\/page"}],"author":[{"embeddable":true,"href":"https:\/\/szixi.hu\/web\/index.php\/wp-json\/wp\/v2\/users\/1"}],"replies":[{"embeddable":true,"href":"https:\/\/szixi.hu\/web\/index.php\/wp-json\/wp\/v2\/comments?post=109"}],"version-history":[{"count":16,"href":"https:\/\/szixi.hu\/web\/index.php\/wp-json\/wp\/v2\/pages\/109\/revisions"}],"predecessor-version":[{"id":3809,"href":"https:\/\/szixi.hu\/web\/index.php\/wp-json\/wp\/v2\/pages\/109\/revisions\/3809"}],"wp:attachment":[{"href":"https:\/\/szixi.hu\/web\/index.php\/wp-json\/wp\/v2\/media?parent=109"}],"curies":[{"name":"wp","href":"https:\/\/api.w.org\/{rel}","templated":true}]}}