{"id":1443,"date":"2019-06-18T18:01:47","date_gmt":"2019-06-18T17:01:47","guid":{"rendered":"http:\/\/szixi.hu\/web\/?page_id=1443"},"modified":"2025-10-01T01:44:05","modified_gmt":"2025-10-01T00:44:05","slug":"kozossegi-szolgalat","status":"publish","type":"page","link":"https:\/\/szixi.hu\/web\/index.php\/kozossegi-szolgalat\/","title":{"rendered":"K\u00f6z\u00f6ss\u00e9gi szolg\u00e1lat"},"content":{"rendered":"\n<p><strong data-start=\"87\" data-end=\"105\">Kedves Di\u00e1kok!<\/strong><\/p>\n\n\n\n<p>M<span style=\"font-size: revert;\">inden \u00e9retts\u00e9giz\u0151 sz\u00e1m\u00e1ra k\u00f6telez\u0151 felt\u00e9tel az <\/span><strong data-start=\"176\" data-end=\"214\" style=\"font-size: revert;\">50 \u00f3ra iskolai k\u00f6z\u00f6ss\u00e9gi szolg\u00e1lat<\/strong><span style=\"font-size: revert;\"> teljes\u00edt\u00e9se.<\/span><\/p>\n\n\n\n<p>A feladatok k\u00f6z\u00fcl ti v\u00e1laszthattok az iskola \u00e1ltal biztos\u00edtott lehet\u0151s\u00e9gekb\u0151l, de ak\u00e1r saj\u00e1t \u00f6tleteket is hozhattok, amelyeket az iskola vezet\u00e9se j\u00f3v\u00e1hagyhat. A l\u00e9nyeg, hogy a tev\u00e9kenys\u00e9g feleljen meg a t\u00f6rv\u00e9ny el\u0151\u00edr\u00e1sainak: legyen szervezett, \u00f6nk\u00e9ntes (anyagi ellenszolg\u00e1ltat\u00e1s n\u00e9lk\u00fcli), \u00e9s a k\u00f6z\u00f6ss\u00e9g, k\u00f6rnyezet vagy r\u00e1szorul\u00f3 csoportok jav\u00e1t szolg\u00e1lja.<\/p>\n\n\n\n<p>A k\u00f6z\u00f6ss\u00e9gi szolg\u00e1latban t\u00f6bb ter\u00fclet k\u00f6z\u00fcl v\u00e1laszthattok, p\u00e9ld\u00e1ul:<\/p>\n\n\n\n<figure class=\"wp-block-table alignwide is-style-regular\"><table><thead><tr><th class=\"has-text-align-left\" data-align=\"left\">Ter\u00fclet<\/th><\/tr><\/thead><tbody><tr><td class=\"has-text-align-left\" data-align=\"left\">eg\u00e9szs\u00e9g\u00fcgyi<\/td><\/tr><tr><td class=\"has-text-align-left\" data-align=\"left\">szoci\u00e1lis \u00e9s j\u00f3t\u00e9konys\u00e1gi<\/td><\/tr><tr><td class=\"has-text-align-left\" data-align=\"left\">oktat\u00e1si<\/td><\/tr><tr><td class=\"has-text-align-left\" data-align=\"left\">kultur\u00e1lis \u00e9s k\u00f6z\u00f6ss\u00e9gi<\/td><\/tr><tr><td class=\"has-text-align-left\" data-align=\"left\">k\u00f6rnyezet- \u00e9s term\u00e9szetv\u00e9delmi<\/td><\/tr><tr><td class=\"has-text-align-left\" data-align=\"left\">polg\u00e1ri- \u00e9s katasztr\u00f3fav\u00e9delmi<\/td><\/tr><tr><td class=\"has-text-align-left\" data-align=\"left\">sport- \u00e9s szabadid\u0151s programok \u00f3vod\u00e1sokkal, saj\u00e1tos nevel\u00e9si ig\u00e9ny\u0171 gyermekekkel vagy id\u0151sekk<\/td><\/tr><\/tbody><\/table><\/figure>\n\n\n\n<p>Az 50 \u00f3r\u00e1t nem kell egyben teljes\u00edteni: t\u00f6bb kisebb projektben, t\u00f6bb \u00e9v alatt is \u00f6sszegy\u0171jthetitek. \u00cdgy kipr\u00f3b\u00e1lhattok t\u00f6bbf\u00e9le ter\u00fcletet is, de ak\u00e1r egy nagyobb program keret\u00e9ben is teljes\u00edthetitek a teljes \u00f3rasz\u00e1mot.<\/p>\n\n\n\n<p><strong data-start=\"1148\" data-end=\"1188\">Fontos tudnival\u00f3k az id\u0151korl\u00e1tokr\u00f3l:<\/strong><\/p>\n\n\n\n<ul class=\"wp-block-list\">\n<li><p data-start=\"1193\" data-end=\"1287\">16 \u00e9v alatt: tan\u00edt\u00e1si id\u0151ben max. napi 2 \u00f3ra, heti 6 \u00f3ra; sz\u00fcnetben napi 3 \u00f3ra, heti 12 \u00f3ra.<\/p><\/li>\n\n\n\n<li><p data-start=\"1290\" data-end=\"1353\">16 \u00e9v felett: tan\u00edt\u00e1si id\u0151ben max. napi 4,5 \u00f3ra, heti 18 \u00f3ra.<\/p><\/li>\n<\/ul>\n\n\n\n<p>Ez a k\u00f6telezetts\u00e9g nemcsak egy feladat kipip\u00e1l\u00e1sa lesz, hanem egy lehet\u0151s\u00e9g is arra, hogy \u00e9rt\u00e9kes tapasztalatokat szerezzetek, m\u00e1sokon seg\u00edtsetek, \u00e9s egy igaz\u00e1n hasznos, eml\u00e9kezetes \u00e9lm\u00e9ny r\u00e9szesei legyetek.<\/p>\n\n\n\n<hr class=\"wp-block-separator has-alpha-channel-opacity\"\/>\n\n\n\n<h2 class=\"wp-block-heading\">Let\u00f6lthet\u0151 dokumentumok<\/h2>\n\n\n<div class='w3eden'><!-- WPDM Link Template: Default Template -->\n\n<div class=\"link-template-default card mb-2\">\n    <div class=\"card-body\">\n        <div class=\"media\">\n            <div class=\"mr-3 img-48\"><img decoding=\"async\" class=\"wpdm_icon\" alt=\"Ikon\" src=\"https:\/\/szixi.hu\/web\/wp-content\/plugins\/download-manager\/assets\/file-type-icons\/doc.svg\" \/><\/div>\n            <div class=\"media-body\">\n                <h3 class=\"package-title\"><a href='https:\/\/szixi.hu\/web\/index.php\/download\/kozossegi-szolgalat-jelentkezesi-lap\/'>K\u00f6z\u00f6ss\u00e9gi szolg\u00e1lat - Jelentkez\u00e9si lap<\/a><\/h3>\n                <div class=\"text-muted text-small\"><i class=\"fas fa-copy\"><\/i> 1 f\u00e1jl(ok) <i class=\"fas fa-hdd ml-3\"><\/i> 27.50 KB<\/div>\n            <\/div>\n            <div class=\"ml-3\">\n                <a class='wpdm-download-link download-on-click btn btn-primary ' rel='nofollow' href='#' data-downloadurl=\"https:\/\/szixi.hu\/web\/index.php\/download\/kozossegi-szolgalat-jelentkezesi-lap\/?wpdmdl=1447&refresh=69e42ac6a8a4e1776560838\">Let\u00f6lt\u00e9s<\/a>\n            <\/div>\n        <\/div>\n    <\/div>\n<\/div>\n\n<\/div>\n\n\n<div class='w3eden'><!-- WPDM Link Template: Default Template -->\n\n<div class=\"link-template-default card mb-2\">\n    <div class=\"card-body\">\n        <div class=\"media\">\n            <div class=\"mr-3 img-48\"><img decoding=\"async\" class=\"wpdm_icon\" alt=\"Ikon\" src=\"https:\/\/szixi.hu\/web\/wp-content\/plugins\/download-manager\/assets\/file-type-icons\/docx.svg\" \/><\/div>\n            <div class=\"media-body\">\n                <h3 class=\"package-title\"><a href='https:\/\/szixi.hu\/web\/index.php\/download\/kozossegi-szolgalat-mintanaplo\/'>K\u00f6z\u00f6ss\u00e9gi szolg\u00e1lat - Mintanapl\u00f3<\/a><\/h3>\n                <div class=\"text-muted text-small\"><i class=\"fas fa-copy\"><\/i> 1 f\u00e1jl(ok) <i class=\"fas fa-hdd ml-3\"><\/i> 15.93 KB<\/div>\n            <\/div>\n            <div class=\"ml-3\">\n                <a class='wpdm-download-link download-on-click btn btn-primary ' rel='nofollow' href='#' data-downloadurl=\"https:\/\/szixi.hu\/web\/index.php\/download\/kozossegi-szolgalat-mintanaplo\/?wpdmdl=1451&refresh=69e42ac6acc2a1776560838\">Let\u00f6lt\u00e9s<\/a>\n            <\/div>\n        <\/div>\n    <\/div>\n<\/div>\n\n<\/div>\n\n\n<div class='w3eden'><!-- WPDM Link Template: Default Template -->\n\n<div class=\"link-template-default card mb-2\">\n    <div class=\"card-body\">\n        <div class=\"media\">\n            <div class=\"mr-3 img-48\"><img decoding=\"async\" class=\"wpdm_icon\" alt=\"Ikon\" src=\"https:\/\/szixi.hu\/web\/wp-content\/plugins\/download-manager\/assets\/file-type-icons\/docx.svg\" \/><\/div>\n            <div class=\"media-body\">\n                <h3 class=\"package-title\"><a href='https:\/\/szixi.hu\/web\/index.php\/download\/egyuttmukodesi-megallapodas\/'>K\u00f6z\u00f6ss\u00e9gi szolg\u00e1lat - Egy\u00fcttm\u0171k\u00f6d\u00e9si meg\u00e1llapod\u00e1s<\/a><\/h3>\n                <div class=\"text-muted text-small\"><i class=\"fas fa-copy\"><\/i> 1 f\u00e1jl(ok) <i class=\"fas fa-hdd ml-3\"><\/i> 61.00 KB<\/div>\n            <\/div>\n            <div class=\"ml-3\">\n                <a class='wpdm-download-link download-on-click btn btn-primary ' rel='nofollow' href='#' data-downloadurl=\"https:\/\/szixi.hu\/web\/index.php\/download\/egyuttmukodesi-megallapodas\/?wpdmdl=2413&refresh=69e42ac6af12e1776560838\">Let\u00f6lt\u00e9s<\/a>\n            <\/div>\n        <\/div>\n    <\/div>\n<\/div>\n\n<\/div>\n","protected":false},"excerpt":{"rendered":"<p>Kedves Di\u00e1kok! Minden \u00e9retts\u00e9giz\u0151 sz\u00e1m\u00e1ra k\u00f6telez\u0151 felt\u00e9tel az 50 \u00f3ra iskolai k\u00f6z\u00f6ss\u00e9gi szolg\u00e1lat teljes\u00edt\u00e9se. A feladatok k\u00f6z\u00fcl ti v\u00e1laszthattok az iskola \u00e1ltal biztos\u00edtott lehet\u0151s\u00e9gekb\u0151l, de ak\u00e1r saj\u00e1t \u00f6tleteket is hozhattok, amelyeket az iskola vezet\u00e9se j\u00f3v\u00e1hagyhat. A l\u00e9nyeg, hogy a tev\u00e9kenys\u00e9g feleljen meg a t\u00f6rv\u00e9ny el\u0151\u00edr\u00e1sainak: legyen szervezett, \u00f6nk\u00e9ntes (anyagi ellenszolg\u00e1ltat\u00e1s [&hellip;]<\/p>\n","protected":false},"author":1,"featured_media":0,"parent":0,"menu_order":0,"comment_status":"closed","ping_status":"closed","template":"","meta":{"_EventAllDay":false,"_EventTimezone":"","_EventStartDate":"","_EventEndDate":"","_EventStartDateUTC":"","_EventEndDateUTC":"","_EventShowMap":false,"_EventShowMapLink":false,"_EventURL":"","_EventCost":"","_EventCostDescription":"","_EventCurrencySymbol":"","_EventCurrencyCode":"","_EventCurrencyPosition":"","_EventDateTimeSeparator":"","_EventTimeRangeSeparator":"","_EventOrganizerID":[],"_EventVenueID":[],"_OrganizerEmail":"","_OrganizerPhone":"","_OrganizerWebsite":"","_VenueAddress":"","_VenueCity":"","_VenueCountry":"","_VenueProvince":"","_VenueState":"","_VenueZip":"","_VenuePhone":"","_VenueURL":"","_VenueStateProvince":"","_VenueLat":"","_VenueLng":"","_VenueShowMap":false,"_VenueShowMapLink":false,"footnotes":""},"class_list":["post-1443","page","type-page","status-publish","hentry"],"_links":{"self":[{"href":"https:\/\/szixi.hu\/web\/index.php\/wp-json\/wp\/v2\/pages\/1443","targetHints":{"allow":["GET"]}}],"collection":[{"href":"https:\/\/szixi.hu\/web\/index.php\/wp-json\/wp\/v2\/pages"}],"about":[{"href":"https:\/\/szixi.hu\/web\/index.php\/wp-json\/wp\/v2\/types\/page"}],"author":[{"embeddable":true,"href":"https:\/\/szixi.hu\/web\/index.php\/wp-json\/wp\/v2\/users\/1"}],"replies":[{"embeddable":true,"href":"https:\/\/szixi.hu\/web\/index.php\/wp-json\/wp\/v2\/comments?post=1443"}],"version-history":[{"count":10,"href":"https:\/\/szixi.hu\/web\/index.php\/wp-json\/wp\/v2\/pages\/1443\/revisions"}],"predecessor-version":[{"id":3669,"href":"https:\/\/szixi.hu\/web\/index.php\/wp-json\/wp\/v2\/pages\/1443\/revisions\/3669"}],"wp:attachment":[{"href":"https:\/\/szixi.hu\/web\/index.php\/wp-json\/wp\/v2\/media?parent=1443"}],"curies":[{"name":"wp","href":"https:\/\/api.w.org\/{rel}","templated":true}]}}