{"id":158,"date":"2016-09-29T11:05:25","date_gmt":"2016-09-29T11:05:25","guid":{"rendered":"http:\/\/szixi.hu\/web\/?page_id=158"},"modified":"2025-09-22T20:13:33","modified_gmt":"2025-09-22T19:13:33","slug":"bemutatkozas","status":"publish","type":"page","link":"https:\/\/szixi.hu\/web\/index.php\/bemutatkozas\/","title":{"rendered":"Bemutatkoz\u00e1s"},"content":{"rendered":"\n<h2 class=\"wp-block-heading\"><strong>Az iskola jelene<\/strong><\/h2>\n\n\n\n<div class=\"wp-block-media-text has-media-on-the-right is-stacked-on-mobile\" style=\"grid-template-columns:auto 32%\"><div class=\"wp-block-media-text__content\">\n<p>Iskol\u00e1nk, a <strong data-start=\"170\" data-end=\"235\">TSZC Sz\u00e9chenyi Istv\u00e1n Gazdas\u00e1gi \u00e9s Informatikai Technikum<\/strong>, k\u00fcl\u00f6nb\u00f6z\u0151 elnevez\u00e9sekkel m\u00e1r <strong data-start=\"266\" data-end=\"297\">1942 \u00f3ta m\u0171k\u00f6dik Kom\u00e1romban<\/strong>.<\/p>\n\n\n\n<p>A vezet\u00e9s mindig is ig\u00e9nyess\u00e9ggel \u00e9s innovat\u00edv szeml\u00e9lettel ir\u00e1ny\u00edtotta az int\u00e9zm\u00e9nyt. Ennek k\u00f6sz\u00f6nhet\u0151en ma <strong data-start=\"411\" data-end=\"453\">sz\u00e1mos magasan k\u00e9pzett, elk\u00f6telezett tan\u00e1r<\/strong> tan\u00edt <strong data-start=\"460\" data-end=\"474\">t\u00f6bbsz\u00e1z di\u00e1kot<\/strong>, j\u00f3l felszerelt \u00e9p\u00fcletben. Modern sz\u00e1m\u00edt\u00e1stechnikai tantermek, a <strong data-start=\"588\" data-end=\"626\">idegen nyelvi labor<\/strong>, interakt\u00edv t\u00e1bl\u00e1k \u00e9s bels\u0151 h\u00e1l\u00f3zat seg\u00edti az oktat\u00e1st. Mindez mellett nagy hangs\u00falyt helyez\u00fcnk a tanul\u00f3k \u00e9rt\u00e9kk\u00f6zpont\u00fa nevel\u00e9s\u00e9re is.&nbsp;<\/p>\n<\/div><figure class=\"wp-block-media-text__media\"><img loading=\"lazy\" decoding=\"async\" width=\"1024\" height=\"722\" src=\"https:\/\/szixi.hu\/web\/wp-content\/uploads\/2025\/09\/iskola.jpg\" alt=\"\" class=\"wp-image-3327 size-full\" srcset=\"https:\/\/szixi.hu\/web\/wp-content\/uploads\/2025\/09\/iskola.jpg 1024w, https:\/\/szixi.hu\/web\/wp-content\/uploads\/2025\/09\/iskola-768x542.jpg 768w\" sizes=\"auto, (max-width: 1024px) 100vw, 1024px\" \/><\/figure><\/div>\n\n\n\n<h2 class=\"wp-block-heading\"><strong>K\u00e9pz\u00e9s<\/strong><\/h2>\n\n\n\n<p>Meg\u0151rizt\u00fck az iskola eredeti, <strong data-start=\"815\" data-end=\"838\">gazdas\u00e1gi profilj\u00e1t<\/strong>, de a k\u00edn\u00e1lat folyamatosan b\u0151v\u00fclt:<\/p>\n\n\n\n<ul class=\"wp-block-list\">\n<li><p data-start=\"878\" data-end=\"942\"><strong data-start=\"878\" data-end=\"890\">1989-ben<\/strong> indult a <strong data-start=\"900\" data-end=\"939\">sz\u00e1m\u00edt\u00e1stechnikai programoz\u00f3 \u00e1gazat<\/strong>,<\/p><\/li>\n\n\n\n<li><p data-start=\"945\" data-end=\"982\"><strong data-start=\"945\" data-end=\"957\">2002-ben<\/strong> a <strong data-start=\"960\" data-end=\"979\">p\u00e9nz\u00fcgyi \u00e1gazat<\/strong>,<\/p><\/li>\n\n\n\n<li><p data-start=\"985\" data-end=\"1038\"><strong data-start=\"985\" data-end=\"997\">2004-ben<\/strong> pedig a <strong data-start=\"1006\" data-end=\"1035\">nyelvi el\u0151k\u00e9sz\u00edt\u0151 program<\/strong>.<\/p><\/li>\n<\/ul>\n\n\n\n<p>E fejleszt\u00e9sek eredm\u00e9nyek\u00e9nt ma \u00e9vfolyamonk\u00e9nt <strong data-start=\"1087\" data-end=\"1108\">k\u00e9t oszt\u00e1ly indul<\/strong> az alapk\u00e9pz\u00e9sben, szakk\u00e9pz\u0151 \u00e9vfolyamaink is m\u0171k\u00f6dnek, \u00e9s ami a kor\u00e1bbi \u00e9vtizedekhez k\u00e9pest \u00fajdons\u00e1g: <strong data-start=\"1210\" data-end=\"1233\">sok fi\u00fa di\u00e1kunk van<\/strong>.<\/p>\n\n\n\n<h2 class=\"wp-block-heading\"><strong>Nyelvoktat\u00e1s<\/strong><\/h2>\n\n\n\n<p>Kiemelt figyelmet ford\u00edtunk a nyelvoktat\u00e1sra, a 12. \u00e9s 13. \u00e9vfolyamon pedig informatikus tanul\u00f3inkat szakmai angol \u00f3r\u00e1kkal t\u00e1mogatjuk a nyelvi ismeretek elm\u00e9ly\u00edt\u00e9s\u00e9ben. Di\u00e1kjaink gyakran m\u00e1r a k\u00f6z\u00e9piskolai \u00e9vek alatt megszerzik a k\u00f6z\u00e9p vagy emelt szint\u0171 nyelvvizsg\u00e1t, illetve sikeresen teljes\u00edtik az el\u0151rehozott \u00e9retts\u00e9git.<\/p>\n\n\n\n<h2 class=\"wp-block-heading\"><strong>Versenyek<\/strong><\/h2>\n\n\n\n<p>Tanul\u00f3ink \u00e9vr\u0151l \u00e9vre sikeresen szerepelnek k\u00fcl\u00f6nb\u00f6z\u0151 megm\u00e9rettet\u00e9seken:<\/p>\n\n\n\n<ul class=\"wp-block-list\">\n<li><p data-start=\"1722\" data-end=\"1763\">szakmai (<strong data-start=\"1731\" data-end=\"1759\">SZ\u00c9TV, Monetary, RangAd\u00f3<\/strong>),<\/p><\/li>\n\n\n\n<li>k\u00f6zismereti (<strong data-start=\"1779\" data-end=\"1825\" style=\"font-size: revert;\">OKTV, Gordiusz<\/strong>)<\/li>\n\n\n\n<li><p data-start=\"1722\" data-end=\"1763\">sport- \u00e9s m\u0171v\u00e9szeti versenyeken.<\/p><\/li>\n<\/ul>\n\n\n\n<p>Di\u00e1kjaink gyakran az <strong data-start=\"1889\" data-end=\"1910\">els\u0151 20 helyezett<\/strong> k\u00f6z\u00f6tt v\u00e9geznek.<\/p>\n\n\n\n<h2 class=\"wp-block-heading\"><strong>Tov\u00e1bbtanul\u00e1s<\/strong> <strong>\u00e9s<\/strong> <strong>elhelyezked\u00e9s<\/strong><\/h2>\n\n\n\n<p>Iskol\u00e1nk <strong data-start=\"1982\" data-end=\"2021\">tov\u00e1bbtanul\u00e1si mutat\u00f3i kiemelked\u0151ek<\/strong>, kor\u00e1bban az orsz\u00e1gos list\u00e1n a <strong data-start=\"2053\" data-end=\"2066\">2. helyet<\/strong> is megszerezt\u00fck.<\/p>\n\n\n\n<ul class=\"wp-block-list\">\n<li><p data-start=\"2089\" data-end=\"2222\">Gazdas\u00e1gi ter\u00fcleten v\u00e9gzett tan\u00edtv\u00e1nyaink ma k\u00f6nyvel\u0151irod\u00e1kat, p\u00e9nzint\u00e9zeteket vezetnek, vagy azok alkalmazottai k\u00f6z\u00f6tt tal\u00e1lhat\u00f3k.<\/p><\/li>\n\n\n\n<li><p data-start=\"2225\" data-end=\"2378\">Informatikusaink jelent\u0151s r\u00e9sze tov\u00e1bbtanult, \u00e9s a n\u00e1lunk szerzett nyelvtud\u00e1st kihaszn\u00e1lva multinacion\u00e1lis c\u00e9gekn\u00e9l vagy <strong data-start=\"2346\" data-end=\"2359\">k\u00fclf\u00f6ld\u00f6n<\/strong> helyezkedett el.<\/p><\/li>\n\n\n\n<li><p data-start=\"2381\" data-end=\"2537\">B\u00fcszk\u00e9k vagyunk azokra a volt di\u00e1kjainkra is, akik a <strong data-start=\"2434\" data-end=\"2472\">NYME, SZIE, JPTE, Corvinus Egyetem<\/strong> vagy \u00e9ppen a <strong data-start=\"2486\" data-end=\"2512\">The Felsted Schools UK<\/strong> oktat\u00f3ik\u00e9nt dolgoznak.<\/p><\/li>\n<\/ul>\n\n\n\n<p>J\u00f3 kapcsolatainknak k\u00f6sz\u00f6nhet\u0151en a k\u00f6rny\u00e9kbeli v\u00e1llalatok rendszeresen t\u00e1mogatt\u00e1k iskol\u00e1nkat a szakk\u00e9pz\u00e9si hozz\u00e1j\u00e1rul\u00e1sukkal, amelyb\u0151l jelent\u0151s fejleszt\u00e9seket tudtunk megval\u00f3s\u00edtani.<\/p>\n\n\n\n<h2 class=\"wp-block-heading\"><strong>Hagyom\u00e1nyok<\/strong> <strong>\u00e9s<\/strong> <strong>programok<\/strong><\/h2>\n\n\n\n<p>Fontos sz\u00e1munkra hagyom\u00e1nyaink \u00e1pol\u00e1sa \u00e9s \u00faj k\u00f6z\u00f6ss\u00e9gi programok szervez\u00e9se.<\/p>\n\n\n\n<p>A <strong data-start=\"2842\" data-end=\"2864\">2024\/2025-\u00f6s tan\u00e9v<\/strong> esem\u00e9nyeib\u0151l n\u00e9h\u00e1ny p\u00e9lda: g\u00f3lyat\u00e1bor, A Nagy kikapcsol\u00f3 nap, teremd\u00edsz\u00edt\u0151 versenyek, adventi programok, tead\u00e9lut\u00e1n k\u00e9zm\u0171vesked\u00e9ssel, tantest\u00fcleti kar\u00e1csony, sulikar\u00e1csony, Magyars\u00e1g nap, ny\u00edlt napok, Sz\u00e9chenyi-nap, g\u00f3lyab\u00e1l, szalagavat\u00f3, pr\u00f3ba\u00e9retts\u00e9gik, pr\u00f3balapvizsga, p\u00e1lya- \u00e9s gazdas\u00e1gi tr\u00e9ningek, tantest\u00fcleti csapat\u00e9p\u00edt\u0151 tr\u00e9ning, di\u00e1knap, t\u00far\u00e1k \u00e9s kir\u00e1ndul\u00e1sok.<\/p>\n\n\n\n<p>Programjainkat lelkes \u00e9s kreat\u00edv tan\u00e1raink, valamint hivat\u00e1studatos oszt\u00e1lyf\u0151n\u00f6keink szervezik, akik minden di\u00e1kban igyekeznek felfedezni a tehets\u00e9g cs\u00edr\u00e1it.<\/p>\n\n\n\n<h2 class=\"wp-block-heading\"><strong>Az<\/strong> <strong>\u00e9p\u00fclet<\/strong><\/h2>\n\n\n\n<p>A <strong data-start=\"3504\" data-end=\"3542\">T\u00e1ncsics Mih\u00e1ly utcai iskola\u00e9p\u00fclet<\/strong> t\u00f6bb l\u00e9pcs\u0151ben meg\u00fajult, de a r\u00e9gi nagy \u00e1lmunk \u2013 a tornaterem \u00e9s a k\u00f6z\u00f6ss\u00e9gi t\u00e9r \u2013 m\u00e9g nem val\u00f3sult meg.<\/p>\n\n\n\n<h2 class=\"wp-block-heading\"><strong>J\u00f6v\u0151k\u00e9p<\/strong><\/h2>\n\n\n\n<p>Tov\u00e1bbra is <strong data-start=\"3682\" data-end=\"3723\">kis iskola vagyunk nagy lelkesed\u00e9ssel<\/strong>, ahol a fejl\u0151d\u00e9s \u00e9s a gyarapod\u00e1s \u00e1lland\u00f3 c\u00e9l. Hisz\u00fcnk Sz\u00e9chenyi szavaiban:<\/p>\n\n\n\n<blockquote class=\"wp-block-quote is-layout-flow wp-block-quote-is-layout-flow\">\n<p><em data-start=\"3804\" data-end=\"3878\">\u201eSok ezer kis er\u0151 k\u00f6z\u00f6s c\u00e9lra egyes\u00fclve hasznos \u00e9s nagy m\u0171veket teremt.\u201d<\/em><\/p>\n<\/blockquote>\n","protected":false},"excerpt":{"rendered":"<p>Az iskola jelene Iskol\u00e1nk, a TSZC Sz\u00e9chenyi Istv\u00e1n Gazdas\u00e1gi \u00e9s Informatikai Technikum, k\u00fcl\u00f6nb\u00f6z\u0151 elnevez\u00e9sekkel m\u00e1r 1942 \u00f3ta m\u0171k\u00f6dik Kom\u00e1romban. A vezet\u00e9s mindig is ig\u00e9nyess\u00e9ggel \u00e9s innovat\u00edv szeml\u00e9lettel ir\u00e1ny\u00edtotta az int\u00e9zm\u00e9nyt. Ennek k\u00f6sz\u00f6nhet\u0151en ma sz\u00e1mos magasan k\u00e9pzett, elk\u00f6telezett tan\u00e1r tan\u00edt t\u00f6bbsz\u00e1z di\u00e1kot, j\u00f3l felszerelt \u00e9p\u00fcletben. Modern sz\u00e1m\u00edt\u00e1stechnikai tantermek, a idegen nyelvi [&hellip;]<\/p>\n","protected":false},"author":1,"featured_media":0,"parent":0,"menu_order":0,"comment_status":"closed","ping_status":"closed","template":"","meta":{"_EventAllDay":false,"_EventTimezone":"","_EventStartDate":"","_EventEndDate":"","_EventStartDateUTC":"","_EventEndDateUTC":"","_EventShowMap":false,"_EventShowMapLink":false,"_EventURL":"","_EventCost":"","_EventCostDescription":"","_EventCurrencySymbol":"","_EventCurrencyCode":"","_EventCurrencyPosition":"","_EventDateTimeSeparator":"","_EventTimeRangeSeparator":"","_EventOrganizerID":[],"_EventVenueID":[],"_OrganizerEmail":"","_OrganizerPhone":"","_OrganizerWebsite":"","_VenueAddress":"","_VenueCity":"","_VenueCountry":"","_VenueProvince":"","_VenueState":"","_VenueZip":"","_VenuePhone":"","_VenueURL":"","_VenueStateProvince":"","_VenueLat":"","_VenueLng":"","_VenueShowMap":false,"_VenueShowMapLink":false,"footnotes":""},"class_list":["post-158","page","type-page","status-publish","hentry"],"_links":{"self":[{"href":"https:\/\/szixi.hu\/web\/index.php\/wp-json\/wp\/v2\/pages\/158","targetHints":{"allow":["GET"]}}],"collection":[{"href":"https:\/\/szixi.hu\/web\/index.php\/wp-json\/wp\/v2\/pages"}],"about":[{"href":"https:\/\/szixi.hu\/web\/index.php\/wp-json\/wp\/v2\/types\/page"}],"author":[{"embeddable":true,"href":"https:\/\/szixi.hu\/web\/index.php\/wp-json\/wp\/v2\/users\/1"}],"replies":[{"embeddable":true,"href":"https:\/\/szixi.hu\/web\/index.php\/wp-json\/wp\/v2\/comments?post=158"}],"version-history":[{"count":5,"href":"https:\/\/szixi.hu\/web\/index.php\/wp-json\/wp\/v2\/pages\/158\/revisions"}],"predecessor-version":[{"id":3405,"href":"https:\/\/szixi.hu\/web\/index.php\/wp-json\/wp\/v2\/pages\/158\/revisions\/3405"}],"wp:attachment":[{"href":"https:\/\/szixi.hu\/web\/index.php\/wp-json\/wp\/v2\/media?parent=158"}],"curies":[{"name":"wp","href":"https:\/\/api.w.org\/{rel}","templated":true}]}}