{"id":1699,"date":"2020-10-30T12:16:13","date_gmt":"2020-10-30T11:16:13","guid":{"rendered":"http:\/\/szixi.hu\/web\/?page_id=1699"},"modified":"2021-03-17T10:56:07","modified_gmt":"2021-03-17T09:56:07","slug":"felveteli-tajekoztato-a-20212022-tanevre","status":"publish","type":"page","link":"https:\/\/szixi.hu\/web\/index.php\/felveteli-tajekoztato-a-20212022-tanevre\/","title":{"rendered":"Felv\u00e9teli t\u00e1j\u00e9koztat\u00f3 a 2021\/2022. tan\u00e9vre"},"content":{"rendered":"<h2><span style=\"color: #ff0000;\"><strong>!!! FRISS\u00cdT\u00c9S !!!<\/strong><\/span><\/h2>\n<h2>Az ideiglenes felv\u00e9teli lista el\u00e9rhet\u0151 <a href=\"https:\/\/szixi.hu\/web\/index.php\/2021\/03\/17\/tajekoztatas-a-20212022-evi-ideiglenes-felveteli-listarol\/\">ITT<\/a><\/h2>\n<p>&#8212;&#8212;&#8212;&#8212;&#8212;&#8212;&#8212;&#8212;&#8212;&#8212;&#8212;&#8212;&#8212;&#8212;&#8212;&#8212;&#8212;&#8212;&#8212;&#8212;-<\/p>\n<p><strong>Az iskola neve: Tatab\u00e1nyai Szakk\u00e9pz\u00e9si Centrum Sz\u00e9chenyi Istv\u00e1n Gazdas\u00e1gi \u00e9s Informatikai Technikum<\/strong><\/p>\n<p><strong>OM<\/strong>: 910006<\/p>\n<p><strong>Az iskola c\u00edme:<\/strong>\u00a02900 Kom\u00e1rom, T\u00e1ncsics Mih\u00e1ly utca 75.<\/p>\n<p><strong>A tanulm\u00e1nyi ter\u00fcletet meghirdet\u0151 feladatell\u00e1t\u00e1si hely k\u00f3dja:<\/strong> 007<\/p>\n<p><em><strong>5 \u00e9ves, nappali tagozatos, iskolarendszer\u0171, \u00e9retts\u00e9gi \u00e9s szakmai vizsg\u00e1ra felk\u00e9sz\u00edt\u0151 k\u00e9pz\u00e9sek<\/strong><\/em><\/p>\n<h4><strong>Tanulm\u00e1nyi ter\u00fcletek:<\/strong><\/h4>\n<div align=\"center\">\n<table border=\"1\" width=\"91%\" cellspacing=\"0\" cellpadding=\"0\">\n<tbody>\n<tr>\n<td width=\"16%\">\n<p style=\"text-align: center; line-height: 115%;\" align=\"center\"><b><span style=\"font-size: 12.0pt; line-height: 115%; font-family: 'Times New Roman',serif;\">Tanulm\u00e1nyi<br \/>\nter\u00fclet k\u00f3dja<\/span><\/b><\/p>\n<\/td>\n<td width=\"30%\">\n<p style=\"text-align: center; line-height: 115%;\" align=\"center\"><b><span style=\"font-size: 12.0pt; line-height: 115%; font-family: 'Times New Roman',serif;\">\u00c9vfolyamok<br \/>\nsz\u00e1ma<\/span><\/b><\/p>\n<\/td>\n<td width=\"23%\">\n<p style=\"text-align: center; line-height: 115%;\" align=\"center\"><b><span style=\"font-size: 12.0pt; line-height: 115%; font-family: 'Times New Roman',serif;\">\u00c1gazat<\/span><\/b><\/p>\n<\/td>\n<td width=\"30%\">\n<p style=\"text-align: center; line-height: 115%;\" align=\"center\"><b><span style=\"font-size: 12.0pt; line-height: 115%; font-family: 'Times New Roman',serif;\">Kimenet<\/span><\/b><\/p>\n<\/td>\n<\/tr>\n<tr>\n<td width=\"16%\">\n<p style=\"text-align: center; line-height: 115%;\" align=\"center\"><b><span style=\"font-size: 12.0pt; line-height: 115%; font-family: 'Times New Roman',serif;\">0160<\/span><\/b><\/p>\n<\/td>\n<td width=\"30%\">\n<p style=\"text-align: center; line-height: 115%;\" align=\"center\"><span style=\"font-size: 12.0pt; line-height: 115%; font-family: 'Times New Roman',serif;\">1+5<\/span><\/p>\n<p style=\"text-align: center; line-height: 115%;\" align=\"center\"><span style=\"font-size: 12.0pt; line-height: 115%; font-family: 'Times New Roman',serif;\">(angol nyelvi el\u0151k\u00e9sz\u00edt\u0151vel)\u00ad<b>*<\/b><\/span><\/p>\n<\/td>\n<td width=\"23%\">\n<p style=\"text-align: center; line-height: 115%;\" align=\"center\"><span style=\"font-size: 12.0pt; line-height: 115%; font-family: 'Times New Roman',serif;\">Gazd\u00e1lkod\u00e1s \u00e9s menedzsment<\/span><\/p>\n<\/td>\n<td width=\"30%\">\n<p style=\"text-align: center; line-height: 115%;\" align=\"center\"><span style=\"font-size: 12.0pt; line-height: 115%; font-family: 'Times New Roman',serif;\">P\u00e9nz\u00fcgyi-sz\u00e1mviteli \u00fcgyint\u00e9z\u0151 <span style=\"color: #3a3a3a; background: white;\">5 0411 09 01<\/span><\/span><\/p>\n<\/td>\n<\/tr>\n<tr>\n<td width=\"16%\">\n<p style=\"text-align: center; line-height: 115%;\" align=\"center\"><b><span style=\"font-size: 12.0pt; line-height: 115%; font-family: 'Times New Roman',serif;\">0161<\/span><\/b><\/p>\n<\/td>\n<td width=\"30%\">\n<p style=\"text-align: center; line-height: 115%;\" align=\"center\"><span style=\"font-size: 12.0pt; line-height: 115%; font-family: 'Times New Roman',serif;\">1+5<\/span><\/p>\n<p style=\"text-align: center; line-height: 115%;\" align=\"center\"><span style=\"font-size: 12.0pt; line-height: 115%; font-family: 'Times New Roman',serif;\">(angol nyelvi el\u0151k\u00e9sz\u00edt\u0151vel)<b>*<\/b><\/span><\/p>\n<\/td>\n<td width=\"23%\">\n<p style=\"text-align: center; line-height: 115%;\" align=\"center\"><span style=\"font-size: 12.0pt; line-height: 115%; font-family: 'Times New Roman',serif;\">Informatika \u00e9s t\u00e1vk\u00f6zl\u00e9s<\/span><\/p>\n<\/td>\n<td width=\"30%\">\n<p class=\"Default\" style=\"text-align: center; line-height: 115%;\" align=\"center\">Informatikai<br \/>\nrendszer- \u00e9s alkalmaz\u00e1s-\u00fczemeltet\u0151 technikus 5 0612 12 02<\/p>\n<\/td>\n<\/tr>\n<tr>\n<td width=\"16%\">\n<p style=\"text-align: center; line-height: 115%;\" align=\"center\"><b><span style=\"font-size: 12.0pt; line-height: 115%; font-family: 'Times New Roman',serif;\">0162<\/span><\/b><\/p>\n<\/td>\n<td width=\"30%\">\n<p style=\"text-align: center; line-height: 115%;\" align=\"center\"><span style=\"font-size: 12.0pt; line-height: 115%; font-family: 'Times New Roman',serif;\">5<\/span><\/p>\n<\/td>\n<td width=\"23%\">\n<p style=\"text-align: center; line-height: 115%;\" align=\"center\"><span style=\"font-size: 12.0pt; line-height: 115%; font-family: 'Times New Roman',serif;\">Gazd\u00e1lkod\u00e1s \u00e9s menedzsment<\/span><\/p>\n<\/td>\n<td width=\"30%\">\n<p style=\"text-align: center; line-height: 115%;\" align=\"center\"><span style=\"font-size: 12.0pt; line-height: 115%; font-family: 'Times New Roman',serif;\">P\u00e9nz\u00fcgyi-sz\u00e1mviteli \u00fcgyint\u00e9z\u0151 <span style=\"color: #3a3a3a; background: white;\">5 0411 09 01<\/span><\/span><\/p>\n<\/td>\n<\/tr>\n<tr>\n<td width=\"16%\">\n<p style=\"text-align: center; line-height: 115%;\" align=\"center\"><b><span style=\"font-size: 12.0pt; line-height: 115%; font-family: 'Times New Roman',serif;\">0163<\/span><\/b><\/p>\n<\/td>\n<td width=\"30%\">\n<p style=\"text-align: center; line-height: 115%;\" align=\"center\"><span style=\"font-size: 12.0pt; line-height: 115%; font-family: 'Times New Roman',serif;\">5<\/span><\/p>\n<\/td>\n<td width=\"23%\">\n<p style=\"text-align: center; line-height: 115%;\" align=\"center\"><span style=\"font-size: 12.0pt; line-height: 115%; font-family: 'Times New Roman',serif;\">Informatika \u00e9s t\u00e1vk\u00f6zl\u00e9s<\/span><\/p>\n<\/td>\n<td width=\"30%\">\n<p class=\"Default\" style=\"text-align: center; line-height: 115%;\" align=\"center\">Informatikai<br \/>\nrendszer- \u00e9s alkalmaz\u00e1s-\u00fczemeltet\u0151 technikus 5 0612 12 02<\/p>\n<\/td>\n<\/tr>\n<\/tbody>\n<\/table>\n<\/div>\n<p><strong>*: heti 18 \u00f3ra idegen nyelv<\/strong> (angol \u00e9s n\u00e9met)<\/p>\n<p><strong>9-10. \u00e9vfolyamon \u00e1gazati alapk\u00e9pz\u00e9s (alapvizsg\u00e1val z\u00e1rul)<\/strong><\/p>\n<h4>11-13. \u00e9vfolyamon szakmai k\u00e9pz\u00e9s<\/h4>\n<p>12. \u00e9vfolyam v\u00e9g\u00e9n el\u0151rehozott \u00e9retts\u00e9gi vizsga magyar nyelv \u00e9s irodalom, t\u00f6rt\u00e9nelem, matematika tant\u00e1rgyb\u00f3l. 13. \u00e9vfolyam v\u00e9g\u00e9n \u00e9retts\u00e9gi vizsga idegen nyelv tant\u00e1rgyb\u00f3l, valamint technikusi vizsga, amely emelt szint\u0171 \u00e9retts\u00e9ginek felel meg. Az \u00e9retts\u00e9gi bizony\u00edtv\u00e1ny kiad\u00e1s\u00e1nak felt\u00e9tele 50 \u00f3ra k\u00f6z\u00f6ss\u00e9gi szolg\u00e1lat teljes\u00edt\u00e9se. A tanul\u00f3k a k\u00e9pz\u00e9s ideje alatt \u00f6szt\u00f6nd\u00edjban r\u00e9szes\u00fclnek, mely az igazolatlan mulaszt\u00e1sok magas sz\u00e1ma miatt elvonhat\u00f3.<\/p>\n<h4>Felv\u00e9teli<\/h4>\n<p>Az \u00e1ltal\u00e1nos iskolai 5.,\u00a06.,\u00a07.\u00a0oszt\u00e1ly \u2013 \u00e9v v\u00e9gi;\u00a08. oszt\u00e1ly \u2013\u00a0f\u00e9l\u00e9vi tanulm\u00e1nyi eredm\u00e9nyek, valamint a 2021. m\u00e1rcius\u00e1ban megtartand\u00f3 sz\u00f3beli elbesz\u00e9lget\u00e9s alapj\u00e1n t\u00f6rt\u00e9nik. Eg\u00e9szs\u00e9g\u00fcgyi, p\u00e1lyaalkalmass\u00e1gi el\u0151\u00edr\u00e1sok, valamint az SNI, BTMN tanul\u00f3kra vonatkoz\u00f3 speci\u00e1lis elb\u00edr\u00e1l\u00e1si szab\u00e1lyok nincsenek.<\/p>\n<h3 style=\"text-align: center;\">Jelentkez\u00e9si hat\u00e1rid\u0151: 2021. febru\u00e1r 15.<\/h3>\n<p><img loading=\"lazy\" decoding=\"async\" class=\"aligncenter size-full wp-image-1621\" src=\"https:\/\/szixi.hu\/web\/wp-content\/uploads\/2016\/11\/technikum.jpg\" alt=\"\" width=\"2048\" height=\"1392\" srcset=\"https:\/\/szixi.hu\/web\/wp-content\/uploads\/2016\/11\/technikum.jpg 2048w, https:\/\/szixi.hu\/web\/wp-content\/uploads\/2016\/11\/technikum-300x204.jpg 300w, https:\/\/szixi.hu\/web\/wp-content\/uploads\/2016\/11\/technikum-768x522.jpg 768w, https:\/\/szixi.hu\/web\/wp-content\/uploads\/2016\/11\/technikum-1024x696.jpg 1024w\" sizes=\"auto, (max-width: 2048px) 100vw, 2048px\" \/><\/p>\n","protected":false},"excerpt":{"rendered":"<p>!!! FRISS\u00cdT\u00c9S !!! Az ideiglenes felv\u00e9teli lista el\u00e9rhet\u0151 ITT &#8212;&#8212;&#8212;&#8212;&#8212;&#8212;&#8212;&#8212;&#8212;&#8212;&#8212;&#8212;&#8212;&#8212;&#8212;&#8212;&#8212;&#8212;&#8212;&#8212;- Az iskola neve: Tatab\u00e1nyai Szakk\u00e9pz\u00e9si Centrum Sz\u00e9chenyi Istv\u00e1n Gazdas\u00e1gi \u00e9s Informatikai Technikum OM: 910006 Az iskola c\u00edme:\u00a02900 Kom\u00e1rom, T\u00e1ncsics Mih\u00e1ly utca 75. A tanulm\u00e1nyi ter\u00fcletet meghirdet\u0151 feladatell\u00e1t\u00e1si hely k\u00f3dja: 007 5 \u00e9ves, nappali tagozatos, iskolarendszer\u0171, \u00e9retts\u00e9gi \u00e9s szakmai vizsg\u00e1ra felk\u00e9sz\u00edt\u0151 [&hellip;]<\/p>\n","protected":false},"author":1,"featured_media":0,"parent":0,"menu_order":0,"comment_status":"closed","ping_status":"closed","template":"","meta":{"_EventAllDay":false,"_EventTimezone":"","_EventStartDate":"","_EventEndDate":"","_EventStartDateUTC":"","_EventEndDateUTC":"","_EventShowMap":false,"_EventShowMapLink":false,"_EventURL":"","_EventCost":"","_EventCostDescription":"","_EventCurrencySymbol":"","_EventCurrencyCode":"","_EventCurrencyPosition":"","_EventDateTimeSeparator":"","_EventTimeRangeSeparator":"","_EventOrganizerID":[],"_EventVenueID":[],"_OrganizerEmail":"","_OrganizerPhone":"","_OrganizerWebsite":"","_VenueAddress":"","_VenueCity":"","_VenueCountry":"","_VenueProvince":"","_VenueState":"","_VenueZip":"","_VenuePhone":"","_VenueURL":"","_VenueStateProvince":"","_VenueLat":"","_VenueLng":"","_VenueShowMap":false,"_VenueShowMapLink":false,"footnotes":""},"class_list":["post-1699","page","type-page","status-publish","hentry"],"_links":{"self":[{"href":"https:\/\/szixi.hu\/web\/index.php\/wp-json\/wp\/v2\/pages\/1699","targetHints":{"allow":["GET"]}}],"collection":[{"href":"https:\/\/szixi.hu\/web\/index.php\/wp-json\/wp\/v2\/pages"}],"about":[{"href":"https:\/\/szixi.hu\/web\/index.php\/wp-json\/wp\/v2\/types\/page"}],"author":[{"embeddable":true,"href":"https:\/\/szixi.hu\/web\/index.php\/wp-json\/wp\/v2\/users\/1"}],"replies":[{"embeddable":true,"href":"https:\/\/szixi.hu\/web\/index.php\/wp-json\/wp\/v2\/comments?post=1699"}],"version-history":[{"count":6,"href":"https:\/\/szixi.hu\/web\/index.php\/wp-json\/wp\/v2\/pages\/1699\/revisions"}],"predecessor-version":[{"id":1813,"href":"https:\/\/szixi.hu\/web\/index.php\/wp-json\/wp\/v2\/pages\/1699\/revisions\/1813"}],"wp:attachment":[{"href":"https:\/\/szixi.hu\/web\/index.php\/wp-json\/wp\/v2\/media?parent=1699"}],"curies":[{"name":"wp","href":"https:\/\/api.w.org\/{rel}","templated":true}]}}