{"id":22,"date":"2016-09-23T16:26:04","date_gmt":"2016-09-23T16:26:04","guid":{"rendered":"http:\/\/szixi.hu\/web\/?page_id=22"},"modified":"2025-10-18T08:38:14","modified_gmt":"2025-10-18T07:38:14","slug":"csengetesi-rend","status":"publish","type":"page","link":"https:\/\/szixi.hu\/web\/index.php\/csengetesi-rend\/","title":{"rendered":"Csenget\u00e9si rend"},"content":{"rendered":"\n<h3 class=\"wp-block-heading has-text-align-left\"><strong>Norm\u00e1l csenget\u00e9si rend<\/strong><\/h3>\n\n\n\n<figure class=\"wp-block-table is-style-stripes has-extra-small-font-size\"><table class=\"has-fixed-layout\"><thead><tr><th>\u00d3ra<\/th><th class=\"has-text-align-center\" data-align=\"center\">Csenget\u00e9s<\/th><th class=\"has-text-align-center\" data-align=\"center\">Sz\u00fcnet<\/th><\/tr><\/thead><tbody><tr><td>\n<div class=\"style2\" align=\"center\">0.<\/div>\n<\/td><td class=\"has-text-align-center\" data-align=\"center\">\n<div class=\"style2\" align=\"center\">7:15 &#8211; 7:55<\/div>\n<\/td><td class=\"has-text-align-center\" data-align=\"center\">5 perc<\/td><\/tr><tr><td>\n<div class=\"style2\" align=\"center\">1.<\/div>\n<\/td><td class=\"has-text-align-center\" data-align=\"center\">\n<div class=\"style2\" align=\"center\">8:00 &#8211; 8:45<\/div>\n<\/td><td class=\"has-text-align-center\" data-align=\"center\">10 perc<\/td><\/tr><tr><td>\n<div class=\"style2\" align=\"center\">2.<\/div>\n<\/td><td class=\"has-text-align-center\" data-align=\"center\">\n<div class=\"style2\" align=\"center\">8:55 &#8211; 9:40<\/div>\n<\/td><td class=\"has-text-align-center\" data-align=\"center\">10 perc<\/td><\/tr><tr><td>\n<div class=\"style2\" align=\"center\">3.<\/div>\n<\/td><td class=\"has-text-align-center\" data-align=\"center\">\n<div class=\"style2\" align=\"center\">9:50 &#8211; 10:35<\/div>\n<\/td><td class=\"has-text-align-center\" data-align=\"center\">15 perc<\/td><\/tr><tr><td>\n<div class=\"style2\" align=\"center\">4.<\/div>\n<\/td><td class=\"has-text-align-center\" data-align=\"center\">\n<div class=\"style2\" align=\"center\">10:50 &#8211; 11:35<\/div>\n<\/td><td class=\"has-text-align-center\" data-align=\"center\">10 perc<\/td><\/tr><tr><td>\n<div class=\"style2\" align=\"center\">5.<\/div>\n<\/td><td class=\"has-text-align-center\" data-align=\"center\">\n<div class=\"style2\" align=\"center\">11:45 &#8211; 12:30<\/div>\n<\/td><td class=\"has-text-align-center\" data-align=\"center\">10 perc<\/td><\/tr><tr><td>\n<div class=\"style2\" align=\"center\">6.<\/div>\n<\/td><td class=\"has-text-align-center\" data-align=\"center\">\n<div class=\"style2\" align=\"center\">12:40 &#8211; 13:25<\/div>\n<\/td><td class=\"has-text-align-center\" data-align=\"center\">5 perc<\/td><\/tr><tr><td>\n<div class=\"style2\" align=\"center\">7.<\/div>\n<\/td><td class=\"has-text-align-center\" data-align=\"center\">\n<div class=\"style2\" align=\"center\">13:30 &#8211; 14:10<\/div>\n<\/td><td class=\"has-text-align-center\" data-align=\"center\">5 perc<\/td><\/tr><tr><td>\n<div class=\"style2\" align=\"center\">8.<\/div>\n<\/td><td class=\"has-text-align-center\" data-align=\"center\">\n<div class=\"style2\" align=\"center\">14:15 &#8211; 14:55<\/div>\n<\/td><td class=\"has-text-align-center\" data-align=\"center\">5 perc<\/td><\/tr><tr><td>\n<div class=\"style2\" align=\"center\">9.<\/div>\n<\/td><td class=\"has-text-align-center\" data-align=\"center\">\n<div class=\"style2\" align=\"center\">15:00 &#8211; 15:40<\/div>\n<\/td><td class=\"has-text-align-center\" data-align=\"center\">5 perc<\/td><\/tr><\/tbody><\/table><\/figure>\n\n\n\n<h3 class=\"wp-block-heading has-text-align-left\"><strong>R\u00f6vid\u00edtett \u00f3r\u00e1k csenget\u00e9si rendje<\/strong><\/h3>\n\n\n\n<figure class=\"wp-block-table is-style-stripes has-extra-small-font-size\"><table><thead><tr><th>\u00d3ra<\/th><th>Csenget\u00e9s<\/th><th class=\"has-text-align-center\" data-align=\"center\">Sz\u00fcnet<\/th><\/tr><\/thead><tbody><tr><td>\n<div class=\"style2\" align=\"center\">0.<\/div>\n<\/td><td>\n<div class=\"style2\" align=\"center\">7:20 &#8211; 7:55<\/div>\n<\/td><td class=\"has-text-align-center\" data-align=\"center\">5 perc<\/td><\/tr><tr><td>\n<div class=\"style2\" align=\"center\">1.<\/div>\n<\/td><td>\n<div class=\"style2\" align=\"center\">8:00 &#8211; 8:35<\/div>\n<\/td><td class=\"has-text-align-center\" data-align=\"center\">10 perc<\/td><\/tr><tr><td>\n<div class=\"style2\" align=\"center\">2.<\/div>\n<\/td><td>\n<div class=\"style2\" align=\"center\">8:45 &#8211; 9:20<\/div>\n<\/td><td class=\"has-text-align-center\" data-align=\"center\">10 perc<\/td><\/tr><tr><td>\n<div class=\"style2\" align=\"center\">3.<\/div>\n<\/td><td>\n<div class=\"style2\" align=\"center\">9:30 &#8211; 10:05<\/div>\n<\/td><td class=\"has-text-align-center\" data-align=\"center\">10 perc<\/td><\/tr><tr><td>\n<div class=\"style2\" align=\"center\">4.<\/div>\n<\/td><td>\n<div class=\"style2\" align=\"center\">10:15 &#8211; 10:50<\/div>\n<\/td><td class=\"has-text-align-center\" data-align=\"center\">10 perc<\/td><\/tr><tr><td>\n<div class=\"style2\" align=\"center\">5.<\/div>\n<\/td><td>\n<div class=\"style2\" align=\"center\">11:00 &#8211; 11:35<\/div>\n<\/td><td class=\"has-text-align-center\" data-align=\"center\">10 perc<\/td><\/tr><tr><td>\n<div class=\"style2\" align=\"center\">6.<\/div>\n<\/td><td>\n<div class=\"style2\" align=\"center\">11:40 &#8211; 12:15<\/div>\n<\/td><td class=\"has-text-align-center\" data-align=\"center\">10 perc<\/td><\/tr><tr><td>\n<div class=\"style2\" align=\"center\">7.<\/div>\n<\/td><td>\n<div class=\"style2\" align=\"center\">12:20 &#8211; 12:55<\/div>\n<\/td><td class=\"has-text-align-center\" data-align=\"center\">5 perc<\/td><\/tr><tr><td>\n<div class=\"style2\" align=\"center\">8.<\/div>\n<\/td><td>\n<div class=\"style2\" align=\"center\">13:00 &#8211; 13:35<\/div>\n<\/td><td class=\"has-text-align-center\" data-align=\"center\">5 perc<\/td><\/tr><tr><td>\n<div class=\"style2\" align=\"center\">9.<\/div>\n<\/td><td><div class=\"style2\" align=\"center\">13:40 &#8211; 14:15<\/div><\/td><td class=\"has-text-align-center\" data-align=\"center\">5 perc<\/td><\/tr><\/tbody><\/table><\/figure>\n","protected":false},"excerpt":{"rendered":"<p>Norm\u00e1l csenget\u00e9si rend \u00d3ra Csenget\u00e9s Sz\u00fcnet 0. 7:15 &#8211; 7:55 5 perc 1. 8:00 &#8211; 8:45 10 perc 2. 8:55 &#8211; 9:40 10 perc 3. 9:50 &#8211; 10:35 15 perc 4. 10:50 &#8211; 11:35 10 perc 5. 11:45 &#8211; 12:30 10 perc 6. 12:40 &#8211; 13:25 5 perc 7. 13:30 [&hellip;]<\/p>\n","protected":false},"author":1,"featured_media":0,"parent":0,"menu_order":0,"comment_status":"closed","ping_status":"closed","template":"","meta":{"_EventAllDay":false,"_EventTimezone":"","_EventStartDate":"","_EventEndDate":"","_EventStartDateUTC":"","_EventEndDateUTC":"","_EventShowMap":false,"_EventShowMapLink":false,"_EventURL":"","_EventCost":"","_EventCostDescription":"","_EventCurrencySymbol":"","_EventCurrencyCode":"","_EventCurrencyPosition":"","_EventDateTimeSeparator":"","_EventTimeRangeSeparator":"","_EventOrganizerID":[],"_EventVenueID":[],"_OrganizerEmail":"","_OrganizerPhone":"","_OrganizerWebsite":"","_VenueAddress":"","_VenueCity":"","_VenueCountry":"","_VenueProvince":"","_VenueState":"","_VenueZip":"","_VenuePhone":"","_VenueURL":"","_VenueStateProvince":"","_VenueLat":"","_VenueLng":"","_VenueShowMap":false,"_VenueShowMapLink":false,"footnotes":""},"class_list":["post-22","page","type-page","status-publish","hentry"],"_links":{"self":[{"href":"https:\/\/szixi.hu\/web\/index.php\/wp-json\/wp\/v2\/pages\/22","targetHints":{"allow":["GET"]}}],"collection":[{"href":"https:\/\/szixi.hu\/web\/index.php\/wp-json\/wp\/v2\/pages"}],"about":[{"href":"https:\/\/szixi.hu\/web\/index.php\/wp-json\/wp\/v2\/types\/page"}],"author":[{"embeddable":true,"href":"https:\/\/szixi.hu\/web\/index.php\/wp-json\/wp\/v2\/users\/1"}],"replies":[{"embeddable":true,"href":"https:\/\/szixi.hu\/web\/index.php\/wp-json\/wp\/v2\/comments?post=22"}],"version-history":[{"count":45,"href":"https:\/\/szixi.hu\/web\/index.php\/wp-json\/wp\/v2\/pages\/22\/revisions"}],"predecessor-version":[{"id":3843,"href":"https:\/\/szixi.hu\/web\/index.php\/wp-json\/wp\/v2\/pages\/22\/revisions\/3843"}],"wp:attachment":[{"href":"https:\/\/szixi.hu\/web\/index.php\/wp-json\/wp\/v2\/media?parent=22"}],"curies":[{"name":"wp","href":"https:\/\/api.w.org\/{rel}","templated":true}]}}