{"id":2878,"date":"2023-10-20T16:54:50","date_gmt":"2023-10-20T15:54:50","guid":{"rendered":"https:\/\/szixi.hu\/web\/?page_id=2878"},"modified":"2025-10-20T10:15:29","modified_gmt":"2025-10-20T09:15:29","slug":"felveteli-tajekoztato","status":"publish","type":"page","link":"https:\/\/szixi.hu\/web\/index.php\/felveteli-tajekoztato\/","title":{"rendered":"Felv\u00e9teli t\u00e1j\u00e9koztat\u00f3"},"content":{"rendered":"\n<ul class=\"wp-block-list\">\n<li><strong>Az iskola neve:&nbsp;<\/strong>Tatab\u00e1nyai Szakk\u00e9pz\u00e9si Centrum Sz\u00e9chenyi Istv\u00e1n Gazdas\u00e1gi \u00e9s Informatikai Technikum<\/li>\n\n\n\n<li><strong>OM:<\/strong>&nbsp;910006\/007<\/li>\n\n\n\n<li><strong>Az iskola c\u00edme:&nbsp;<\/strong>2900 Kom\u00e1rom, T\u00e1ncsics Mih\u00e1ly utca 75.<\/li>\n\n\n\n<li><strong>A tanulm\u00e1nyi ter\u00fcletet meghirdet\u0151 feladatell\u00e1t\u00e1si hely k\u00f3dja:<\/strong>&nbsp;007<\/li>\n\n\n\n<li><em>5 \u00e9ves, nappali tagozatos, iskolarendszer\u0171, \u00e9retts\u00e9gi \u00e9s szakmai vizsg\u00e1ra felk\u00e9sz\u00edt\u0151 k\u00e9pz\u00e9sek<\/em><\/li>\n<\/ul>\n\n\n\n<p class=\"has-text-align-center has-big-font-size\"><strong>Tanulm\u00e1nyi ter\u00fcletek<\/strong><\/p>\n\n\n\n<figure class=\"wp-block-table\"><table class=\"has-fixed-layout\"><thead><tr><th class=\"has-text-align-center\" data-align=\"center\">Tanulm\u00e1ny ter\u00fcleti k\u00f3dja<\/th><th>\u00c1gazat<\/th><th>Szakma megnevez\u00e9se<\/th><\/tr><\/thead><tbody><tr><td class=\"has-text-align-center\" data-align=\"center\"><strong>0120<\/strong><\/td><td>Gazd\u00e1lkod\u00e1s \u00e9s menedzsment<\/td><td>P\u00e9nz\u00fcgyi-sz\u00e1mviteli \u00fcgyint\u00e9z\u0151<\/td><\/tr><tr><td class=\"has-text-align-center\" data-align=\"center\"><strong>0121<\/strong><\/td><td>Gazd\u00e1lkod\u00e1s \u00e9s menedzsment<\/td><td>V\u00e1llalkoz\u00e1si \u00fcgyviteli \u00fcgyint\u00e9z\u0151<\/td><\/tr><tr><td class=\"has-text-align-center\" data-align=\"center\"><strong>0122<\/strong><\/td><td>Informatika \u00e9s t\u00e1vk\u00f6zl\u00e9s<\/td><td>Informatikai rendszer- \u00e9s alkalmaz\u00e1s-\u00fczemeltet\u0151<\/td><\/tr><\/tbody><\/table><\/figure>\n\n\n\n<p><strong>Felv\u00e9teli elj\u00e1r\u00e1s<\/strong><\/p>\n\n\n\n<p>A felv\u00e9teli pontsz\u00e1mot a k\u00f6vetkez\u0151 tant\u00e1rgyak 5.,&nbsp; 6.,&nbsp; 7. oszt\u00e1ly \u00e9vv\u00e9gi \u00e9s 8. oszt\u00e1ly f\u00e9l\u00e9vi oszt\u00e1lyzatainak \u00f6sszege adja: matematika (k\u00e9tszeres s\u00faly), magyar nyelv \u00e9s irodalom, t\u00f6rt\u00e9nelem \u00e9s idegen nyelv.<\/p>\n\n\n\n<p>Amennyiben tanul\u00f3 a felv\u00e9teli pontokba besz\u00e1m\u00edt\u00f3 t\u00e1rgyak valamelyik\u00e9b\u0151l mentes\u00edtve volt az \u00e9rt\u00e9kel\u00e9s \u00e9s min\u0151s\u00edt\u00e9s al\u00f3l, \u00e9s emiatt nem rendelkezik oszt\u00e1lyzattal, helyette a t\u00f6bbi megjel\u00f6lt tant\u00e1rgy \u00e1tlag\u00e1t vessz\u00fck figyelembe.&nbsp;<\/p>\n\n\n\n<p>Ha a tanul\u00f3 a magyar k\u00f6zoktat\u00e1si rendszert\u0151l elt\u00e9r\u0151 iskolarendszerben v\u00e9gezte tanulm\u00e1nyait valamelyik \u00e9vfolyamon, akkor az \u00e1ltal\u00e1nos iskol\u00e1ban szervezett oszt\u00e1lyoz\u00f3 vizsga eredm\u00e9nye ker\u00fcl besz\u00e1m\u00edt\u00e1sra.<\/p>\n\n\n\n<p>A matematika tant\u00e1rgy al\u00f3li felment\u00e9s a p\u00e9nz\u00fcgyi-sz\u00e1mviteli \u00fcgyint\u00e9z\u0151&nbsp; \u00e9s a v\u00e1llalkoz\u00e1si \u00fcgyviteli \u00fcgyint\u00e9z\u0151 szakm\u00e1ban, gazd\u00e1lkod\u00e1s \u00e9s menedzsment \u00e1gazatban, illetve az informatikai rendszer- \u00e9s alkalmaz\u00e1s-\u00fczemeltet\u0151 szakm\u00e1ban, informatika \u00e9s t\u00e1vk\u00f6zl\u00e9s \u00e1gazaton kiz\u00e1r\u00f3 ok.<\/p>\n\n\n\n<p>Magyar nyelv \u00e9s irodalom tant\u00e1rgy al\u00f3li felment\u00e9s egyik szakm\u00e1ban \u00e9s \u00e1gazatban sem kiz\u00e1r\u00f3 ok.<\/p>\n\n\n\n<p>Angol nyelv tant\u00e1rgy al\u00f3li felment\u00e9s egyik szakm\u00e1ban \u00e9s \u00e1gazatban sem kiz\u00e1r\u00f3 ok.<\/p>\n\n\n\n<p>Ha b\u00e1rmely a jelentkez\u0151 Tanul\u00f3 rendelkezik a Pedag\u00f3giai Szakszolg\u00e1lat Szak\u00e9rt\u0151i Bizotts\u00e1ga \u00e1ltal megalkotott Szak\u00e9rt\u0151i v\u00e9lem\u00e9nnyel (SNI vagy BTMN), annak csatol\u00e1sa az elektronikus jelentkez\u00e9skor is sz\u00fcks\u00e9ges.&nbsp;<\/p>\n\n\n\n<p>Kedvezm\u00e9nyek \u00e9s mentess\u00e9gek a k\u00f6z\u00e9pfok\u00fa felv\u00e9teli elj\u00e1r\u00e1s sor\u00e1n csak az \u00e9rv\u00e9nyes szak\u00e9rt\u0151i v\u00e9lem\u00e9nyek birtok\u00e1ban \u00e9rv\u00e9nyes\u00edthet\u0151k.&nbsp;<\/p>\n\n\n\n<p>Amennyiben a szak\u00e9rt\u0151i v\u00e9lem\u00e9nyben foglaltak k\u00e9s\u0151bb jutnak az int\u00e9zm\u00e9ny tudom\u00e1s\u00e1ra, az m\u00e9g sikeres felv\u00e9teli eset\u00e9ben is eredm\u00e9nyezheti azt, hogy a tanul\u00f3 nem tud jogviszonyt l\u00e9tes\u00edteni az adott k\u00f6z\u00e9pfok\u00fa int\u00e9zm\u00e9nnyel.<\/p>\n\n\n\n<p>Felh\u00edvjuk a figyelmet, hogy a saj\u00e1tos nevel\u00e9si ig\u00e9nyre vagy a beilleszked\u00e9si, tanul\u00e1si \u00e9s magatart\u00e1szavar neh\u00e9zs\u00e9g\u00e9re vonatkoz\u00f3 inform\u00e1ci\u00f3 visszatart\u00e1sa semmik\u00e9ppen nem seg\u00edti el\u0151 a beiskol\u00e1z\u00e1si folyamatot.<\/p>\n\n\n\n<p>SNI tanul\u00f3k a k\u00f6vetkez\u0151 \u00e1gazatok szakm\u00e1ira jelentkezhetnek:<\/p>\n\n\n\n<figure class=\"wp-block-table\"><table class=\"has-fixed-layout\"><tbody><tr><td class=\"has-text-align-center\" data-align=\"center\"><strong>Tanulm\u00e1nyi ter\u00fclet<\/strong><\/td><td class=\"has-text-align-center\" data-align=\"center\"><strong>\u00c1gazat<\/strong><\/td><td class=\"has-text-align-center\" data-align=\"center\"><strong>Szakma<\/strong><\/td><td><strong>SNI t\u00edpusa \u2013 aki jelentkeztethet\u0151<\/strong><\/td><\/tr><tr><td class=\"has-text-align-center\" data-align=\"center\"><strong>0120<\/strong><\/td><td class=\"has-text-align-center\" data-align=\"center\">Gazd\u00e1lkod\u00e1s \u00e9s menedzsment<\/td><td class=\"has-text-align-center\" data-align=\"center\">P\u00e9nz\u00fcgyi-sz\u00e1mviteli \u00fcgyint\u00e9z\u0151<\/td><td>besz\u00e9dfogyat\u00e9kos<\/td><\/tr><tr><td class=\"has-text-align-center\" data-align=\"center\"><strong>0121<\/strong><\/td><td class=\"has-text-align-center\" data-align=\"center\">Gazd\u00e1lkod\u00e1s \u00e9s menedzsment<\/td><td class=\"has-text-align-center\" data-align=\"center\">V\u00e1llalkoz\u00e1si \u00fcgyviteli \u00fcgyint\u00e9z\u0151<\/td><td>besz\u00e9dfogyat\u00e9kos<\/td><\/tr><tr><td class=\"has-text-align-center\" data-align=\"center\"><strong>0122<\/strong><\/td><td class=\"has-text-align-center\" data-align=\"center\">Informatika \u00e9s t\u00e1vk\u00f6zl\u00e9s<\/td><td class=\"has-text-align-center\" data-align=\"center\">Informatikai rendszer- \u00e9s alkalmaz\u00e1s-\u00fczemeltet\u0151<\/td><td>besz\u00e9dfogyat\u00e9kos<\/td><\/tr><\/tbody><\/table><\/figure>\n\n\n\n<p>A tanulm\u00e1nyi ter\u00fcletekre beilleszked\u00e9si, tanul\u00e1si, magatart\u00e1si neh\u00e9zs\u00e9ggel k\u00fczd\u0151 tanul\u00f3k is jelentkezhetnek<\/p>\n\n\n\n<p class=\"has-text-align-center has-tiny-font-size\"><em>P\u00e1lyaalkalmass\u00e1gi \u00e9s eg\u00e9szs\u00e9g\u00fcgyi alkalmass\u00e1g egyik szakm\u00e1n\u00e1l sincs.<\/em><\/p>\n\n\n\n<div class=\"wp-block-buttons is-content-justification-center is-layout-flex wp-container-core-buttons-is-layout-a89b3969 wp-block-buttons-is-layout-flex\">\n<div class=\"wp-block-button is-style-outline is-style-outline--1\"><a class=\"wp-block-button__link has-text-align-center wp-element-button\" href=\"https:\/\/szixi.hu\/web\/index.php\/technikumi-oktatas\/\">B\u0151vebb inform\u00e1ci\u00f3k a k\u00e9pz\u00e9seinkr\u0151l<\/a><\/div>\n<\/div>\n\n\n\n<p class=\"has-text-align-center has-big-font-size\"><strong>Kiemelt esem\u00e9nyeink<\/strong><\/p>\n\n\n\n<div class=\"wp-block-group is-content-justification-center is-nowrap is-layout-flex wp-container-core-group-is-layout-23441af8 wp-block-group-is-layout-flex\">\n<figure class=\"wp-block-image size-full is-resized\"><img loading=\"lazy\" decoding=\"async\" width=\"427\" height=\"431\" src=\"https:\/\/szixi.hu\/web\/wp-content\/uploads\/2025\/10\/PVK-1.png\" alt=\"\" class=\"wp-image-3763\" style=\"width:279px;height:auto\" srcset=\"https:\/\/szixi.hu\/web\/wp-content\/uploads\/2025\/10\/PVK-1.png 427w, https:\/\/szixi.hu\/web\/wp-content\/uploads\/2025\/10\/PVK-1-150x150.png 150w\" sizes=\"auto, (max-width: 427px) 100vw, 427px\" \/><\/figure>\n\n\n\n<figure class=\"wp-block-image size-full is-resized\"><img loading=\"lazy\" decoding=\"async\" width=\"427\" height=\"431\" src=\"https:\/\/szixi.hu\/web\/wp-content\/uploads\/2025\/10\/nyiilt1.png\" alt=\"\" class=\"wp-image-3762\" style=\"width:276px;height:auto\" srcset=\"https:\/\/szixi.hu\/web\/wp-content\/uploads\/2025\/10\/nyiilt1.png 427w, https:\/\/szixi.hu\/web\/wp-content\/uploads\/2025\/10\/nyiilt1-150x150.png 150w\" sizes=\"auto, (max-width: 427px) 100vw, 427px\" \/><\/figure>\n\n\n\n<figure class=\"wp-block-image size-full is-resized\"><img loading=\"lazy\" decoding=\"async\" width=\"427\" height=\"431\" src=\"https:\/\/szixi.hu\/web\/wp-content\/uploads\/2025\/10\/nyiilt2.png\" alt=\"\" class=\"wp-image-3764\" style=\"width:281px;height:auto\" srcset=\"https:\/\/szixi.hu\/web\/wp-content\/uploads\/2025\/10\/nyiilt2.png 427w, https:\/\/szixi.hu\/web\/wp-content\/uploads\/2025\/10\/nyiilt2-150x150.png 150w\" sizes=\"auto, (max-width: 427px) 100vw, 427px\" \/><\/figure>\n<\/div>\n\n\n\n<p class=\"has-text-align-center has-tiny-font-size\">El\u0151zetes regisztr\u00e1ci\u00f3s nem sz\u00fcks\u00e9ges<\/p>\n","protected":false},"excerpt":{"rendered":"<p>Tanulm\u00e1nyi ter\u00fcletek Tanulm\u00e1ny ter\u00fcleti k\u00f3dja \u00c1gazat Szakma megnevez\u00e9se 0120 Gazd\u00e1lkod\u00e1s \u00e9s menedzsment P\u00e9nz\u00fcgyi-sz\u00e1mviteli \u00fcgyint\u00e9z\u0151 0121 Gazd\u00e1lkod\u00e1s \u00e9s menedzsment V\u00e1llalkoz\u00e1si \u00fcgyviteli \u00fcgyint\u00e9z\u0151 0122 Informatika \u00e9s t\u00e1vk\u00f6zl\u00e9s Informatikai rendszer- \u00e9s alkalmaz\u00e1s-\u00fczemeltet\u0151 Felv\u00e9teli elj\u00e1r\u00e1s A felv\u00e9teli pontsz\u00e1mot a k\u00f6vetkez\u0151 tant\u00e1rgyak 5.,&nbsp; 6.,&nbsp; 7. oszt\u00e1ly \u00e9vv\u00e9gi \u00e9s 8. oszt\u00e1ly f\u00e9l\u00e9vi oszt\u00e1lyzatainak \u00f6sszege adja: matematika [&hellip;]<\/p>\n","protected":false},"author":1,"featured_media":0,"parent":0,"menu_order":0,"comment_status":"closed","ping_status":"closed","template":"","meta":{"_EventAllDay":false,"_EventTimezone":"","_EventStartDate":"","_EventEndDate":"","_EventStartDateUTC":"","_EventEndDateUTC":"","_EventShowMap":false,"_EventShowMapLink":false,"_EventURL":"","_EventCost":"","_EventCostDescription":"","_EventCurrencySymbol":"","_EventCurrencyCode":"","_EventCurrencyPosition":"","_EventDateTimeSeparator":"","_EventTimeRangeSeparator":"","_EventOrganizerID":[],"_EventVenueID":[],"_OrganizerEmail":"","_OrganizerPhone":"","_OrganizerWebsite":"","_VenueAddress":"","_VenueCity":"","_VenueCountry":"","_VenueProvince":"","_VenueState":"","_VenueZip":"","_VenuePhone":"","_VenueURL":"","_VenueStateProvince":"","_VenueLat":"","_VenueLng":"","_VenueShowMap":false,"_VenueShowMapLink":false,"footnotes":""},"class_list":["post-2878","page","type-page","status-publish","hentry"],"_links":{"self":[{"href":"https:\/\/szixi.hu\/web\/index.php\/wp-json\/wp\/v2\/pages\/2878","targetHints":{"allow":["GET"]}}],"collection":[{"href":"https:\/\/szixi.hu\/web\/index.php\/wp-json\/wp\/v2\/pages"}],"about":[{"href":"https:\/\/szixi.hu\/web\/index.php\/wp-json\/wp\/v2\/types\/page"}],"author":[{"embeddable":true,"href":"https:\/\/szixi.hu\/web\/index.php\/wp-json\/wp\/v2\/users\/1"}],"replies":[{"embeddable":true,"href":"https:\/\/szixi.hu\/web\/index.php\/wp-json\/wp\/v2\/comments?post=2878"}],"version-history":[{"count":18,"href":"https:\/\/szixi.hu\/web\/index.php\/wp-json\/wp\/v2\/pages\/2878\/revisions"}],"predecessor-version":[{"id":3870,"href":"https:\/\/szixi.hu\/web\/index.php\/wp-json\/wp\/v2\/pages\/2878\/revisions\/3870"}],"wp:attachment":[{"href":"https:\/\/szixi.hu\/web\/index.php\/wp-json\/wp\/v2\/media?parent=2878"}],"curies":[{"name":"wp","href":"https:\/\/api.w.org\/{rel}","templated":true}]}}