{"id":3241,"date":"2025-08-29T06:51:32","date_gmt":"2025-08-29T05:51:32","guid":{"rendered":"https:\/\/szixi.hu\/web\/?page_id=3241"},"modified":"2026-01-30T11:14:27","modified_gmt":"2026-01-30T10:14:27","slug":"ingyenes-felnottkepzes-es-felnottoktatas","status":"publish","type":"page","link":"https:\/\/szixi.hu\/web\/index.php\/ingyenes-felnottkepzes-es-felnottoktatas\/","title":{"rendered":"Feln\u0151ttk\u00e9pz\u00e9s \u00e9s feln\u0151ttoktat\u00e1s"},"content":{"rendered":"\n<p class=\"has-extra-large-font-size\"><strong>Ingyenes k\u00e9pz\u00e9sek<\/strong><\/p>\n\n\n\n<hr class=\"wp-block-separator has-alpha-channel-opacity is-style-wide\"\/>\n\n\n\n<p class=\"has-medium-font-size\"><strong>\u00c9rdekli az informatika vagy a k\u00f6zgazdas\u00e1gtan vil\u00e1ga?<\/strong><br>Szeretn\u00e9 elsaj\u00e1t\u00edtani a szakma alapjait \u00e9s biztos j\u00f6v\u0151t \u00e9p\u00edteni?<br>V\u00e1lassza ki az \u00d6n sz\u00e1m\u00e1ra leg\u00e9rdekesebb ter\u00fcletet, ismerje meg a felt\u00e9teleket, \u00e9s <strong>jelentkezzen most <\/strong>!<\/p>\n\n\n\n<div class=\"wp-block-cover\" style=\"min-height:304px;aspect-ratio:unset;\"><img loading=\"lazy\" decoding=\"async\" width=\"1000\" height=\"838\" class=\"wp-block-cover__image-background wp-image-2814\" alt=\"\" src=\"https:\/\/szixi.hu\/web\/wp-content\/uploads\/2023\/08\/it-support-technician_0.jpg\" data-object-fit=\"cover\" srcset=\"https:\/\/szixi.hu\/web\/wp-content\/uploads\/2023\/08\/it-support-technician_0.jpg 1000w, https:\/\/szixi.hu\/web\/wp-content\/uploads\/2023\/08\/it-support-technician_0-768x644.jpg 768w\" sizes=\"auto, (max-width: 1000px) 100vw, 1000px\" \/><span aria-hidden=\"true\" class=\"wp-block-cover__background has-background-dim\"><\/span><div class=\"wp-block-cover__inner-container is-layout-flow wp-block-cover-is-layout-flow\">\n<p class=\"has-text-align-center has-background-color has-text-color has-link-color has-large-font-size wp-elements-34ad150c0daf2c27a60b8647911bc75f\"><strong>Informatikai rendszer- \u00e9s alkalmaz\u00e1s-\u00fczemeltet\u0151 technikus<\/strong><\/p>\n\n\n\n<div class=\"wp-block-buttons is-content-justification-center is-layout-flex wp-container-core-buttons-is-layout-a89b3969 wp-block-buttons-is-layout-flex\">\n<div class=\"wp-block-button\"><a class=\"wp-block-button__link wp-element-button\" href=\"https:\/\/szixi.hu\/web\/index.php\/informatikai-rendszer-es-alkalmazas-uzemelteto-technikus-2\/\"><strong>R\u00e9szletek<\/strong><\/a><\/div>\n<\/div>\n<\/div><\/div>\n\n\n\n<div class=\"wp-block-cover is-light\" style=\"min-height:293px;aspect-ratio:unset;\"><img loading=\"lazy\" decoding=\"async\" width=\"2000\" height=\"1333\" class=\"wp-block-cover__image-background wp-image-2808\" alt=\"\" src=\"https:\/\/szixi.hu\/web\/wp-content\/uploads\/2023\/08\/careers-in-corporate-finance.jpg\" data-object-fit=\"cover\" srcset=\"https:\/\/szixi.hu\/web\/wp-content\/uploads\/2023\/08\/careers-in-corporate-finance.jpg 2000w, https:\/\/szixi.hu\/web\/wp-content\/uploads\/2023\/08\/careers-in-corporate-finance-768x512.jpg 768w, https:\/\/szixi.hu\/web\/wp-content\/uploads\/2023\/08\/careers-in-corporate-finance-1536x1024.jpg 1536w\" sizes=\"auto, (max-width: 2000px) 100vw, 2000px\" \/><span aria-hidden=\"true\" class=\"wp-block-cover__background has-background-dim\"><\/span><div class=\"wp-block-cover__inner-container is-layout-flow wp-block-cover-is-layout-flow\">\n<p class=\"has-text-align-center has-background-color has-text-color has-link-color has-large-font-size wp-elements-747698a8f03ece72dc2ac283992dfd44\"><strong>P\u00e9nz\u00fcgyi-sz\u00e1mviteli \u00fcgyint\u00e9z\u0151<\/strong><\/p>\n\n\n\n<div class=\"wp-block-buttons is-content-justification-center is-layout-flex wp-container-core-buttons-is-layout-a89b3969 wp-block-buttons-is-layout-flex\">\n<div class=\"wp-block-button aligncenter\"><a class=\"wp-block-button__link wp-element-button\" href=\"https:\/\/szixi.hu\/web\/index.php\/penzugyi-szamviteli-ugyintezo-2\/\"><strong>R\u00e9szletek<\/strong><\/a><\/div>\n<\/div>\n<\/div><\/div>\n\n\n\n<div class=\"wp-block-cover is-light wp-duotone-rgb000-rgb254254254-1\" style=\"min-height:289px;aspect-ratio:unset;\"><img loading=\"lazy\" decoding=\"async\" width=\"800\" height=\"600\" class=\"wp-block-cover__image-background wp-image-2809\" alt=\"\" src=\"https:\/\/szixi.hu\/web\/wp-content\/uploads\/2023\/08\/iStock-995734014.jpg\" style=\"object-position:50% 24%\" data-object-fit=\"cover\" data-object-position=\"50% 24%\" srcset=\"https:\/\/szixi.hu\/web\/wp-content\/uploads\/2023\/08\/iStock-995734014.jpg 800w, https:\/\/szixi.hu\/web\/wp-content\/uploads\/2023\/08\/iStock-995734014-768x576.jpg 768w\" sizes=\"auto, (max-width: 800px) 100vw, 800px\" \/><span aria-hidden=\"true\" class=\"wp-block-cover__background has-background-dim\"><\/span><div class=\"wp-block-cover__inner-container is-layout-flow wp-block-cover-is-layout-flow\">\n<p class=\"has-text-align-center has-background-color has-text-color has-link-color has-large-font-size wp-elements-40a315df3159b1fb1e866f7a04825d73\"><strong>Munkaer\u0151-gazd\u00e1lkod\u00e1s \u00e9s t\u00e1rsadalombiztos\u00edt\u00e1si \u00fcgyint\u00e9z\u0151<\/strong><\/p>\n\n\n\n<div class=\"wp-block-buttons is-content-justification-center is-layout-flex wp-container-core-buttons-is-layout-a89b3969 wp-block-buttons-is-layout-flex\">\n<div class=\"wp-block-button aligncenter\"><a class=\"wp-block-button__link has-vivid-red-background-color has-background wp-element-button\" href=\"https:\/\/szixi.hu\/web\/index.php\/munkaero-gazdalkodas-es-tarsadalombiztositasi-ugyintezo\/\"><strong>A<\/strong> jelentkez\u00e9s lez\u00e1rult<\/a><\/div>\n<\/div>\n<\/div><\/div>\n\n\n\n<figure class=\"wp-block-embed is-type-video is-provider-youtube wp-block-embed-youtube wp-embed-aspect-16-9 wp-has-aspect-ratio\"><div class=\"wp-block-embed__wrapper\">\n<iframe loading=\"lazy\" title=\"TSZC - Feln\u0151ttek oktat\u00e1sa - Szakm\u00e1t v\u00e1lt\u00f3k\" width=\"500\" height=\"281\" src=\"https:\/\/www.youtube.com\/embed\/O5ug7n5ED0E?feature=oembed\" frameborder=\"0\" allow=\"accelerometer; autoplay; clipboard-write; encrypted-media; gyroscope; picture-in-picture; web-share\" referrerpolicy=\"strict-origin-when-cross-origin\" allowfullscreen><\/iframe>\n<\/div><\/figure>\n\n\n\n<blockquote class=\"wp-block-quote has-medium-font-size is-layout-flow wp-block-quote-is-layout-flow\" style=\"font-style:normal;font-weight:500\">\n<p class=\"has-big-font-size\"><strong>Feln\u0151ttk\u00e9nt szerezhetek szakm\u00e1t vagy szakk\u00e9pes\u00edt\u00e9st az iskol\u00e1ban?<\/strong><\/p>\n<cite>Igen! Az \u00e1llami szakk\u00e9pz\u0151 int\u00e9zm\u00e9nyek, valamint az egy\u00fcttm\u0171k\u00f6d\u00e9si meg\u00e1llapod\u00e1ssal rendelkez\u0151 nem \u00e1llami szakk\u00e9pz\u0151 int\u00e9zm\u00e9nyek lehet\u0151s\u00e9get biztos\u00edtanak arra, hogy feln\u0151ttk\u00e9nt is t\u00e9r\u00edt\u00e9smentesen tanuljon. Az els\u0151 k\u00e9t szakma megszerz\u00e9se feln\u0151ttk\u00e9pz\u00e9si jogviszonyban is ingyenes azok sz\u00e1m\u00e1ra, akik jogosultak az ingyenes szakk\u00e9pz\u00e9sre. Ingyenes k\u00e9pz\u00e9seinken az els\u0151 k\u00e9pes\u00edt\u0151 vizsg\u00e1ig nem kell tand\u00edjat fizetnie, ha m\u00e9g nem rendelkezik az \u00faj szakk\u00e9pz\u00e9si rendszerben megszerzett szakk\u00e9pes\u00edt\u00e9ssel.<\/cite><\/blockquote>\n\n\n\n<blockquote class=\"wp-block-quote has-medium-font-size is-layout-flow wp-block-quote-is-layout-flow\">\n<p class=\"has-big-font-size\"><strong>Munka mellett is szerezhetek szakm\u00e1t vagy \u00e1llamilag elismert szakk\u00e9pes\u00edt\u00e9st?<\/strong><\/p>\n<cite>Igen! A feln\u0151ttek sz\u00e1m\u00e1ra az iskol\u00e1k rugalmas form\u00e1ban k\u00edn\u00e1lnak szakmai oktat\u00e1st \u00e9s k\u00e9pz\u00e9st \u2013 ak\u00e1r munka mellett is. A tanul\u00e1s sok helyen r\u00f6vid id\u0151 alatt teljes\u00edthet\u0151, gyakran esti \u00f3r\u00e1kban vagy h\u00e9tv\u00e9g\u00e9n. Az egyes int\u00e9zm\u00e9nyek programjai elt\u00e9rhetnek egym\u00e1st\u00f3l, hiszen a k\u00e9pz\u00e9seket mindig a hivatalos k\u00f6vetelm\u00e9nyekhez \u00e9s a helyi ig\u00e9nyekhez igaz\u00edtj\u00e1k. <strong>A k\u00e9pz\u00e9sek id\u0151pontjair\u00f3l, \u00e9s hossz\u00e1r\u00f3l a r\u00e9szletes le\u00edr\u00e1sokban olvashat.<\/strong><\/cite><\/blockquote>\n\n\n\n<figure class=\"wp-block-image size-full is-resized\"><img loading=\"lazy\" decoding=\"async\" width=\"1500\" height=\"500\" src=\"https:\/\/szixi.hu\/web\/wp-content\/uploads\/2025\/08\/a4196ae9-7572-4d89-9cae-245b290106e8.jpg\" alt=\"Feln\u0151ttoktat\u00e1s ingyenes\" class=\"wp-image-3266\" style=\"width:1180px;height:392px\" srcset=\"https:\/\/szixi.hu\/web\/wp-content\/uploads\/2025\/08\/a4196ae9-7572-4d89-9cae-245b290106e8.jpg 1500w, https:\/\/szixi.hu\/web\/wp-content\/uploads\/2025\/08\/a4196ae9-7572-4d89-9cae-245b290106e8-768x256.jpg 768w\" sizes=\"auto, (max-width: 1500px) 100vw, 1500px\" \/><\/figure>\n\n\n\n<p class=\"has-big-font-size\">V\u00e1lassza ki az \u00d6n sz\u00e1m\u00e1ra leg\u00e9rdekesebb ter\u00fcletet, ismerje meg a felt\u00e9teleket, \u00e9s <strong>jelentkezzen most <\/strong>!<\/p>\n\n\n\n<hr class=\"wp-block-separator has-alpha-channel-opacity is-style-wide\"\/>\n\n\n\n<blockquote class=\"wp-block-quote is-layout-flow wp-block-quote-is-layout-flow\">\n<h3 class=\"wp-block-heading\"><strong>El\u00e9rhet\u0151s\u00e9geink:<\/strong><\/h3>\n\n\n\n<ul class=\"wp-block-list\">\n<li>E-mail: felnottoktatas@szixi.hu&nbsp;<\/li>\n<\/ul>\n\n\n\n<ul class=\"wp-block-list\">\n<li>Telefon: (70) 684-8498<\/li>\n<\/ul>\n\n\n\n<ul class=\"wp-block-list\">\n<li>C\u00edm: 2900 Kom\u00e1rom, T\u00e1ncsics Mih\u00e1ly utca 75.<\/li>\n<\/ul>\n<\/blockquote>\n","protected":false},"excerpt":{"rendered":"<p>Ingyenes k\u00e9pz\u00e9sek \u00c9rdekli az informatika vagy a k\u00f6zgazdas\u00e1gtan vil\u00e1ga?Szeretn\u00e9 elsaj\u00e1t\u00edtani a szakma alapjait \u00e9s biztos j\u00f6v\u0151t \u00e9p\u00edteni?V\u00e1lassza ki az \u00d6n sz\u00e1m\u00e1ra leg\u00e9rdekesebb ter\u00fcletet, ismerje meg a felt\u00e9teleket, \u00e9s jelentkezzen most ! Feln\u0151ttk\u00e9nt szerezhetek szakm\u00e1t vagy szakk\u00e9pes\u00edt\u00e9st az iskol\u00e1ban? Igen! Az \u00e1llami szakk\u00e9pz\u0151 int\u00e9zm\u00e9nyek, valamint az egy\u00fcttm\u0171k\u00f6d\u00e9si meg\u00e1llapod\u00e1ssal rendelkez\u0151 nem \u00e1llami [&hellip;]<\/p>\n","protected":false},"author":1,"featured_media":0,"parent":0,"menu_order":0,"comment_status":"closed","ping_status":"closed","template":"","meta":{"_EventAllDay":false,"_EventTimezone":"","_EventStartDate":"","_EventEndDate":"","_EventStartDateUTC":"","_EventEndDateUTC":"","_EventShowMap":false,"_EventShowMapLink":false,"_EventURL":"","_EventCost":"","_EventCostDescription":"","_EventCurrencySymbol":"","_EventCurrencyCode":"","_EventCurrencyPosition":"","_EventDateTimeSeparator":"","_EventTimeRangeSeparator":"","_EventOrganizerID":[],"_EventVenueID":[],"_OrganizerEmail":"","_OrganizerPhone":"","_OrganizerWebsite":"","_VenueAddress":"","_VenueCity":"","_VenueCountry":"","_VenueProvince":"","_VenueState":"","_VenueZip":"","_VenuePhone":"","_VenueURL":"","_VenueStateProvince":"","_VenueLat":"","_VenueLng":"","_VenueShowMap":false,"_VenueShowMapLink":false,"footnotes":""},"class_list":["post-3241","page","type-page","status-publish","hentry"],"_links":{"self":[{"href":"https:\/\/szixi.hu\/web\/index.php\/wp-json\/wp\/v2\/pages\/3241","targetHints":{"allow":["GET"]}}],"collection":[{"href":"https:\/\/szixi.hu\/web\/index.php\/wp-json\/wp\/v2\/pages"}],"about":[{"href":"https:\/\/szixi.hu\/web\/index.php\/wp-json\/wp\/v2\/types\/page"}],"author":[{"embeddable":true,"href":"https:\/\/szixi.hu\/web\/index.php\/wp-json\/wp\/v2\/users\/1"}],"replies":[{"embeddable":true,"href":"https:\/\/szixi.hu\/web\/index.php\/wp-json\/wp\/v2\/comments?post=3241"}],"version-history":[{"count":19,"href":"https:\/\/szixi.hu\/web\/index.php\/wp-json\/wp\/v2\/pages\/3241\/revisions"}],"predecessor-version":[{"id":4225,"href":"https:\/\/szixi.hu\/web\/index.php\/wp-json\/wp\/v2\/pages\/3241\/revisions\/4225"}],"wp:attachment":[{"href":"https:\/\/szixi.hu\/web\/index.php\/wp-json\/wp\/v2\/media?parent=3241"}],"curies":[{"name":"wp","href":"https:\/\/api.w.org\/{rel}","templated":true}]}}