{"id":3243,"date":"2025-08-29T06:52:52","date_gmt":"2025-08-29T05:52:52","guid":{"rendered":"https:\/\/szixi.hu\/web\/?page_id=3243"},"modified":"2026-03-11T09:20:22","modified_gmt":"2026-03-11T08:20:22","slug":"informatikai-rendszer-es-alkalmazas-uzemelteto-technikus-2","status":"publish","type":"page","link":"https:\/\/szixi.hu\/web\/index.php\/informatikai-rendszer-es-alkalmazas-uzemelteto-technikus-2\/","title":{"rendered":"Informatikai rendszer- \u00e9s alkalmaz\u00e1s-\u00fczemeltet\u0151 technikus"},"content":{"rendered":"\n<div class=\"wp-block-group is-vertical is-layout-flex wp-container-core-group-is-layout-fe9cc265 wp-block-group-is-layout-flex\">\n<div class=\"wp-block-group has-background-secondary-background-color has-background is-layout-constrained wp-block-group-is-layout-constrained\">\n<div class=\"wp-block-group is-layout-constrained wp-block-group-is-layout-constrained\">\n<div class=\"wp-block-group is-layout-constrained wp-block-group-is-layout-constrained\">\n<p>Alap adatok: <\/p>\n\n\n\n<p>Az \u00e1gazat megnevez\u00e9se: Informatika \u00e9s t\u00e1vk\u00f6zl\u00e9s<br>A szakma megnevez\u00e9se: Informatikai rendszer- \u00e9s alkalmaz\u00e1s-\u00fczemeltet\u0151 technikus<br>A szakma azonos\u00edt\u00f3 sz\u00e1ma: 5 0612 12 02<br>A szakma Eur\u00f3pai K\u00e9pes\u00edt\u00e9si Keretrendszer szerinti szintje: 5<br>A szakma Magyar K\u00e9pes\u00edt\u00e9si Keretrendszer szerinti szintje: 5<br>\u00c1gazati alapoktat\u00e1s megnevez\u00e9se: Informatika \u00e9s t\u00e1vk\u00f6zl\u00e9s<\/p>\n<\/div>\n\n\n\n<div class=\"wp-block-group is-layout-constrained wp-block-group-is-layout-constrained\">\n<div class=\"wp-block-group is-layout-constrained wp-block-group-is-layout-constrained\">\n<p>R\u00f6vid le\u00edr\u00e1s:<\/p>\n\n\n\n<p>Az <strong>Informatikai rendszer- \u00e9s alkalmaz\u00e1s\u00fczemeltet\u0151 technikus<\/strong> k\u00e9pz\u00e9s feln\u0151ttoktat\u00e1s keret\u00e9ben olyan gyakorlati informatikai tud\u00e1st ny\u00fajt, amely felk\u00e9sz\u00edti a r\u00e9sztvev\u0151ket informatikai rendszerek \u00e9s alkalmaz\u00e1sok \u00fczemeltet\u00e9s\u00e9re, fel\u00fcgyelet\u00e9re \u00e9s karbantart\u00e1s\u00e1ra. A k\u00e9pz\u00e9s sor\u00e1n a tanul\u00f3k megismerkednek a sz\u00e1m\u00edt\u00f3g\u00e9pes h\u00e1l\u00f3zatok alapjaival, szerverek \u00e9s oper\u00e1ci\u00f3s rendszerek kezel\u00e9s\u00e9vel, adatbiztons\u00e1gi alapelvekkel, valamint az alkalmaz\u00e1sok m\u0171k\u00f6dtet\u00e9s\u00e9vel \u00e9s hibakezel\u00e9s\u00e9vel. A v\u00e9gzettek k\u00e9pesek informatikai k\u00f6rnyezetek stabil \u00e9s biztons\u00e1gos m\u0171k\u00f6d\u00e9s\u00e9nek biztos\u00edt\u00e1s\u00e1ra.<\/p>\n<\/div>\n<\/div>\n<\/div>\n\n\n\n<p>Jelentkezni lehet az iskol\u00e1ban szem\u00e9lyesen, vagy az al\u00e1bbi <a href=\"https:\/\/forms.gle\/1Y2soKiAoyocNnm17\" data-type=\"link\" data-id=\"https:\/\/forms.gle\/1Y2soKiAoyocNnm17\">\u0171rlap <\/a>kit\u00f6lt\u00e9s\u00e9vel: <a href=\"https:\/\/forms.gle\/1Y2soKiAoyocNnm17\">https:\/\/forms.gle\/1Y2soKiAoyocNnm17<\/a><\/p>\n\n\n\n<p class=\"has-big-font-size\"><strong>Becsatlakoz\u00e1s jelentkez\u00e9si hat\u00e1rideje: 2026. \u00e1prilis 30.<\/strong><\/p>\n\n\n\n<p class=\"has-medium-font-size\"><strong>A k\u00e9pz\u00e9s v\u00e1rhat\u00f3 kezdete: A k\u00e9pz\u00e9s m\u00e1r elkezd\u0151d\u00f6tt<\/strong><\/p>\n\n\n\n<div class=\"wp-block-group is-layout-constrained wp-block-group-is-layout-constrained\">\n<p>Inform\u00e1ci\u00f3k: <\/p>\n\n\n\n<ul class=\"wp-block-list\">\n<li> A jelentkez\u00e9s felt\u00e9tele: <strong>\u00e9retts\u00e9gi<\/strong> bizony\u00edtv\u00e1ny<\/li>\n\n\n\n<li>A k\u00e9pz\u00e9si id\u0151 15 h\u00f3nap, ez\u00e9rt a k\u00e9pz\u00e9s v\u00e9ge 2026.febru\u00e1r 02-i indul\u00e1ssal v\u00e1rhat\u00f3an 2027. \u00e1prilis 30-\u00e1n fejez\u0151dik be a tavaszi vizsgaid\u0151szakban.<\/li>\n\n\n\n<li>Az \u00e1gazati alapoktat\u00e1s befejez\u00e9se 2026. m\u00e1jus\u00e1ban az \u00e1gazati alapvizsg\u00e1val z\u00e1rul.<\/li>\n\n\n\n<li>A k\u00e9pz\u00e9si napok: h\u00e9tf\u0151, kedd \u00e9s cs\u00fct\u00f6rt\u00f6k<\/li>\n\n\n\n<li><strong>H\u00e9tf\u0151n, kedden<\/strong> az oktat\u00e1s <strong>jelenl\u00e9ti <\/strong>form\u00e1ban ker\u00fcl megszervez\u00e9sre az iskola \u00e9p\u00fclet\u00e9ben 16:00-t\u00f3l. <strong>Cs\u00fct\u00f6rt\u00f6k\u00f6nk\u00e9nt online <\/strong>form\u00e1ban, szint\u00e9n 16:00-t\u00f3l. Az online oktat\u00e1s megval\u00f3sulhat e-learning, valamint \u00e9l\u0151 online form\u00e1ban is.<\/li>\n\n\n\n<li>A k\u00e9pz\u00e9st sikeresen elv\u00e9gz\u0151 szem\u00e9ly szakmai k\u00e9pes\u00edt\u00e9st kap amelynek megnevez\u00e9se: Informatikai rendszer- \u00e9s alkalmaz\u00e1s-\u00fczemeltet\u0151 technikus (5 0612 12 02)<\/li>\n\n\n\n<li>A k\u00e9pz\u00e9s ind\u00edt\u00e1sa a minim\u00e1lisan sz\u00fcks\u00e9ges l\u00e9tsz\u00e1m megl\u00e9t\u00e9hez k\u00f6t\u00f6tt.<\/li>\n<\/ul>\n<\/div>\n\n\n\n<div class=\"wp-block-group is-vertical is-layout-flex wp-container-core-group-is-layout-fe9cc265 wp-block-group-is-layout-flex\">\n<div class=\"wp-block-group is-vertical is-layout-flex wp-container-core-group-is-layout-fe9cc265 wp-block-group-is-layout-flex\">\n<div class=\"wp-block-group is-layout-constrained wp-block-group-is-layout-constrained\">\n<p>El\u00e9rhet\u0151s\u00e9gek:<\/p>\n\n\n\n<ul class=\"wp-block-list\">\n<li>E-mail: <a href=\"mailto:felnottoktatas@szixi.hu\" data-type=\"mailto\" data-id=\"mailto:felnottoktatas@szixi.hu\">felnottoktatas@szixi.hu<\/a><\/li>\n\n\n\n<li>Telefon: (70) 684-8498<\/li>\n\n\n\n<li>C\u00edm: 2900 Kom\u00e1rom, T\u00e1ncsics Mih\u00e1ly utca 75.<\/li>\n<\/ul>\n<\/div>\n<\/div>\n<\/div>\n\n\n\n<blockquote class=\"wp-block-quote is-layout-flow wp-block-quote-is-layout-flow\">\n<p>Ha szeretn\u00e9l olyan szakm\u00e1t, amellyel keresett \u00e9s j\u00f3l fizetett szakember lehetsz a munkaer\u0151piacon, akkor ne habozz jelentkezni. Az Informatikai rendszer- \u00e9s alkalmaz\u00e1s\u00fczemeltet\u0151 technikus szakm\u00e1val biztos karriert \u00e9s folyamatos fejl\u0151d\u00e9si lehet\u0151s\u00e9get \u00e9p\u00edthetsz, ak\u00e1r v\u00e1rosunkban Kom\u00e1romban is. L\u00e9gy te is informatikus!<\/p>\n<\/blockquote>\n<\/div>\n<\/div>\n\n\n\n<p><a href=\"https:\/\/szixi.hu\/web\/index.php\/ingyenes-felnottkepzes-es-felnottoktatas\/\" data-type=\"page\" data-id=\"3241\">&lt;&lt; Vissza<\/a><\/p>\n","protected":false},"excerpt":{"rendered":"<p>Alap adatok: Az \u00e1gazat megnevez\u00e9se: Informatika \u00e9s t\u00e1vk\u00f6zl\u00e9sA szakma megnevez\u00e9se: Informatikai rendszer- \u00e9s alkalmaz\u00e1s-\u00fczemeltet\u0151 technikusA szakma azonos\u00edt\u00f3 sz\u00e1ma: 5 0612 12 02A szakma Eur\u00f3pai K\u00e9pes\u00edt\u00e9si Keretrendszer szerinti szintje: 5A szakma Magyar K\u00e9pes\u00edt\u00e9si Keretrendszer szerinti szintje: 5\u00c1gazati alapoktat\u00e1s megnevez\u00e9se: Informatika \u00e9s t\u00e1vk\u00f6zl\u00e9s R\u00f6vid le\u00edr\u00e1s: Az Informatikai rendszer- \u00e9s alkalmaz\u00e1s\u00fczemeltet\u0151 technikus k\u00e9pz\u00e9s [&hellip;]<\/p>\n","protected":false},"author":1,"featured_media":0,"parent":0,"menu_order":0,"comment_status":"closed","ping_status":"closed","template":"","meta":{"_EventAllDay":false,"_EventTimezone":"","_EventStartDate":"","_EventEndDate":"","_EventStartDateUTC":"","_EventEndDateUTC":"","_EventShowMap":false,"_EventShowMapLink":false,"_EventURL":"","_EventCost":"","_EventCostDescription":"","_EventCurrencySymbol":"","_EventCurrencyCode":"","_EventCurrencyPosition":"","_EventDateTimeSeparator":"","_EventTimeRangeSeparator":"","_EventOrganizerID":[],"_EventVenueID":[],"_OrganizerEmail":"","_OrganizerPhone":"","_OrganizerWebsite":"","_VenueAddress":"","_VenueCity":"","_VenueCountry":"","_VenueProvince":"","_VenueState":"","_VenueZip":"","_VenuePhone":"","_VenueURL":"","_VenueStateProvince":"","_VenueLat":"","_VenueLng":"","_VenueShowMap":false,"_VenueShowMapLink":false,"footnotes":""},"class_list":["post-3243","page","type-page","status-publish","hentry"],"_links":{"self":[{"href":"https:\/\/szixi.hu\/web\/index.php\/wp-json\/wp\/v2\/pages\/3243","targetHints":{"allow":["GET"]}}],"collection":[{"href":"https:\/\/szixi.hu\/web\/index.php\/wp-json\/wp\/v2\/pages"}],"about":[{"href":"https:\/\/szixi.hu\/web\/index.php\/wp-json\/wp\/v2\/types\/page"}],"author":[{"embeddable":true,"href":"https:\/\/szixi.hu\/web\/index.php\/wp-json\/wp\/v2\/users\/1"}],"replies":[{"embeddable":true,"href":"https:\/\/szixi.hu\/web\/index.php\/wp-json\/wp\/v2\/comments?post=3243"}],"version-history":[{"count":15,"href":"https:\/\/szixi.hu\/web\/index.php\/wp-json\/wp\/v2\/pages\/3243\/revisions"}],"predecessor-version":[{"id":4352,"href":"https:\/\/szixi.hu\/web\/index.php\/wp-json\/wp\/v2\/pages\/3243\/revisions\/4352"}],"wp:attachment":[{"href":"https:\/\/szixi.hu\/web\/index.php\/wp-json\/wp\/v2\/media?parent=3243"}],"curies":[{"name":"wp","href":"https:\/\/api.w.org\/{rel}","templated":true}]}}