{"id":3249,"date":"2025-08-29T06:59:11","date_gmt":"2025-08-29T05:59:11","guid":{"rendered":"https:\/\/szixi.hu\/web\/?page_id=3249"},"modified":"2026-01-30T11:09:05","modified_gmt":"2026-01-30T10:09:05","slug":"munkaero-gazdalkodas-es-tarsadalombiztositasi-ugyintezo","status":"publish","type":"page","link":"https:\/\/szixi.hu\/web\/index.php\/munkaero-gazdalkodas-es-tarsadalombiztositasi-ugyintezo\/","title":{"rendered":"Munkaer\u0151-gazd\u00e1lkod\u00e1s \u00e9s t\u00e1rsadalombiztos\u00edt\u00e1si \u00fcgyint\u00e9z\u0151"},"content":{"rendered":"\n<div class=\"wp-block-group is-layout-constrained wp-block-group-is-layout-constrained\">\n<ul class=\"wp-block-list\">\n<li><strong>Szakma megnevez\u00e9se:<\/strong>Munkaer\u0151-gazd\u00e1lkod\u00e1si \u00e9s t\u00e1rsadalombiztos\u00edt\u00e1si \u00fcgyint\u00e9z\u0151<\/li>\n<\/ul>\n\n\n\n<ul class=\"wp-block-list\">\n<li><strong>\u00c1gazat:<\/strong> Gazd\u00e1lkod\u00e1s \u00e9s menedzsment<\/li>\n\n\n\n<li>Szakmai azonos\u00edt\u00f3 sz\u00e1m: 04175001<\/li>\n<\/ul>\n\n\n\n<p>Jelentkezni lehet az iskol\u00e1ban szem\u00e9lyesen, vagy az al\u00e1bbi <a href=\"https:\/\/forms.gle\/nR6mSDE5LrZiwU1W9\">\u0171rlap <\/a>kit\u00f6lt\u00e9s\u00e9vel: <a href=\"https:\/\/forms.gle\/nR6mSDE5LrZiwU1W9\">https:\/\/forms.gle\/nR6mSDE5LrZiwU1W9<\/a><\/p>\n\n\n\n<p class=\"has-big-font-size\">Jelentkez\u00e9si hat\u00e1rid\u0151: <em>Nincs jelentkez\u00e9si lehet\u0151s\u00e9g<\/em><\/p>\n\n\n\n<p class=\"has-medium-font-size\"><a href=\"https:\/\/forms.gle\/UrbHsBWoRoHpwJyn6\"><\/a>A k\u00e9pz\u00e9s kezdete: &#8211;<\/p>\n\n\n\n<p>A jelentkez\u00e9s felt\u00e9tele:<\/p>\n\n\n\n<ul class=\"wp-block-list\">\n<li>\u00e9retts\u00e9gi bizony\u00edtv\u00e1ny + 3 \u00e9v szakmai tapasztalat vagy gazdas\u00e1gtudom\u00e1nyok k\u00e9pz\u00e9si ter\u00fclethez tartoz\u00f3 szakon szerzett v\u00e9gzetts\u00e9g<\/li>\n<\/ul>\n\n\n\n<p>Inform\u00e1ci\u00f3k:<\/p>\n\n\n\n<ul class=\"wp-block-list\">\n<li> A feln\u0151ttk\u00e9pz\u00e9s 8 h\u00f3nap, ez\u00e9rt a k\u00e9pz\u00e9s v\u00e9ge a 2026. m\u00e1jus\u00e1ban fejez\u0151dik be \u00e9s a tavaszi (m\u00e1jusi) vizsgaid\u0151szakban a k\u00e9pes\u00edt\u0151vizsg\u00e1kra is sor ker\u00fcl. A k\u00e9pz\u00e9s sor\u00e1n h\u00e1rom modulb\u00f3l kell teljes\u00edteni. Mindegyik h\u00e1zi modulz\u00e1r\u00f3val \u00e9r v\u00e9get.<\/li>\n\n\n\n<li>A k\u00e9pz\u00e9si napok: szerda, cs\u00fct\u00f6rt\u00f6k<\/li>\n\n\n\n<li><strong>Szerd\u00e1n<\/strong> az oktat\u00e1s<strong> jelenl\u00e9ti<\/strong> form\u00e1ban ker\u00fcl megszervez\u00e9sre az iskola \u00e9p\u00fclet\u00e9ben 16:00-t\u00f3l. <strong>Cs\u00fct\u00f6rt\u00f6k\u00f6n online<\/strong> form\u00e1ban, szint\u00e9n 16:00-t\u00f3l. Az online oktat\u00e1s megval\u00f3sulhat e-learning, valamint \u00e9l\u0151 online form\u00e1ban is.<\/li>\n<\/ul>\n<\/div>\n\n\n\n<p>El\u00e9rhet\u0151s\u00e9gek:<\/p>\n\n\n\n<ul class=\"wp-block-list\">\n<li>e-mail:<a href=\"mailto:felnottoktatas@szixi.hu\" data-type=\"mailto\" data-id=\"mailto:felnottoktatas@szixi.hu\"> felnottoktatas@szixi.hu<\/a><\/li>\n\n\n\n<li>telefon: (70) 684-8498<\/li>\n\n\n\n<li>c\u00edm: 2900 Kom\u00e1rom, T\u00e1ncsics Mih\u00e1ly utca 75.<\/li>\n<\/ul>\n\n\n\n<div class=\"wp-block-group is-layout-constrained wp-block-group-is-layout-constrained\">\n<p>Ha szeretn\u00e9d \u00e9rteni, mi\u00e9rt is vonnak le annyi j\u00e1rul\u00e9kot a b\u00e9redb\u0151l amennyit, akkor ez a k\u00e9pz\u00e9s a megfelel\u0151 a sz\u00e1modra. Tanuld meg, hogyan kell kezelni a b\u00e9rekkel kapcsolatos feladatokat \u00e9s a t\u00e1rsadalombiztos\u00edt\u00e1si \u00fcgyint\u00e9z\u00e9st! Ezzel a szakm\u00e1val biztos j\u00f6v\u0151t \u00e9s sz\u00e9les k\u00f6r\u0171 elhelyezked\u00e9si lehet\u0151s\u00e9get teremthetsz magadnak ak\u00e1r HR-, munka\u00fcgyi ter\u00fcleteken is.<\/p>\n<\/div>\n\n\n\n<p><a href=\"https:\/\/szixi.hu\/web\/index.php\/ingyenes-felnottkepzes-es-felnottoktatas\/\">&lt;&lt; Vissza<\/a><\/p>\n","protected":false},"excerpt":{"rendered":"<p>Jelentkezni lehet az iskol\u00e1ban szem\u00e9lyesen, vagy az al\u00e1bbi \u0171rlap kit\u00f6lt\u00e9s\u00e9vel: https:\/\/forms.gle\/nR6mSDE5LrZiwU1W9 Jelentkez\u00e9si hat\u00e1rid\u0151: Nincs jelentkez\u00e9si lehet\u0151s\u00e9g A k\u00e9pz\u00e9s kezdete: &#8211; A jelentkez\u00e9s felt\u00e9tele: Inform\u00e1ci\u00f3k: El\u00e9rhet\u0151s\u00e9gek: Ha szeretn\u00e9d \u00e9rteni, mi\u00e9rt is vonnak le annyi j\u00e1rul\u00e9kot a b\u00e9redb\u0151l amennyit, akkor ez a k\u00e9pz\u00e9s a megfelel\u0151 a sz\u00e1modra. Tanuld meg, hogyan kell kezelni [&hellip;]<\/p>\n","protected":false},"author":1,"featured_media":0,"parent":0,"menu_order":0,"comment_status":"closed","ping_status":"closed","template":"","meta":{"_EventAllDay":false,"_EventTimezone":"","_EventStartDate":"","_EventEndDate":"","_EventStartDateUTC":"","_EventEndDateUTC":"","_EventShowMap":false,"_EventShowMapLink":false,"_EventURL":"","_EventCost":"","_EventCostDescription":"","_EventCurrencySymbol":"","_EventCurrencyCode":"","_EventCurrencyPosition":"","_EventDateTimeSeparator":"","_EventTimeRangeSeparator":"","_EventOrganizerID":[],"_EventVenueID":[],"_OrganizerEmail":"","_OrganizerPhone":"","_OrganizerWebsite":"","_VenueAddress":"","_VenueCity":"","_VenueCountry":"","_VenueProvince":"","_VenueState":"","_VenueZip":"","_VenuePhone":"","_VenueURL":"","_VenueStateProvince":"","_VenueLat":"","_VenueLng":"","_VenueShowMap":false,"_VenueShowMapLink":false,"footnotes":""},"class_list":["post-3249","page","type-page","status-publish","hentry"],"_links":{"self":[{"href":"https:\/\/szixi.hu\/web\/index.php\/wp-json\/wp\/v2\/pages\/3249","targetHints":{"allow":["GET"]}}],"collection":[{"href":"https:\/\/szixi.hu\/web\/index.php\/wp-json\/wp\/v2\/pages"}],"about":[{"href":"https:\/\/szixi.hu\/web\/index.php\/wp-json\/wp\/v2\/types\/page"}],"author":[{"embeddable":true,"href":"https:\/\/szixi.hu\/web\/index.php\/wp-json\/wp\/v2\/users\/1"}],"replies":[{"embeddable":true,"href":"https:\/\/szixi.hu\/web\/index.php\/wp-json\/wp\/v2\/comments?post=3249"}],"version-history":[{"count":8,"href":"https:\/\/szixi.hu\/web\/index.php\/wp-json\/wp\/v2\/pages\/3249\/revisions"}],"predecessor-version":[{"id":4224,"href":"https:\/\/szixi.hu\/web\/index.php\/wp-json\/wp\/v2\/pages\/3249\/revisions\/4224"}],"wp:attachment":[{"href":"https:\/\/szixi.hu\/web\/index.php\/wp-json\/wp\/v2\/media?parent=3249"}],"curies":[{"name":"wp","href":"https:\/\/api.w.org\/{rel}","templated":true}]}}