{"id":3482,"date":"2025-09-29T23:48:07","date_gmt":"2025-09-29T22:48:07","guid":{"rendered":"https:\/\/szixi.hu\/web\/?page_id=3482"},"modified":"2026-01-13T00:32:01","modified_gmt":"2026-01-12T23:32:01","slug":"technikumi-oktatas","status":"publish","type":"page","link":"https:\/\/szixi.hu\/web\/index.php\/technikumi-oktatas\/","title":{"rendered":"Technikumi oktat\u00e1s"},"content":{"rendered":"\n<p class=\"has-large-font-size\"><strong>Mit jelent a technikum?<\/strong><\/p>\n\n\n\n<p class=\"has-text-align-left has-medium-font-size\" style=\"border-style:none;border-width:0px\">A technikumi k\u00e9pz\u00e9s Magyarorsz\u00e1gon \u00f6t\u00e9ves, \u00e9retts\u00e9git \u00e9s technikusi szakk\u00e9pes\u00edt\u00e9st ad\u00f3 k\u00f6z\u00e9pfok\u00fa oktat\u00e1si forma, amely az \u00e1ltal\u00e1nos iskola befejez\u00e9se ut\u00e1n v\u00e1laszthat\u00f3. A tanul\u00f3k az els\u0151 k\u00e9t \u00e9vben k\u00f6zismereti t\u00e1rgyakat \u00e9s \u00e1gazati alapoz\u00f3 ismereteket saj\u00e1t\u00edtanak el, majd a 10. \u00e9vfolyam v\u00e9g\u00e9n \u00e1gazati alapvizsg\u00e1t tesznek, amely a szakmai k\u00e9pz\u00e9s tov\u00e1bbi folytat\u00e1s\u00e1nak el\u0151felt\u00e9tele. <\/p>\n\n\n\n<p class=\"has-text-align-left has-medium-font-size\" style=\"border-style:none;border-width:0px\">A 11\u201312. \u00e9vfolyamon a k\u00e9pz\u00e9s s\u00falypontja a szakmai elm\u00e9letre \u00e9s gyakorlatra helyez\u0151dik, mik\u00f6zben a k\u00f6zismereti k\u00e9pz\u00e9s is folytat\u00f3dik. A 12. \u00e9v v\u00e9g\u00e9n a tanul\u00f3k \u00e9retts\u00e9gi vizsg\u00e1t tesznek, az 5. \u00e9vben pedig kiz\u00e1r\u00f3lag szakir\u00e1ny\u00fa k\u00e9pz\u00e9sben vesznek r\u00e9szt, amelynek lez\u00e1r\u00e1sa a komplex szakmai vizsga. Ennek sikeres teljes\u00edt\u00e9s\u00e9vel a di\u00e1kok technikusi szakk\u00e9pes\u00edt\u00e9st szereznek, amely emelt szint\u0171 v\u00e9gzetts\u00e9gnek sz\u00e1m\u00edt, el\u0151nyt biztos\u00edt a fels\u0151oktat\u00e1si felv\u00e9telin, \u00e9s k\u00f6zvetlen\u00fcl haszn\u00e1lhat\u00f3 a munkaer\u0151piacon is. <\/p>\n\n\n\n<p class=\"has-text-align-left has-medium-font-size\" style=\"border-style:none;border-width:0px\">A k\u00e9pz\u00e9s r\u00e9sze lehet a du\u00e1lis gyakorlati forma, amikor a tanul\u00f3k az iskolai oktat\u00e1s mellett v\u00e1llalati k\u00f6rnyezetben is tapasztalatot szereznek. A technikum \u00edgy egyszerre ny\u00fajt biztos alapot a tov\u00e1bbtanul\u00e1shoz \u00e9s piack\u00e9pes szakm\u00e1t a k\u00f6zvetlen elhelyezked\u00e9shez.<\/p>\n\n\n\n<figure class=\"wp-block-image aligncenter size-full is-resized\"><img loading=\"lazy\" decoding=\"async\" width=\"2560\" height=\"1740\" src=\"https:\/\/szixi.hu\/web\/wp-content\/uploads\/2025\/09\/technikum-scaled-1.jpg\" alt=\"\" class=\"wp-image-3433\" style=\"width:740px;height:auto\" srcset=\"https:\/\/szixi.hu\/web\/wp-content\/uploads\/2025\/09\/technikum-scaled-1.jpg 2560w, https:\/\/szixi.hu\/web\/wp-content\/uploads\/2025\/09\/technikum-scaled-1-768x522.jpg 768w, https:\/\/szixi.hu\/web\/wp-content\/uploads\/2025\/09\/technikum-scaled-1-1536x1044.jpg 1536w, https:\/\/szixi.hu\/web\/wp-content\/uploads\/2025\/09\/technikum-scaled-1-2048x1392.jpg 2048w\" sizes=\"auto, (max-width: 2560px) 100vw, 2560px\" \/><\/figure>\n\n\n\n<figure class=\"wp-block-embed aligncenter is-type-video is-provider-youtube wp-block-embed-youtube wp-embed-aspect-16-9 wp-has-aspect-ratio\"><div class=\"wp-block-embed__wrapper\">\n<iframe loading=\"lazy\" title=\"TSZC - Szakk\u00e9pz\u00e9s\" width=\"500\" height=\"281\" src=\"https:\/\/www.youtube.com\/embed\/BNUeQN--2ig?feature=oembed\" frameborder=\"0\" allow=\"accelerometer; autoplay; clipboard-write; encrypted-media; gyroscope; picture-in-picture; web-share\" referrerpolicy=\"strict-origin-when-cross-origin\" allowfullscreen><\/iframe>\n<\/div><\/figure>\n\n\n\n<hr class=\"wp-block-separator has-alpha-channel-opacity is-style-wide\"\/>\n\n\n\n<p class=\"has-text-align-center has-large-font-size\"><strong>Tudj meg t\u00f6bbet k\u00e9pz\u00e9seinkr\u0151l!<\/strong><\/p>\n\n\n\n<div class=\"wp-block-buttons is-content-justification-center is-layout-flex wp-container-core-buttons-is-layout-a89b3969 wp-block-buttons-is-layout-flex\">\n<div class=\"wp-block-button\"><a class=\"wp-block-button__link has-background has-big-font-size has-custom-font-size wp-element-button\" href=\"https:\/\/szixi.hu\/web\/index.php\/kepzeseink\/\" style=\"background:linear-gradient(314deg,rgb(2,3,129) 0%,rgb(40,116,252) 27%)\"><strong>Szakm\u00e1ink<\/strong><\/a><\/div>\n<\/div>\n\n\n\n<p class=\"has-text-align-center\"><\/p>\n\n\n\n<hr class=\"wp-block-separator has-alpha-channel-opacity is-style-wide\"\/>\n\n\n\n<p class=\"has-text-align-center has-large-font-size\"><strong>V\u00e1rj! Olvass tov\u00e1bb!<\/strong><\/p>\n\n\n\n<div class=\"wp-block-buttons is-content-justification-center is-layout-flex wp-container-core-buttons-is-layout-bcbb3773 wp-block-buttons-is-layout-flex\" style=\"border-style:none;border-width:0px;border-radius:0px;padding-top:var(--wp--preset--spacing--40);padding-right:0;padding-bottom:var(--wp--preset--spacing--40);padding-left:0\">\n<div class=\"wp-block-button\"><a class=\"wp-block-button__link has-foreground-color has-text-color has-background has-link-color has-medium-font-size has-custom-font-size wp-element-button\" href=\"https:\/\/szixi.hu\/web\/index.php\/sziasztok-nyolcadikosok\/\" style=\"background:linear-gradient(144deg,rgba(6,147,227,1) 0%,rgb(155,81,224) 100%)\"><strong>Nyolcadikos vagyokk!<\/strong><\/a><\/div>\n<\/div>\n","protected":false},"excerpt":{"rendered":"<p>Mit jelent a technikum? A technikumi k\u00e9pz\u00e9s Magyarorsz\u00e1gon \u00f6t\u00e9ves, \u00e9retts\u00e9git \u00e9s technikusi szakk\u00e9pes\u00edt\u00e9st ad\u00f3 k\u00f6z\u00e9pfok\u00fa oktat\u00e1si forma, amely az \u00e1ltal\u00e1nos iskola befejez\u00e9se ut\u00e1n v\u00e1laszthat\u00f3. A tanul\u00f3k az els\u0151 k\u00e9t \u00e9vben k\u00f6zismereti t\u00e1rgyakat \u00e9s \u00e1gazati alapoz\u00f3 ismereteket saj\u00e1t\u00edtanak el, majd a 10. \u00e9vfolyam v\u00e9g\u00e9n \u00e1gazati alapvizsg\u00e1t tesznek, amely a szakmai k\u00e9pz\u00e9s [&hellip;]<\/p>\n","protected":false},"author":6,"featured_media":0,"parent":0,"menu_order":0,"comment_status":"closed","ping_status":"closed","template":"","meta":{"_EventAllDay":false,"_EventTimezone":"","_EventStartDate":"","_EventEndDate":"","_EventStartDateUTC":"","_EventEndDateUTC":"","_EventShowMap":false,"_EventShowMapLink":false,"_EventURL":"","_EventCost":"","_EventCostDescription":"","_EventCurrencySymbol":"","_EventCurrencyCode":"","_EventCurrencyPosition":"","_EventDateTimeSeparator":"","_EventTimeRangeSeparator":"","_EventOrganizerID":[],"_EventVenueID":[],"_OrganizerEmail":"","_OrganizerPhone":"","_OrganizerWebsite":"","_VenueAddress":"","_VenueCity":"","_VenueCountry":"","_VenueProvince":"","_VenueState":"","_VenueZip":"","_VenuePhone":"","_VenueURL":"","_VenueStateProvince":"","_VenueLat":"","_VenueLng":"","_VenueShowMap":false,"_VenueShowMapLink":false,"footnotes":""},"class_list":["post-3482","page","type-page","status-publish","hentry"],"_links":{"self":[{"href":"https:\/\/szixi.hu\/web\/index.php\/wp-json\/wp\/v2\/pages\/3482","targetHints":{"allow":["GET"]}}],"collection":[{"href":"https:\/\/szixi.hu\/web\/index.php\/wp-json\/wp\/v2\/pages"}],"about":[{"href":"https:\/\/szixi.hu\/web\/index.php\/wp-json\/wp\/v2\/types\/page"}],"author":[{"embeddable":true,"href":"https:\/\/szixi.hu\/web\/index.php\/wp-json\/wp\/v2\/users\/6"}],"replies":[{"embeddable":true,"href":"https:\/\/szixi.hu\/web\/index.php\/wp-json\/wp\/v2\/comments?post=3482"}],"version-history":[{"count":8,"href":"https:\/\/szixi.hu\/web\/index.php\/wp-json\/wp\/v2\/pages\/3482\/revisions"}],"predecessor-version":[{"id":4196,"href":"https:\/\/szixi.hu\/web\/index.php\/wp-json\/wp\/v2\/pages\/3482\/revisions\/4196"}],"wp:attachment":[{"href":"https:\/\/szixi.hu\/web\/index.php\/wp-json\/wp\/v2\/media?parent=3482"}],"curies":[{"name":"wp","href":"https:\/\/api.w.org\/{rel}","templated":true}]}}