{"id":3748,"date":"2025-10-02T08:51:49","date_gmt":"2025-10-02T07:51:49","guid":{"rendered":"https:\/\/szixi.hu\/web\/?page_id=3748"},"modified":"2025-10-03T01:21:16","modified_gmt":"2025-10-03T00:21:16","slug":"palyavalasztas","status":"publish","type":"page","link":"https:\/\/szixi.hu\/web\/index.php\/palyavalasztas\/","title":{"rendered":"P\u00e1lyav\u00e1laszt\u00e1s"},"content":{"rendered":"\n<p class=\"has-big-font-size\"><strong>Kiemelt esem\u00e9nyeink<\/strong><\/p>\n\n\n\n<div class=\"wp-block-group is-content-justification-center is-nowrap is-layout-flex wp-container-core-group-is-layout-23441af8 wp-block-group-is-layout-flex\">\n<figure class=\"wp-block-image size-full is-resized\"><img loading=\"lazy\" decoding=\"async\" width=\"427\" height=\"431\" src=\"https:\/\/szixi.hu\/web\/wp-content\/uploads\/2025\/10\/PVK-1.png\" alt=\"\" class=\"wp-image-3763\" style=\"width:260px;height:auto\" srcset=\"https:\/\/szixi.hu\/web\/wp-content\/uploads\/2025\/10\/PVK-1.png 427w, https:\/\/szixi.hu\/web\/wp-content\/uploads\/2025\/10\/PVK-1-150x150.png 150w\" sizes=\"auto, (max-width: 427px) 100vw, 427px\" \/><\/figure>\n\n\n\n<figure class=\"wp-block-image size-full is-resized\"><img loading=\"lazy\" decoding=\"async\" width=\"427\" height=\"431\" src=\"https:\/\/szixi.hu\/web\/wp-content\/uploads\/2025\/10\/nyiilt1.png\" alt=\"\" class=\"wp-image-3762\" style=\"width:267px;height:auto\" srcset=\"https:\/\/szixi.hu\/web\/wp-content\/uploads\/2025\/10\/nyiilt1.png 427w, https:\/\/szixi.hu\/web\/wp-content\/uploads\/2025\/10\/nyiilt1-150x150.png 150w\" sizes=\"auto, (max-width: 427px) 100vw, 427px\" \/><\/figure>\n\n\n\n<figure class=\"wp-block-image size-full is-resized\"><img loading=\"lazy\" decoding=\"async\" width=\"427\" height=\"431\" src=\"https:\/\/szixi.hu\/web\/wp-content\/uploads\/2025\/10\/nyiilt2.png\" alt=\"\" class=\"wp-image-3764\" style=\"width:265px;height:auto\" srcset=\"https:\/\/szixi.hu\/web\/wp-content\/uploads\/2025\/10\/nyiilt2.png 427w, https:\/\/szixi.hu\/web\/wp-content\/uploads\/2025\/10\/nyiilt2-150x150.png 150w\" sizes=\"auto, (max-width: 427px) 100vw, 427px\" \/><\/figure>\n<\/div>\n\n\n\n<hr class=\"wp-block-separator has-alpha-channel-opacity is-style-wide\"\/>\n\n\n\n<p class=\"has-big-font-size\"><strong>Iskol\u00e1nkr\u00f3l r\u00f6viden<\/strong><\/p>\n\n\n\n<div class=\"wp-block-media-text has-media-on-the-right is-stacked-on-mobile\" style=\"grid-template-columns:auto 22%\"><div class=\"wp-block-media-text__content\">\n<p>Iskol\u00e1nk c\u00e9lja, hogy di\u00e1kjainknak korszer\u0171 tud\u00e1st, biztos szakmai alapokat \u00e9s \u00e9rt\u00e9kes emberi tapasztalatokat ny\u00fajtsunk. Fontosnak tartjuk, hogy tanul\u00f3ink ne csak a tananyagban fejl\u0151djenek, hanem felk\u00e9sz\u00fcljenek a munka vil\u00e1g\u00e1ra \u00e9s a tov\u00e1bbtanul\u00e1s kih\u00edv\u00e1saira is.<\/p>\n\n\n\n<p>K\u00e9pz\u00e9si k\u00edn\u00e1latunkban <strong>technikumi <\/strong>k\u00e9pz\u00e9sek tal\u00e1lhat\u00f3k, amelyek piack\u00e9pes szakm\u00e1t \u00e9s gyakorlati tud\u00e1st adnak. Int\u00e9zm\u00e9ny\u00fcnkben nagy hangs\u00falyt fektet\u00fcnk a modern oktat\u00e1si m\u00f3dszerekre, az informatikai eszk\u00f6z\u00f6k haszn\u00e1lat\u00e1ra \u00e9s a gyakorlati tapasztalatszerz\u00e9sre<\/p>\n\n\n\n<p>Di\u00e1kjainkat seg\u00edtj\u00fck a p\u00e1lyav\u00e1laszt\u00e1sban, a tehets\u00e9ggondoz\u00e1sban \u00e9s a felz\u00e1rk\u00f3ztat\u00e1sban is. C\u00e9lunk, hogy minden tanul\u00f3 megtal\u00e1lja a saj\u00e1t \u00fatj\u00e1t, \u00e9s olyan szakemberr\u00e9 v\u00e1ljon, aki sikeresen helyt\u00e1ll a munkaer\u0151piacon vagy a fels\u0151oktat\u00e1sban.<\/p>\n\n\n\n<p>V\u00e1rjuk az \u00e9rdekl\u0151d\u0151 di\u00e1kokat \u00e9s sz\u00fcleiket, hogy szem\u00e9lyesen is megismerj\u00e9k iskol\u00e1nkat, k\u00e9pz\u00e9seinket \u00e9s k\u00f6z\u00f6ss\u00e9g\u00fcnket.<\/p>\n<\/div><figure class=\"wp-block-media-text__media\"><img loading=\"lazy\" decoding=\"async\" width=\"612\" height=\"765\" src=\"https:\/\/szixi.hu\/web\/wp-content\/uploads\/2025\/10\/Szixi-logo.png\" alt=\"\" class=\"wp-image-3767 size-full\"\/><\/figure><\/div>\n\n\n\n<figure class=\"wp-block-embed aligncenter is-type-video is-provider-youtube wp-block-embed-youtube wp-embed-aspect-16-9 wp-has-aspect-ratio\"><div class=\"wp-block-embed__wrapper\">\n<iframe loading=\"lazy\" title=\"Iskola bemutat\u00f3 2025 - TSZC Sz\u00e9chenyi Istv\u00e1n Technikum\" width=\"500\" height=\"281\" src=\"https:\/\/www.youtube.com\/embed\/Y8nmQljlazg?feature=oembed\" frameborder=\"0\" allow=\"accelerometer; autoplay; clipboard-write; encrypted-media; gyroscope; picture-in-picture; web-share\" referrerpolicy=\"strict-origin-when-cross-origin\" allowfullscreen><\/iframe>\n<\/div><figcaption class=\"wp-element-caption\">Iskol\u00e1nk bemutat\u00f3 vide\u00f3ja<\/figcaption><\/figure>\n\n\n\n<p class=\"has-big-font-size\"><strong>T\u00f6bbet szeretn\u00e9l megtudni iskol\u00e1nkr\u00f3l? <\/strong><\/p>\n\n\n\n<p class=\"has-normal-font-size\">V\u00e1laszd ki azt a ter\u00fcletet ami \u00e9rdekel!<\/p>\n\n\n\n<p>N\u00e9zd meg, mit jelent pontosan a technikum, t\u00e1j\u00e9koz\u00f3dj a felv\u00e9teli k\u00f6vetelm\u00e9nyekr\u0151l \u00e9s tekintsd meg k\u00e9pz\u00e9seinket.<\/p>\n\n\n\n<div class=\"wp-block-buttons is-layout-flex wp-block-buttons-is-layout-flex\">\n<div class=\"wp-block-button\"><a class=\"wp-block-button__link has-background wp-element-button\" href=\"https:\/\/szixi.hu\/web\/index.php\/technikumi-oktatas\/\" style=\"background:linear-gradient(135deg,rgb(2,3,129) 0%,rgb(40,116,252) 69%)\">A technikumi rendszerr\u0151l<\/a><\/div>\n\n\n\n<div class=\"wp-block-button is-style-fill\"><a class=\"wp-block-button__link has-background wp-element-button\" href=\"https:\/\/szixi.hu\/web\/index.php\/felveteli-tajekoztato\/\" style=\"background:linear-gradient(135deg,rgb(2,3,129) 0%,rgb(40,116,252) 64%)\">Felv\u00e9teli t\u00e1j\u00e9koztat\u00f3<\/a><\/div>\n\n\n\n<div class=\"wp-block-button is-style-fill\"><a class=\"wp-block-button__link has-background wp-element-button\" href=\"https:\/\/szixi.hu\/web\/index.php\/kepzeseink\/\" style=\"background:linear-gradient(135deg,rgb(2,3,129) 0%,rgb(40,116,252) 64%)\">K\u00e9pz\u00e9seink<\/a><\/div>\n<\/div>\n","protected":false},"excerpt":{"rendered":"<p>Kiemelt esem\u00e9nyeink Iskol\u00e1nkr\u00f3l r\u00f6viden Iskol\u00e1nk c\u00e9lja, hogy di\u00e1kjainknak korszer\u0171 tud\u00e1st, biztos szakmai alapokat \u00e9s \u00e9rt\u00e9kes emberi tapasztalatokat ny\u00fajtsunk. Fontosnak tartjuk, hogy tanul\u00f3ink ne csak a tananyagban fejl\u0151djenek, hanem felk\u00e9sz\u00fcljenek a munka vil\u00e1g\u00e1ra \u00e9s a tov\u00e1bbtanul\u00e1s kih\u00edv\u00e1saira is. K\u00e9pz\u00e9si k\u00edn\u00e1latunkban technikumi k\u00e9pz\u00e9sek tal\u00e1lhat\u00f3k, amelyek piack\u00e9pes szakm\u00e1t \u00e9s gyakorlati tud\u00e1st adnak. Int\u00e9zm\u00e9ny\u00fcnkben [&hellip;]<\/p>\n","protected":false},"author":6,"featured_media":0,"parent":0,"menu_order":0,"comment_status":"closed","ping_status":"closed","template":"","meta":{"_EventAllDay":false,"_EventTimezone":"","_EventStartDate":"","_EventEndDate":"","_EventStartDateUTC":"","_EventEndDateUTC":"","_EventShowMap":false,"_EventShowMapLink":false,"_EventURL":"","_EventCost":"","_EventCostDescription":"","_EventCurrencySymbol":"","_EventCurrencyCode":"","_EventCurrencyPosition":"","_EventDateTimeSeparator":"","_EventTimeRangeSeparator":"","_EventOrganizerID":[],"_EventVenueID":[],"_OrganizerEmail":"","_OrganizerPhone":"","_OrganizerWebsite":"","_VenueAddress":"","_VenueCity":"","_VenueCountry":"","_VenueProvince":"","_VenueState":"","_VenueZip":"","_VenuePhone":"","_VenueURL":"","_VenueStateProvince":"","_VenueLat":"","_VenueLng":"","_VenueShowMap":false,"_VenueShowMapLink":false,"footnotes":""},"class_list":["post-3748","page","type-page","status-publish","hentry"],"_links":{"self":[{"href":"https:\/\/szixi.hu\/web\/index.php\/wp-json\/wp\/v2\/pages\/3748","targetHints":{"allow":["GET"]}}],"collection":[{"href":"https:\/\/szixi.hu\/web\/index.php\/wp-json\/wp\/v2\/pages"}],"about":[{"href":"https:\/\/szixi.hu\/web\/index.php\/wp-json\/wp\/v2\/types\/page"}],"author":[{"embeddable":true,"href":"https:\/\/szixi.hu\/web\/index.php\/wp-json\/wp\/v2\/users\/6"}],"replies":[{"embeddable":true,"href":"https:\/\/szixi.hu\/web\/index.php\/wp-json\/wp\/v2\/comments?post=3748"}],"version-history":[{"count":7,"href":"https:\/\/szixi.hu\/web\/index.php\/wp-json\/wp\/v2\/pages\/3748\/revisions"}],"predecessor-version":[{"id":3779,"href":"https:\/\/szixi.hu\/web\/index.php\/wp-json\/wp\/v2\/pages\/3748\/revisions\/3779"}],"wp:attachment":[{"href":"https:\/\/szixi.hu\/web\/index.php\/wp-json\/wp\/v2\/media?parent=3748"}],"curies":[{"name":"wp","href":"https:\/\/api.w.org\/{rel}","templated":true}]}}