{"id":3770,"date":"2025-10-03T01:13:59","date_gmt":"2025-10-03T00:13:59","guid":{"rendered":"https:\/\/szixi.hu\/web\/?page_id=3770"},"modified":"2025-10-13T23:16:48","modified_gmt":"2025-10-13T22:16:48","slug":"kepzeseink","status":"publish","type":"page","link":"https:\/\/szixi.hu\/web\/index.php\/kepzeseink\/","title":{"rendered":"K\u00e9pz\u00e9seink"},"content":{"rendered":"\n<p class=\"has-medium-font-size\">Ismerd meg iskol\u00e1nkban el\u00e9rhet\u0151 k\u00e9pz\u00e9seinket!<\/p>\n\n\n\n<div class=\"wp-block-group is-content-justification-center is-nowrap is-layout-flex wp-container-core-group-is-layout-23441af8 wp-block-group-is-layout-flex\">\n<div class=\"wp-block-buttons is-layout-flex wp-block-buttons-is-layout-flex\">\n<div class=\"wp-block-button is-style-outline is-style-outline--1\"><a class=\"wp-block-button__link wp-element-button\" href=\"#penzugyi-szamviteli\"><strong>P\u00e9nz\u00fcgyi-sz\u00e1mviteli \u00fcgyint\u00e9z\u0151<\/strong><\/a><\/div>\n<\/div>\n\n\n\n<div class=\"wp-block-buttons is-layout-flex wp-block-buttons-is-layout-flex\">\n<div class=\"wp-block-button is-style-outline is-style-outline--2\"><a class=\"wp-block-button__link wp-element-button\" href=\"#informatikai-rendszer-es-alkalmazas-uzemelteto-technikus\"><strong>Informatikai rendszer- \u00e9s alkalmaz\u00e1s-\u00fczemeltet\u0151<\/strong><\/a><\/div>\n<\/div>\n\n\n\n<div class=\"wp-block-buttons is-layout-flex wp-block-buttons-is-layout-flex\">\n<div class=\"wp-block-button is-style-outline is-style-outline--3\"><a class=\"wp-block-button__link wp-element-button\" href=\"#V\u00e1llalkoz\u00e1si\"><strong>V\u00e1llalkoz\u00e1si\u00a0 \u00fcgyviteli \u00fcgyint\u00e9z\u0151<\/strong><\/a><\/div>\n<\/div>\n<\/div>\n\n\n\n<p class=\"has-large-font-size\" id=\"penzugyi-szamviteli\"><strong>1. P\u00e9nz\u00fcgyi-sz\u00e1mviteli \u00fcgyint\u00e9z\u0151<\/strong><\/p>\n\n\n\n<div class=\"wp-block-media-text has-media-on-the-right is-stacked-on-mobile\"><div class=\"wp-block-media-text__content\">\n<p class=\"has-big-font-size\"><strong>A szakma ismertet\u00e9se<\/strong><\/p>\n\n\n\n<p>A <strong>p\u00e9nz\u00fcgyi-sz\u00e1mviteli \u00fcgyint\u00e9z\u0151 <\/strong>kulcsszerepet j\u00e1tszik a gazd\u00e1lkod\u00f3 szervezetek p\u00e9nz\u00fcgyi menedzsmentj\u00e9ben, k\u00f6nyvel\u00e9si, sz\u00e1ml\u00e1z\u00e1si \u00e9s \u00fcgyviteli feladatokat l\u00e1t el, valamint ad\u00f3bevall\u00e1st k\u00e9sz\u00edt \u00e9s elektronikus \u00fcgyint\u00e9z\u00e9si teend\u0151ket v\u00e9gez. Felel\u0151s a p\u00e9nz\u00fcgyi \u00e9s sz\u00e1mviteli bizonylatok kezel\u00e9s\u00e9\u00e9rt, a ki- \u00e9s befizet\u00e9sek int\u00e9z\u00e9s\u00e9\u00e9rt, valamint a v\u00e1llalat p\u00e9nzforgalmi \u00fcgyleteinek lebonyol\u00edt\u00e1s\u00e1\u00e9rt, mik\u00f6zben kiemelt figyelmet ford\u00edt az adatkezel\u00e9s biztons\u00e1g\u00e1ra \u00e9s a k\u00f6rnyezettudatos munkav\u00e9gz\u00e9sre.<\/p>\n<\/div><figure class=\"wp-block-media-text__media\"><img loading=\"lazy\" decoding=\"async\" width=\"2000\" height=\"1333\" src=\"https:\/\/szixi.hu\/web\/wp-content\/uploads\/2023\/08\/careers-in-corporate-finance-1.jpg\" alt=\"\" class=\"wp-image-2820 size-full\" srcset=\"https:\/\/szixi.hu\/web\/wp-content\/uploads\/2023\/08\/careers-in-corporate-finance-1.jpg 2000w, https:\/\/szixi.hu\/web\/wp-content\/uploads\/2023\/08\/careers-in-corporate-finance-1-768x512.jpg 768w, https:\/\/szixi.hu\/web\/wp-content\/uploads\/2023\/08\/careers-in-corporate-finance-1-1536x1024.jpg 1536w\" sizes=\"auto, (max-width: 2000px) 100vw, 2000px\" \/><\/figure><\/div>\n\n\n\n<h2 class=\"wp-block-heading has-big-font-size\"><strong>A szakk\u00e9pes\u00edt\u00e9ssel rendelkez\u0151<\/strong><\/h2>\n\n\n\n<ul class=\"wp-block-list\">\n<li>\u00e9rti \u00e9s \u00e1tl\u00e1tja a gazd\u00e1lkod\u00f3 szervezet m\u0171k\u00f6d\u00e9s\u00e9t;<\/li>\n\n\n\n<li>k\u00e9pes a sz\u00e1m\u00edt\u00f3g\u00e9pes \u00fcgyviteli programok haszn\u00e1lat\u00e1ra;<\/li>\n\n\n\n<li>ismeri \u00e9s haszn\u00e1lja a kommunik\u00e1ci\u00f3s csatorn\u00e1kat;<\/li>\n\n\n\n<li>k\u00e9pess\u00e9 v\u00e1lik a v\u00e1llalkoz\u00e1sok alap\u00edt\u00e1s\u00e1val, m\u0171k\u00f6dtet\u00e9s\u00e9vel kapcsolatos adminisztrat\u00edv feladatok ell\u00e1t\u00e1s\u00e1ra;<\/li>\n\n\n\n<li>elv\u00e9gzi a banksz\u00e1ml\u00e1kkal kapcsolatos teend\u0151ket, a h\u00e1zip\u00e9nzt\u00e1rral kapcsolatos feladatokat;<\/li>\n\n\n\n<li>ell\u00e1tja a v\u00e1llalkoz\u00e1s ad\u00f3k\u00f6telezetts\u00e9gei teljes\u00edt\u00e9s\u00e9hez kapcsol\u00f3d\u00f3 elektronikus \u00fcgyint\u00e9z\u00e9si feladatokat;<\/li>\n\n\n\n<li>r\u00e9szt vesz a befektet\u00e9si d\u00f6nt\u00e9sekhez sz\u00fcks\u00e9ges inform\u00e1ci\u00f3 gy\u0171jt\u00e9s\u00e9ben;<\/li>\n\n\n\n<li>k\u00f6zrem\u0171k\u00f6dik a projektek p\u00e9nz\u00fcgyi tervez\u00e9s\u00e9ben;<\/li>\n\n\n\n<li>ell\u00e1tja a p\u00e9nz- \u00e9s hitelm\u0171veletekkel kapcsolatos \u00fcgyint\u00e9z\u00e9si feladatokat;<\/li>\n\n\n\n<li>sz\u00e1m\u00edt\u00f3g\u00e9pes programcsomag haszn\u00e1lat\u00e1val k\u00f6nyvel\u00e9si feladatokat l\u00e1t el;<\/li>\n\n\n\n<li>munkak\u00f6r\u00e9hez kapcsol\u00f3d\u00f3 hagyom\u00e1nyos \u00e9s digit\u00e1lis dokumentumokat k\u00e9sz\u00edt \u00e9s rendszerez.<\/li>\n<\/ul>\n\n\n\n<p class=\"has-big-font-size\"><strong>Szakmai adatlap:<\/strong><\/p>\n\n\n\n<figure class=\"wp-block-table\"><table class=\"has-fixed-layout\"><thead><tr><th class=\"has-text-align-center\" data-align=\"center\">Szakma neve<\/th><th class=\"has-text-align-center\" data-align=\"center\">\u00c1gazat neve<\/th><th class=\"has-text-align-center\" data-align=\"center\">Szakmajegyz\u00e9k sz\u00e1ma<\/th><th class=\"has-text-align-center\" data-align=\"center\">K\u00e9pz\u00e9s id\u0151tartama<\/th><th class=\"has-text-align-center\" data-align=\"center\">V\u00e1laszthat\u00f3 szakmair\u00e1nyok:<\/th><\/tr><\/thead><tbody><tr><td class=\"has-text-align-center\" data-align=\"center\">P\u00e9nz\u00fcgyi-sz\u00e1mviteli \u00fcgyint\u00e9z\u0151<\/td><td class=\"has-text-align-center\" data-align=\"center\">Gazd\u00e1lkod\u00e1s \u00e9s menedzsment<\/td><td class=\"has-text-align-center\" data-align=\"center\">504110901<\/td><td class=\"has-text-align-center\" data-align=\"center\"><strong>5 \u00e9v<\/strong><\/td><td class=\"has-text-align-center\" data-align=\"center\">&#8211;<\/td><\/tr><\/tbody><\/table><\/figure>\n\n\n\n<p class=\"has-tiny-font-size\">Forr\u00e1s: <a href=\"https:\/\/ikk.hu\/szakmakartyak\/szakmak\/penzugyi-szamviteli-ugyintezo\">P\u00e9nz\u00fcgyi-sz\u00e1mviteli \u00fcgyint\u00e9z\u0151 szakma | IKK Nonprofit Zrt.<\/a><\/p>\n\n\n\n<p class=\"has-big-font-size\" id=\"V\u00e1llalkoz\u00e1si\"><strong>2. <strong>V\u00e1llalkoz\u00e1si\u00a0 \u00fcgyviteli \u00fcgyint\u00e9z\u0151<\/strong><\/strong><\/p>\n\n\n\n<div class=\"wp-block-media-text has-media-on-the-right is-stacked-on-mobile\" style=\"grid-template-columns:auto 43%\"><div class=\"wp-block-media-text__content\">\n<p><strong>A v\u00e1llalkoz\u00e1si\u00a0 \u00fcgyviteli \u00fcgyint\u00e9z\u0151 <\/strong>olyan szakember, aki a v\u00e1llalkoz\u00e1sok mindennapi m\u0171k\u00f6d\u00e9s\u00e9t t\u00e1mogatja adminisztrat\u00edv, p\u00e9nz\u00fcgyi \u00e9s \u00fcgyviteli feladatok ell\u00e1t\u00e1s\u00e1val. Ismeri a gazdas\u00e1gi folyamatokat, k\u00e9pes \u00fcgyiratokat kezelni, kimutat\u00e1sokat k\u00e9sz\u00edteni, valamint seg\u00edti a c\u00e9g m\u0171k\u00f6d\u00e9s\u00e9nek hat\u00e9kony szervez\u00e9s\u00e9t.<\/p>\n<\/div><figure class=\"wp-block-media-text__media\"><img loading=\"lazy\" decoding=\"async\" width=\"800\" height=\"600\" src=\"https:\/\/szixi.hu\/web\/wp-content\/uploads\/2023\/08\/iStock-995734014.jpg\" alt=\"\" class=\"wp-image-2809 size-full\" srcset=\"https:\/\/szixi.hu\/web\/wp-content\/uploads\/2023\/08\/iStock-995734014.jpg 800w, https:\/\/szixi.hu\/web\/wp-content\/uploads\/2023\/08\/iStock-995734014-768x576.jpg 768w\" sizes=\"auto, (max-width: 800px) 100vw, 800px\" \/><\/figure><\/div>\n\n\n\n<p class=\"has-big-font-size\"><strong>A szakk\u00e9pes\u00edt\u00e9ssel rendelkez\u0151<\/strong><\/p>\n\n\n\n<ul class=\"wp-block-list\">\n<li>k\u00e9pes ell\u00e1tni a v\u00e1llalkoz\u00e1sok m\u0171k\u00f6dtet\u00e9s\u00e9hez sz\u00fcks\u00e9ges gazdas\u00e1gi folyamatok ter\u00e9n a r\u00e1b\u00edzott adminisztrat\u00edv feladatokat;<\/li>\n\n\n\n<li>irodai, illetve vezet\u0151i asszisztensi feladatokat l\u00e1t el;<\/li>\n\n\n\n<li>kapcsolattart\u00e1shoz sz\u00fcks\u00e9ges iratokat, leveleket, egy\u00e9b dokumentumokat k\u00e9sz\u00edt, szerkeszt, kezel;<\/li>\n\n\n\n<li>vezeti a v\u00e1llalkoz\u00e1sok nyilv\u00e1ntart\u00e1sait;<\/li>\n\n\n\n<li>k\u00f6zrem\u0171k\u00f6dik a k\u00fcl\u00f6nf\u00e9le szab\u00e1lyzatok elk\u00e9sz\u00edt\u00e9s\u00e9ben;<\/li>\n\n\n\n<li>r\u00e9szt vesz egyes \ufb01nansz\u00edroz\u00e1si feladatok adminisztrat\u00edv r\u00e9szfeladataiban;<\/li>\n\n\n\n<li>felt\u00e9rk\u00e9pezi \u00e9s nyomon k\u00f6veti az aktu\u00e1lis t\u00e1mogat\u00e1si lehet\u0151s\u00e9geket;<\/li>\n\n\n\n<li>k\u00f6zrem\u0171k\u00f6dik a v\u00e1llalkoz\u00e1s \u00fczleti terv\u00e9nek elk\u00e9sz\u00edt\u00e9s\u00e9ben;<\/li>\n\n\n\n<li>el\u0151k\u00e9sz\u00edti a munkaer\u0151-gazd\u00e1lkod\u00e1ssal kapcsolatos nyilv\u00e1ntart\u00e1sok iratait, azokat kezeli \u00e9s rendszerezi;<\/li>\n\n\n\n<li>kapcsolatot tart munkat\u00e1rsakkal, \u00fcgyfelekkel, partnerekkel, k\u00fcls\u0151 szervezetekkel;<\/li>\n\n\n\n<li>szervezeten bel\u00fcli \u00e9s k\u00edv\u00fcli rendezv\u00e9nyeket, programokat szervez.<\/li>\n<\/ul>\n\n\n\n<p class=\"has-big-font-size\"><strong>Szakmai adatlap:<\/strong><\/p>\n\n\n\n<figure class=\"wp-block-table\"><table class=\"has-fixed-layout\"><thead><tr><th class=\"has-text-align-center\" data-align=\"center\">Szakma neve<\/th><th class=\"has-text-align-center\" data-align=\"center\">\u00c1gazat neve<\/th><th class=\"has-text-align-center\" data-align=\"center\">Szakmajegyz\u00e9k sz\u00e1ma<\/th><th class=\"has-text-align-center\" data-align=\"center\">K\u00e9pz\u00e9s id\u0151tartama<\/th><th class=\"has-text-align-center\" data-align=\"center\">V\u00e1laszthat\u00f3 szakmair\u00e1nyok:<\/th><\/tr><\/thead><tbody><tr><td class=\"has-text-align-center\" data-align=\"center\">V\u00e1llalkoz\u00e1si \u00fcgyviteli \u00fcgyint\u00e9z\u0151<\/td><td class=\"has-text-align-center\" data-align=\"center\">Gazd\u00e1lkod\u00e1s \u00e9s menedzsment<\/td><td class=\"has-text-align-center\" data-align=\"center\">504110902<\/td><td class=\"has-text-align-center\" data-align=\"center\"><strong>5 \u00e9v<\/strong><\/td><td class=\"has-text-align-center\" data-align=\"center\">&#8211;<\/td><\/tr><\/tbody><\/table><\/figure>\n\n\n\n<p class=\"has-tiny-font-size\">Forr\u00e1s: <a href=\"https:\/\/ikk.hu\/szakmakartyak\/szakmak\/vallalkozasi-ugyviteli-ugyintezo\">V\u00e1llalkoz\u00e1si \u00fcgyviteli \u00fcgyint\u00e9z\u0151 szakma | IKK Nonprofit Zrt.<\/a><\/p>\n\n\n\n<p class=\"has-large-font-size\" id=\"informatikai-rendszer-es-alkalmazas-uzemelteto-technikus\"><strong>3. Informatikai rendszer- \u00e9s alkalmaz\u00e1s-\u00fczemeltet\u0151 technikus<\/strong><\/p>\n\n\n\n<div class=\"wp-block-media-text has-media-on-the-right is-stacked-on-mobile\" style=\"grid-template-columns:auto 45%\"><div class=\"wp-block-media-text__content\">\n<p class=\"has-big-font-size\"><strong>A szakma ismertet\u00e9se<\/strong><\/p>\n\n\n\n<p>Az <strong>informatikai rendszer- \u00e9s alkalmaz\u00e1s-\u00fczemeltet\u0151 <\/strong>technikus kis- \u00e9s k\u00f6zepes h\u00e1l\u00f3zatok tervez\u00e9s\u00e9ben, telep\u00edt\u00e9s\u00e9ben \u00e9s \u00fczemeltet\u00e9s\u00e9ben vesz r\u00e9szt, felel\u0151s az IT rendszerek \u00f6sszehangolt m\u0171k\u00f6d\u00e9s\u00e9\u00e9rt, friss\u00edt\u00e9s\u00e9\u00e9rt \u00e9s a felh\u0151szolg\u00e1ltat\u00e1sok \u00fczemeltet\u00e9s\u00e9\u00e9rt. Ezen k\u00edv\u00fcl programoz\u00e1si \u00e9s h\u00e1l\u00f3zati ismereteket alkalmazva biztons\u00e1gi rendszereket telep\u00edt, webes \u00e9s adatb\u00e1zis-kezel\u00e9si feladatokat l\u00e1t el, mik\u00f6zben hat\u00e9konyan kommunik\u00e1l magyarul \u00e9s angolul.<\/p>\n<\/div><figure class=\"wp-block-media-text__media\"><img loading=\"lazy\" decoding=\"async\" width=\"1000\" height=\"838\" src=\"https:\/\/szixi.hu\/web\/wp-content\/uploads\/2023\/08\/it-support-technician_0.jpg\" alt=\"\" class=\"wp-image-2814 size-full\" srcset=\"https:\/\/szixi.hu\/web\/wp-content\/uploads\/2023\/08\/it-support-technician_0.jpg 1000w, https:\/\/szixi.hu\/web\/wp-content\/uploads\/2023\/08\/it-support-technician_0-768x644.jpg 768w\" sizes=\"auto, (max-width: 1000px) 100vw, 1000px\" \/><\/figure><\/div>\n\n\n\n<h2 class=\"wp-block-heading has-big-font-size\"><strong>A szakk\u00e9pzetts\u00e9ggel rendelkez\u0151<\/strong><\/h2>\n\n\n\n<ul class=\"wp-block-list\">\n<li>k\u00e9pes sz\u00e1m\u00edt\u00f3g\u00e9pet kezelni, \u00fczemeltetni, irodai, multim\u00e9di\u00e1s \u00e9s kommunik\u00e1ci\u00f3s alkalmaz\u00e1sokat telep\u00edteni, karbantartani \u00e9s haszn\u00e1lni;<\/li>\n\n\n\n<li>elv\u00e9gzi a sz\u00e1m\u00edt\u00f3g\u00e9pek \u00e9s perif\u00e9ri\u00e1ik hardveres szerel\u00e9si, karbantart\u00e1si \u00e9s jav\u00edt\u00e1si munk\u00e1it;<\/li>\n\n\n\n<li>ell\u00e1tja a munka\u00e1llom\u00e1sok oper\u00e1ci\u00f3s rendszer\u00e9nek telep\u00edt\u00e9s\u00e9t \u00e9s karbantart\u00e1s\u00e1t;<\/li>\n\n\n\n<li>k\u00e9pes a h\u00e1l\u00f3zati eszk\u00f6z\u00f6k, a h\u00e1l\u00f3zati oper\u00e1ci\u00f3s rendszerek \u00e9s az alapvet\u0151 internetes szolg\u00e1ltat\u00e1sok telep\u00edt\u00e9s\u00e9re, \u00fczemeltet\u00e9s\u00e9re \u00e9s karbantart\u00e1s\u00e1ra;<\/li>\n\n\n\n<li>ell\u00e1tja a kisebb helyi h\u00e1l\u00f3zatok ki\u00e9p\u00edt\u00e9s\u00e9vel \u00e9s karbantart\u00e1s\u00e1val kapcsolatos feladatokat;<\/li>\n\n\n\n<li>k\u00e9pes kisebb otthoni, irodai \u00e9s k\u00f6zepes m\u00e9ret\u0171 h\u00e1l\u00f3zatok tervez\u00e9si, illetve fel\u00fcgyeleti feladatait elv\u00e9gezni;<\/li>\n\n\n\n<li>elv\u00e9gzi az informatikai biztons\u00e1gi eszk\u00f6z\u00f6k, t\u0171zfalak \u00e9s v\u00edrusv\u00e9delmi szoftverek telep\u00edt\u00e9s\u00e9t \u00e9s kon\ufb01gur\u00e1l\u00e1s\u00e1t;<\/li>\n\n\n\n<li>felh\u0151szolg\u00e1ltat\u00e1sokat kezel.<\/li>\n<\/ul>\n\n\n\n<p class=\"has-big-font-size\"><strong>Szakmai adatlap:<\/strong><\/p>\n\n\n\n<figure class=\"wp-block-table\"><table class=\"has-fixed-layout\"><thead><tr><th class=\"has-text-align-center\" data-align=\"center\">Szakma neve<\/th><th class=\"has-text-align-center\" data-align=\"center\">\u00c1gazat neve<\/th><th class=\"has-text-align-center\" data-align=\"center\">Szakmajegyz\u00e9k sz\u00e1ma<\/th><th class=\"has-text-align-center\" data-align=\"center\">K\u00e9pz\u00e9s id\u0151tartama<\/th><th class=\"has-text-align-center\" data-align=\"center\">V\u00e1laszthat\u00f3 szakmair\u00e1nyok:<\/th><\/tr><\/thead><tbody><tr><td class=\"has-text-align-center\" data-align=\"center\">Informatikai rendszer- \u00e9s alkalmaz\u00e1s-\u00fczemeltet\u0151 technikus<\/td><td class=\"has-text-align-center\" data-align=\"center\">Informatika \u00e9s t\u00e1vk\u00f6zl\u00e9s<\/td><td class=\"has-text-align-center\" data-align=\"center\">506121202<\/td><td class=\"has-text-align-center\" data-align=\"center\"><strong>5 \u00e9v<\/strong><\/td><td class=\"has-text-align-center\" data-align=\"center\">&#8211;<\/td><\/tr><\/tbody><\/table><\/figure>\n\n\n\n<p class=\"has-tiny-font-size\">Forr\u00e1s: <a href=\"https:\/\/ikk.hu\/szakmakartyak\/szakmak\/penzugyi-szamviteli-ugyintezo\"><\/a><a href=\"https:\/\/ikk.hu\/szakmakartyak\/szakmak\/informatikai-rendszer-es-alkalmazas-uzemelteto-technikus\">Informatikai rendszer- \u00e9s alkalmaz\u00e1s-\u00fczemeltet\u0151 technikus szakma | IKK Nonprofit Zrt.<\/a><\/p>\n","protected":false},"excerpt":{"rendered":"<p>Ismerd meg iskol\u00e1nkban el\u00e9rhet\u0151 k\u00e9pz\u00e9seinket! 1. P\u00e9nz\u00fcgyi-sz\u00e1mviteli \u00fcgyint\u00e9z\u0151 A szakma ismertet\u00e9se A p\u00e9nz\u00fcgyi-sz\u00e1mviteli \u00fcgyint\u00e9z\u0151 kulcsszerepet j\u00e1tszik a gazd\u00e1lkod\u00f3 szervezetek p\u00e9nz\u00fcgyi menedzsmentj\u00e9ben, k\u00f6nyvel\u00e9si, sz\u00e1ml\u00e1z\u00e1si \u00e9s \u00fcgyviteli feladatokat l\u00e1t el, valamint ad\u00f3bevall\u00e1st k\u00e9sz\u00edt \u00e9s elektronikus \u00fcgyint\u00e9z\u00e9si teend\u0151ket v\u00e9gez. Felel\u0151s a p\u00e9nz\u00fcgyi \u00e9s sz\u00e1mviteli bizonylatok kezel\u00e9s\u00e9\u00e9rt, a ki- \u00e9s befizet\u00e9sek int\u00e9z\u00e9s\u00e9\u00e9rt, valamint a [&hellip;]<\/p>\n","protected":false},"author":6,"featured_media":0,"parent":0,"menu_order":0,"comment_status":"closed","ping_status":"closed","template":"","meta":{"_EventAllDay":false,"_EventTimezone":"","_EventStartDate":"","_EventEndDate":"","_EventStartDateUTC":"","_EventEndDateUTC":"","_EventShowMap":false,"_EventShowMapLink":false,"_EventURL":"","_EventCost":"","_EventCostDescription":"","_EventCurrencySymbol":"","_EventCurrencyCode":"","_EventCurrencyPosition":"","_EventDateTimeSeparator":"","_EventTimeRangeSeparator":"","_EventOrganizerID":[],"_EventVenueID":[],"_OrganizerEmail":"","_OrganizerPhone":"","_OrganizerWebsite":"","_VenueAddress":"","_VenueCity":"","_VenueCountry":"","_VenueProvince":"","_VenueState":"","_VenueZip":"","_VenuePhone":"","_VenueURL":"","_VenueStateProvince":"","_VenueLat":"","_VenueLng":"","_VenueShowMap":false,"_VenueShowMapLink":false,"footnotes":""},"class_list":["post-3770","page","type-page","status-publish","hentry"],"_links":{"self":[{"href":"https:\/\/szixi.hu\/web\/index.php\/wp-json\/wp\/v2\/pages\/3770","targetHints":{"allow":["GET"]}}],"collection":[{"href":"https:\/\/szixi.hu\/web\/index.php\/wp-json\/wp\/v2\/pages"}],"about":[{"href":"https:\/\/szixi.hu\/web\/index.php\/wp-json\/wp\/v2\/types\/page"}],"author":[{"embeddable":true,"href":"https:\/\/szixi.hu\/web\/index.php\/wp-json\/wp\/v2\/users\/6"}],"replies":[{"embeddable":true,"href":"https:\/\/szixi.hu\/web\/index.php\/wp-json\/wp\/v2\/comments?post=3770"}],"version-history":[{"count":5,"href":"https:\/\/szixi.hu\/web\/index.php\/wp-json\/wp\/v2\/pages\/3770\/revisions"}],"predecessor-version":[{"id":3817,"href":"https:\/\/szixi.hu\/web\/index.php\/wp-json\/wp\/v2\/pages\/3770\/revisions\/3817"}],"wp:attachment":[{"href":"https:\/\/szixi.hu\/web\/index.php\/wp-json\/wp\/v2\/media?parent=3770"}],"curies":[{"name":"wp","href":"https:\/\/api.w.org\/{rel}","templated":true}]}}