{"id":3781,"date":"2025-10-06T09:29:48","date_gmt":"2025-10-06T08:29:48","guid":{"rendered":"https:\/\/szixi.hu\/web\/?page_id=3781"},"modified":"2025-10-06T09:29:48","modified_gmt":"2025-10-06T08:29:48","slug":"szuloi-munkakozosseg","status":"publish","type":"page","link":"https:\/\/szixi.hu\/web\/index.php\/szuloi-munkakozosseg\/","title":{"rendered":"Sz\u00fcl\u0151i munkak\u00f6z\u00f6ss\u00e9g"},"content":{"rendered":"\n<div class=\"wp-block-media-text has-media-on-the-right is-stacked-on-mobile\" style=\"grid-template-columns:auto 25%\"><div class=\"wp-block-media-text__content\">\n<p>A sz\u00fcl\u0151, a tanul\u00f3 \u00e9s a pedag\u00f3gus jogait, k\u00f6teless\u00e9geit a k\u00f6zoktat\u00e1si t\u00f6rv\u00e9ny hat\u00e1rozza meg.<br>Annak \u00e9rdek\u00e9ben, hogy a sz\u00fcl\u0151k a jogaikat \u00e9rv\u00e9nyes\u00edthess\u00e9k \u00e9s k\u00f6teless\u00e9geiket teljes\u00edthess\u00e9k,<br>iskol\u00e1nkban sz\u00fcl\u0151i szervezet m\u0171k\u00f6dik.<br>A sz\u00fcl\u0151i szervezet megalap\u00edt\u00e1sa \u00e9s m\u0171k\u00f6dtet\u00e9se a sz\u00fcl\u0151k d\u00f6nt\u00e9s\u00e9n m\u00falik. El\u0151seg\u00edti a<br>hat\u00e9konyabb m\u0171k\u00f6d\u00e9st \u00e9s a val\u00f3s\u00e1gos \u00e9rdekk\u00e9pviseletet. R\u00e9sze az iskol\u00e1nak, att\u00f3l nem<br>k\u00fcl\u00f6n\u00fclhet el, nem \u00f6n\u00e1ll\u00f3 jogi szem\u00e9ly, l\u00e9trehoz\u00e1s\u00e1hoz \u00e9s m\u0171k\u00f6dtet\u00e9s\u00e9hez alkalmazni kell a<br>k\u00f6zoktat\u00e1si t\u00f6rv\u00e9ny rendelkez\u00e9seit. Az int\u00e9zm\u00e9ny m\u0171k\u00f6d\u00e9s\u00e9t, munk\u00e1j\u00e1t \u00e9rint\u0151 k\u00e9rd\u00e9sekben<br>v\u00e9lem\u00e9nyez\u00e9si, javaslattev\u0151 joggal rendelkezik.<br>A gyerekek nevel\u00e9s\u00e9nek \u00e9s oktat\u00e1s\u00e1nak fontos felt\u00e9tele a di\u00e1kok, a sz\u00fcl\u0151k \u00e9s a tan\u00e1rok k\u00f6z\u00f6tti<br>j\u00f3 kapcsolat, harmonikus egy\u00fcttm\u0171k\u00f6d\u00e9s. A sz\u00fcl\u0151i munkak\u00f6z\u00f6ss\u00e9g az iskolai \u00e9letben e<br>n\u00e9lk\u00fcl\u00f6zhetetlen kapocs szerep\u00e9t t\u00f6lti be.<br>Az iskol\u00e1n bel\u00fcl a sz\u00fcl\u0151i munkak\u00f6z\u00f6ss\u00e9g t\u00e1j\u00e9koztat\u00f3 munk\u00e1j\u00e1nak nagy jelent\u0151s\u00e9ge van. A<br>sz\u00fcl\u0151i munkak\u00f6z\u00f6ss\u00e9g \u00fcl\u00e9sein, az iskol\u00e1t \u00e1ltal\u00e1nosan \u00e9rint\u0151 t\u00e9m\u00e1kat besz\u00e9lnek meg. Az<br>iskolai, az alap\u00edtv\u00e1nyi \u00e9s a sz\u00fcl\u0151k k\u00e9pvisel\u0151i saj\u00e1t n\u00e9z\u0151pontjukb\u00f3l adnak betekint\u00e9st az<br>\u00e9rdekesebb v\u00e1ltoz\u00e1sokba, fejlem\u00e9nyekbe. Ezeken az \u00fcl\u00e9seken tapasztalatokat cser\u00e9lnek, \u00e9s<br>\u00faj\u00edt\u00e1si javaslatokat tehetnek. Itt van lehet\u0151s\u00e9g\u00fck a sz\u00fcl\u0151i k\u00e9pvisel\u0151knek saj\u00e1t oszt\u00e1lyuk \u00fcgyeit<br>el\u0151terjeszteni \u00e9s szavaz\u00e1s keret\u00e9ben \u00faj szab\u00e1lyokat alkotni. M\u00e1sr\u00e9szt az is feladatuk, hogy a<br>sz\u00fcl\u0151ket minden fontos t\u00e9m\u00e1r\u00f3l t\u00e1j\u00e9koztass\u00e1k. Legyen az szab\u00e1ly vagy hat\u00e1rozat, iskolai<br>rendezv\u00e9nyek vagy szervez\u00e9s.<br>Az oszt\u00e1lyok sz\u00fcl\u0151i munkak\u00f6z\u00f6ss\u00e9geit az egy oszt\u00e1lyba j\u00e1r\u00f3 tanul\u00f3k sz\u00fcl\u0151i alkotj\u00e1k.<br>Az iskolai sz\u00fcl\u0151i munkak\u00f6z\u00f6ss\u00e9g tagjait az oszt\u00e1lyok sz\u00fcl\u0151i k\u00f6z\u00f6ss\u00e9gei deleg\u00e1lj\u00e1k,<br>oszt\u00e1lyonk\u00e9nt minimum 1 f\u0151t.<\/p>\n<\/div><figure class=\"wp-block-media-text__media\"><img loading=\"lazy\" decoding=\"async\" width=\"612\" height=\"765\" src=\"https:\/\/szixi.hu\/web\/wp-content\/uploads\/2025\/10\/Szixi-logo.png\" alt=\"\" class=\"wp-image-3767 size-full\"\/><\/figure><\/div>\n\n\n\n<p class=\"has-text-align-center has-big-font-size\"><strong>Int\u00e9zm\u00e9nyi sz\u00fcl\u0151i munkak\u00f6z\u00f6ss\u00e9g tiszts\u00e9gvisel\u0151i<\/strong><\/p>\n\n\n\n<p class=\"has-text-align-center has-medium-font-size\"><strong>Eln\u00f6k<\/strong><br>S\u00e1ri Csaba<br><strong>Eln\u00f6khelyettes<\/strong><br>Milotai G\u00e1bor<br><strong>Titk\u00e1r<\/strong><br>Kiss Mariann<br><strong>P\u00e9nzt\u00e1ros<\/strong><br>Lentulai Edina<\/p>\n\n\n\n<p class=\"has-text-align-center has-big-font-size\"><strong>Oszt\u00e1lyok \u00e9s k\u00e9pvisel\u0151k<\/strong><\/p>\n\n\n\n<figure class=\"wp-block-table is-style-stripes\"><table class=\"has-fixed-layout\"><thead><tr><th class=\"has-text-align-center\" data-align=\"center\">Oszt\u00e1ly<\/th><th class=\"has-text-align-center\" data-align=\"center\">K\u00e9pvisel\u0151<\/th><\/tr><\/thead><tbody><tr><td class=\"has-text-align-center\" data-align=\"center\">9\/A<\/td><td class=\"has-text-align-center\" data-align=\"center\"><\/td><\/tr><tr><td class=\"has-text-align-center\" data-align=\"center\">9\/B<\/td><td class=\"has-text-align-center\" data-align=\"center\">Tak\u00e1cs Kl\u00e1ra<\/td><\/tr><tr><td class=\"has-text-align-center\" data-align=\"center\">10\/A<\/td><td class=\"has-text-align-center\" data-align=\"center\">Kiss Ildik\u00f3<\/td><\/tr><tr><td class=\"has-text-align-center\" data-align=\"center\">10\/A<\/td><td class=\"has-text-align-center\" data-align=\"center\">Milotai G\u00e1bor<\/td><\/tr><tr><td class=\"has-text-align-center\" data-align=\"center\">10\/B<\/td><td class=\"has-text-align-center\" data-align=\"center\">T\u00f6l\u00f6si-T\u00e9gi Zsuzsanna<\/td><\/tr><tr><td class=\"has-text-align-center\" data-align=\"center\">10\/B<\/td><td class=\"has-text-align-center\" data-align=\"center\">Varga Attila<\/td><\/tr><tr><td class=\"has-text-align-center\" data-align=\"center\">10\/B<\/td><td class=\"has-text-align-center\" data-align=\"center\">Varga \u00c9va<\/td><\/tr><tr><td class=\"has-text-align-center\" data-align=\"center\">11\/A<\/td><td class=\"has-text-align-center\" data-align=\"center\">Kiss Mariann<\/td><\/tr><tr><td class=\"has-text-align-center\" data-align=\"center\">11\/B<\/td><td class=\"has-text-align-center\" data-align=\"center\">S\u00e1ri Csaba<\/td><\/tr><tr><td class=\"has-text-align-center\" data-align=\"center\">11\/C<\/td><td class=\"has-text-align-center\" data-align=\"center\">Alexovics Veronika<\/td><\/tr><tr><td class=\"has-text-align-center\" data-align=\"center\">11\/C<\/td><td class=\"has-text-align-center\" data-align=\"center\">Majorosi Zsuzsanna<\/td><\/tr><tr><td class=\"has-text-align-center\" data-align=\"center\">12\/A<\/td><td class=\"has-text-align-center\" data-align=\"center\">Pauer Ilona<\/td><\/tr><tr><td class=\"has-text-align-center\" data-align=\"center\">12\/B<\/td><td class=\"has-text-align-center\" data-align=\"center\"><\/td><\/tr><tr><td class=\"has-text-align-center\" data-align=\"center\">13\/A<\/td><td class=\"has-text-align-center\" data-align=\"center\"><\/td><\/tr><tr><td class=\"has-text-align-center\" data-align=\"center\">13\/B<\/td><td class=\"has-text-align-center\" data-align=\"center\">T\u00f3th-Szentendrei Gabriella<\/td><\/tr><tr><td class=\"has-text-align-center\" data-align=\"center\">13\/B<\/td><td class=\"has-text-align-center\" data-align=\"center\">Lentulai Edina<\/td><\/tr><\/tbody><\/table><\/figure>\n\n\n<div class='w3eden'><!-- WPDM Link Template: Default Template -->\n\n<div class=\"link-template-default card mb-2\">\n    <div class=\"card-body\">\n        <div class=\"media\">\n            <div class=\"mr-3 img-48\"><img decoding=\"async\" class=\"wpdm_icon\" alt=\"Ikon\" src=\"https:\/\/szixi.hu\/web\/wp-content\/plugins\/download-manager\/assets\/file-type-icons\/pdf.svg\" \/><\/div>\n            <div class=\"media-body\">\n                <h3 class=\"package-title\"><a href='https:\/\/szixi.hu\/web\/index.php\/download\/szuloi-munkakozosseg-szervezeti-es-mukodesi-szabalyzat-2025\/'>Sz\u00fcl\u0151i munkak\u00f6z\u00f6ss\u00e9g szervezeti \u00e9s m\u0171k\u00f6d\u00e9si szab\u00e1lyzat 2025.<\/a><\/h3>\n                <div class=\"text-muted text-small\"><i class=\"fas fa-copy\"><\/i> 1 f\u00e1jl(ok) <i class=\"fas fa-hdd ml-3\"><\/i> 3.33 MB<\/div>\n            <\/div>\n            <div class=\"ml-3\">\n                <a class='wpdm-download-link download-on-click btn btn-primary ' rel='nofollow' href='#' data-downloadurl=\"https:\/\/szixi.hu\/web\/index.php\/download\/szuloi-munkakozosseg-szervezeti-es-mukodesi-szabalyzat-2025\/?wpdmdl=3782&refresh=69db9911e80f11775999249\">Let\u00f6lt\u00e9s<\/a>\n            <\/div>\n        <\/div>\n    <\/div>\n<\/div>\n\n<\/div>\n\n\n\n<p class=\"has-text-align-center\"><strong>Tantest\u00fclet t\u00e1mogat\u00f3 oktat\u00f3:<br><\/strong>P\u00e1ldi-Schv\u00e9ger Gitta<br><\/p>\n\n\n\n<p class=\"has-text-align-center\"><strong>El\u00e9rhet\u0151s\u00e9gek:<br><\/strong>e-mail: szixiiszmk@gmail.com<br>Tel: +36 (30) 8676 075<\/p>\n","protected":false},"excerpt":{"rendered":"<p>A sz\u00fcl\u0151, a tanul\u00f3 \u00e9s a pedag\u00f3gus jogait, k\u00f6teless\u00e9geit a k\u00f6zoktat\u00e1si t\u00f6rv\u00e9ny hat\u00e1rozza meg.Annak \u00e9rdek\u00e9ben, hogy a sz\u00fcl\u0151k a jogaikat \u00e9rv\u00e9nyes\u00edthess\u00e9k \u00e9s k\u00f6teless\u00e9geiket teljes\u00edthess\u00e9k,iskol\u00e1nkban sz\u00fcl\u0151i szervezet m\u0171k\u00f6dik.A sz\u00fcl\u0151i szervezet megalap\u00edt\u00e1sa \u00e9s m\u0171k\u00f6dtet\u00e9se a sz\u00fcl\u0151k d\u00f6nt\u00e9s\u00e9n m\u00falik. El\u0151seg\u00edti ahat\u00e9konyabb m\u0171k\u00f6d\u00e9st \u00e9s a val\u00f3s\u00e1gos \u00e9rdekk\u00e9pviseletet. R\u00e9sze az iskol\u00e1nak, att\u00f3l nemk\u00fcl\u00f6n\u00fclhet el, nem [&hellip;]<\/p>\n","protected":false},"author":6,"featured_media":0,"parent":0,"menu_order":0,"comment_status":"closed","ping_status":"closed","template":"","meta":{"_EventAllDay":false,"_EventTimezone":"","_EventStartDate":"","_EventEndDate":"","_EventStartDateUTC":"","_EventEndDateUTC":"","_EventShowMap":false,"_EventShowMapLink":false,"_EventURL":"","_EventCost":"","_EventCostDescription":"","_EventCurrencySymbol":"","_EventCurrencyCode":"","_EventCurrencyPosition":"","_EventDateTimeSeparator":"","_EventTimeRangeSeparator":"","_EventOrganizerID":[],"_EventVenueID":[],"_OrganizerEmail":"","_OrganizerPhone":"","_OrganizerWebsite":"","_VenueAddress":"","_VenueCity":"","_VenueCountry":"","_VenueProvince":"","_VenueState":"","_VenueZip":"","_VenuePhone":"","_VenueURL":"","_VenueStateProvince":"","_VenueLat":"","_VenueLng":"","_VenueShowMap":false,"_VenueShowMapLink":false,"footnotes":""},"class_list":["post-3781","page","type-page","status-publish","hentry"],"_links":{"self":[{"href":"https:\/\/szixi.hu\/web\/index.php\/wp-json\/wp\/v2\/pages\/3781","targetHints":{"allow":["GET"]}}],"collection":[{"href":"https:\/\/szixi.hu\/web\/index.php\/wp-json\/wp\/v2\/pages"}],"about":[{"href":"https:\/\/szixi.hu\/web\/index.php\/wp-json\/wp\/v2\/types\/page"}],"author":[{"embeddable":true,"href":"https:\/\/szixi.hu\/web\/index.php\/wp-json\/wp\/v2\/users\/6"}],"replies":[{"embeddable":true,"href":"https:\/\/szixi.hu\/web\/index.php\/wp-json\/wp\/v2\/comments?post=3781"}],"version-history":[{"count":1,"href":"https:\/\/szixi.hu\/web\/index.php\/wp-json\/wp\/v2\/pages\/3781\/revisions"}],"predecessor-version":[{"id":3783,"href":"https:\/\/szixi.hu\/web\/index.php\/wp-json\/wp\/v2\/pages\/3781\/revisions\/3783"}],"wp:attachment":[{"href":"https:\/\/szixi.hu\/web\/index.php\/wp-json\/wp\/v2\/media?parent=3781"}],"curies":[{"name":"wp","href":"https:\/\/api.w.org\/{rel}","templated":true}]}}