{"id":3988,"date":"2025-11-23T19:35:45","date_gmt":"2025-11-23T18:35:45","guid":{"rendered":"https:\/\/szixi.hu\/web\/?page_id=3988"},"modified":"2026-01-13T00:30:17","modified_gmt":"2026-01-12T23:30:17","slug":"nyiltnap","status":"publish","type":"page","link":"https:\/\/szixi.hu\/web\/index.php\/nyiltnap\/","title":{"rendered":"Ny\u00edlt napok 2025\/2026"},"content":{"rendered":"\n<div class=\"wp-block-group is-content-justification-center is-nowrap is-layout-flex wp-container-core-group-is-layout-23441af8 wp-block-group-is-layout-flex\">\n<figure class=\"wp-block-image size-full is-resized\"><img loading=\"lazy\" decoding=\"async\" width=\"427\" height=\"431\" src=\"https:\/\/szixi.hu\/web\/wp-content\/uploads\/2025\/10\/nyiilt1.png\" alt=\"\" class=\"wp-image-3762\" style=\"width:287px;height:auto\" srcset=\"https:\/\/szixi.hu\/web\/wp-content\/uploads\/2025\/10\/nyiilt1.png 427w, https:\/\/szixi.hu\/web\/wp-content\/uploads\/2025\/10\/nyiilt1-150x150.png 150w\" sizes=\"auto, (max-width: 427px) 100vw, 427px\" \/><\/figure>\n\n\n\n<figure class=\"wp-block-image size-full is-resized\"><img loading=\"lazy\" decoding=\"async\" width=\"427\" height=\"431\" src=\"https:\/\/szixi.hu\/web\/wp-content\/uploads\/2025\/10\/nyiilt2.png\" alt=\"\" class=\"wp-image-3764\" style=\"width:289px;height:auto\" srcset=\"https:\/\/szixi.hu\/web\/wp-content\/uploads\/2025\/10\/nyiilt2.png 427w, https:\/\/szixi.hu\/web\/wp-content\/uploads\/2025\/10\/nyiilt2-150x150.png 150w\" sizes=\"auto, (max-width: 427px) 100vw, 427px\" \/><\/figure>\n<\/div>\n\n\n\n<p class=\"has-large-font-size\">5 ok, ami\u00e9rt \u00e9rdemes ell\u00e1togatni ny\u00edlt napjainkra.<\/p>\n\n\n\n<ol class=\"wp-block-list\">\n<li>\u00e9l\u0151ben l\u00e1thatod, hogy milyen az iskola hangulata<\/li>\n\n\n\n<li>lehet\u0151s\u00e9g van tanul\u00f3inkt\u00f3l, \u00e9s di\u00e1kjaint\u00f3l k\u00e9rdezni<\/li>\n\n\n\n<li>kipr\u00f3b\u00e1lhatod az tan\u00edt\u00e1shoz haszn\u00e1lt informatikai eszk\u00f6z\u00f6ket \u00e9s k\u00f6nyvel\u0151programokat<\/li>\n\n\n\n<li>a ny\u00edlt nap ut\u00e1n \u00e1ltal\u00e1ban sokkal k\u00f6nnyebb eld\u00f6nteni: \u201cIgen, ide szeretn\u00e9k j\u00f6nni\u201d<\/li>\n\n\n\n<li>t\u00e1j\u00e9koztat\u00f3t hallgathatsz meg az iskolai rendszerr\u0151l, \u00f6szt\u00f6nd\u00edjakr\u00f3l, \u00e9s szakm\u00e1inkr\u00f3l <\/li>\n<\/ol>\n\n\n\n<p class=\"has-large-font-size\">A ny\u00edlt napok menetrendje<\/p>\n\n\n\n<p class=\"has-big-font-size\">2025. December 4. cs\u00fct\u00f6rt\u00f6k<\/p>\n\n\n\n<ol class=\"wp-block-list\">\n<li class=\"has-medium-font-size\">\u00f3ra &#8211; T\u00e1j\u00e9koztat\u00e1s 8:00-t\u00f3l \n<ul class=\"wp-block-list\">\n<li>Igazgat\u00f3i bemutat\u00f3<\/li>\n\n\n\n<li>Szakm\u00e1k bemutat\u00f3ja<\/li>\n<\/ul>\n<\/li>\n<\/ol>\n\n\n\n<p class=\"has-medium-font-size\">2. \u00f3ra &#8211; Bemutat\u00f3\u00f3r\u00e1k 9:00-t\u00f3l<\/p>\n\n\n\n<figure class=\"wp-block-table\"><table class=\"has-fixed-layout\"><thead><tr><th class=\"has-text-align-center\" data-align=\"center\">Tant\u00e1rgy<\/th><th class=\"has-text-align-center\" data-align=\"center\">Terem<\/th><\/tr><\/thead><tbody><tr><td class=\"has-text-align-center\" data-align=\"center\">Gazdas\u00e1gi \u00e9s jogi sz\u00e1m\u00edt\u00e1sok<\/td><td class=\"has-text-align-center\" data-align=\"center\">3. terem<\/td><\/tr><tr><td class=\"has-text-align-center\" data-align=\"center\">Sz\u00e1mvitel<\/td><td class=\"has-text-align-center\" data-align=\"center\">B1. terem<\/td><\/tr><tr><td class=\"has-text-align-center\" data-align=\"center\">Szerverek \u00e9s felh\u0151szolg\u00e1ltat\u00e1sok<\/td><td class=\"has-text-align-center\" data-align=\"center\">6. terem<\/td><\/tr><tr><td class=\"has-text-align-center\" data-align=\"center\">H\u00e1l\u00f3zatok II.<\/td><td class=\"has-text-align-center\" data-align=\"center\">5. terem<\/td><\/tr><tr><td class=\"has-text-align-center\" data-align=\"center\">Programoz\u00e1si alapok<\/td><td class=\"has-text-align-center\" data-align=\"center\">B2. terem<\/td><\/tr><tr><td class=\"has-text-align-center\" data-align=\"center\">Magyar nyelv \u00e9s irodalom<\/td><td class=\"has-text-align-center\" data-align=\"center\">25. terem<\/td><\/tr><tr><td class=\"has-text-align-center\" data-align=\"center\">Angol nyelv<\/td><td class=\"has-text-align-center\" data-align=\"center\">7. terem<\/td><\/tr><tr><td class=\"has-text-align-center\" data-align=\"center\">Komplex term\u00e9szettudom\u00e1ny<\/td><td class=\"has-text-align-center\" data-align=\"center\">26. terem<\/td><\/tr><\/tbody><\/table><\/figure>\n\n\n\n<p class=\"has-medium-font-size\">3. \u00f3ra &#8211; Bemutat\u00f3\u00f3r\u00e1k 9:50-t\u0151l<\/p>\n\n\n\n<figure class=\"wp-block-table\"><table class=\"has-fixed-layout\"><thead><tr><th class=\"has-text-align-center\" data-align=\"center\">Tant\u00e1rgy<\/th><th class=\"has-text-align-center\" data-align=\"center\">Terem<\/th><\/tr><\/thead><tbody><tr><td class=\"has-text-align-center\" data-align=\"center\">Gazdas\u00e1gi \u00e9s jogi alapismeretek<\/td><td class=\"has-text-align-center\" data-align=\"center\">B1. terem<\/td><\/tr><tr><td class=\"has-text-align-center\" data-align=\"center\">Sz\u00e1m\u00edt\u00f3g\u00e9pes k\u00f6nyvel\u00e9s<\/td><td class=\"has-text-align-center\" data-align=\"center\">5. terem<\/td><\/tr><tr><td class=\"has-text-align-center\" data-align=\"center\">P\u00e9nz\u00fcgy<\/td><td class=\"has-text-align-center\" data-align=\"center\">B3. terem<\/td><\/tr><tr><td class=\"has-text-align-center\" data-align=\"center\">IKT Projektmunka<\/td><td class=\"has-text-align-center\" data-align=\"center\">29. terem<\/td><\/tr><tr><td class=\"has-text-align-center\" data-align=\"center\">IKT Projektmunka<\/td><td class=\"has-text-align-center\" data-align=\"center\">6. terem<\/td><\/tr><tr><td class=\"has-text-align-center\" data-align=\"center\">Angol nyelv<\/td><td class=\"has-text-align-center\" data-align=\"center\">25. terem<\/td><\/tr><tr><td class=\"has-text-align-center\" data-align=\"center\">T\u00f6rt\u00e9nelem<\/td><td class=\"has-text-align-center\" data-align=\"center\">2. terem<\/td><\/tr><tr><td class=\"has-text-align-center\" data-align=\"center\">Matematika<\/td><td class=\"has-text-align-center\" data-align=\"center\">7. terem<\/td><\/tr><tr><td class=\"has-text-align-center\" data-align=\"center\">Angol nyelv<\/td><td class=\"has-text-align-center\" data-align=\"center\">26. terem<\/td><\/tr><tr><td class=\"has-text-align-center\" data-align=\"center\">H\u00e1l\u00f3zat programoz\u00e1s<\/td><td class=\"has-text-align-center\" data-align=\"center\">4. terem<\/td><\/tr><\/tbody><\/table><\/figure>\n\n\n\n<p>A programv\u00e1ltoz\u00e1s jog\u00e1t a szervez\u0151 fenttartja!<\/p>\n\n\n\n<p class=\"has-big-font-size\">2026. janu\u00e1r 13. kedd<\/p>\n\n\n\n<ol class=\"wp-block-list\">\n<li class=\"has-medium-font-size\">\u00f3ra &#8211; T\u00e1j\u00e9koztat\u00e1s 8:00-t\u00f3l<\/li>\n<\/ol>\n\n\n\n<ul class=\"wp-block-list\">\n<li>Igazgat\u00f3i bemutat\u00f3<\/li>\n\n\n\n<li>Szakm\u00e1k bemutat\u00f3ja<\/li>\n<\/ul>\n\n\n\n<p class=\"has-medium-font-size\">2. \u00f3ra &#8211; Bemutat\u00f3\u00f3r\u00e1k 9:00-t\u00f3l<\/p>\n\n\n\n<figure class=\"wp-block-table\"><table class=\"has-fixed-layout\"><thead><tr><th class=\"has-text-align-center\" data-align=\"center\">Tant\u00e1rgy<\/th><th class=\"has-text-align-center\" data-align=\"center\">Terem<\/th><\/tr><\/thead><tbody><tr><td class=\"has-text-align-center\" data-align=\"center\">Angol nyelv<\/td><td class=\"has-text-align-center\" data-align=\"center\">B1.<\/td><\/tr><tr><td class=\"has-text-align-center\" data-align=\"center\">Gazdas\u00e1gi \u00e9s jogi ismeretek<\/td><td class=\"has-text-align-center\" data-align=\"center\">2.<\/td><\/tr><tr><td class=\"has-text-align-center\" data-align=\"center\">H\u00e1l\u00f3zati alapok<\/td><td class=\"has-text-align-center\" data-align=\"center\">B2.<\/td><\/tr><tr><td class=\"has-text-align-center\" data-align=\"center\">IKT Projektmunka II. <\/td><td class=\"has-text-align-center\" data-align=\"center\">6.<\/td><\/tr><tr><td class=\"has-text-align-center\" data-align=\"center\">Szerverek<\/td><td class=\"has-text-align-center\" data-align=\"center\">4<\/td><\/tr><\/tbody><\/table><\/figure>\n\n\n\n<p class=\"has-medium-font-size\">3. \u00f3ra &#8211; Bemutat\u00f3\u00f3r\u00e1k 9:50-t\u0151l<\/p>\n\n\n\n<figure class=\"wp-block-table\"><table class=\"has-fixed-layout\"><thead><tr><th class=\"has-text-align-center\" data-align=\"center\">Tant\u00e1rgy<\/th><th class=\"has-text-align-center\" data-align=\"center\">Terem<\/th><\/tr><\/thead><tbody><tr><td class=\"has-text-align-center\" data-align=\"center\">V\u00e1llakoz\u00e1si ismeretek<\/td><td class=\"has-text-align-center\" data-align=\"center\">B3<\/td><\/tr><tr><td class=\"has-text-align-center\" data-align=\"center\">Iroda levelez\u00e9s<\/td><td class=\"has-text-align-center\" data-align=\"center\">6.<\/td><\/tr><tr><td class=\"has-text-align-center\" data-align=\"center\">Digit\u00e1lis kult\u00fara<\/td><td class=\"has-text-align-center\" data-align=\"center\">29.<\/td><\/tr><tr><td class=\"has-text-align-center\" data-align=\"center\">Programoz\u00e1si alapok<\/td><td class=\"has-text-align-center\" data-align=\"center\">B2<\/td><\/tr><\/tbody><\/table><\/figure>\n","protected":false},"excerpt":{"rendered":"<p>5 ok, ami\u00e9rt \u00e9rdemes ell\u00e1togatni ny\u00edlt napjainkra. A ny\u00edlt napok menetrendje 2025. December 4. cs\u00fct\u00f6rt\u00f6k 2. \u00f3ra &#8211; Bemutat\u00f3\u00f3r\u00e1k 9:00-t\u00f3l Tant\u00e1rgy Terem Gazdas\u00e1gi \u00e9s jogi sz\u00e1m\u00edt\u00e1sok 3. terem Sz\u00e1mvitel B1. terem Szerverek \u00e9s felh\u0151szolg\u00e1ltat\u00e1sok 6. terem H\u00e1l\u00f3zatok II. 5. terem Programoz\u00e1si alapok B2. terem Magyar nyelv \u00e9s irodalom 25. terem [&hellip;]<\/p>\n","protected":false},"author":6,"featured_media":0,"parent":0,"menu_order":0,"comment_status":"closed","ping_status":"closed","template":"","meta":{"_EventAllDay":false,"_EventTimezone":"","_EventStartDate":"","_EventEndDate":"","_EventStartDateUTC":"","_EventEndDateUTC":"","_EventShowMap":false,"_EventShowMapLink":false,"_EventURL":"","_EventCost":"","_EventCostDescription":"","_EventCurrencySymbol":"","_EventCurrencyCode":"","_EventCurrencyPosition":"","_EventDateTimeSeparator":"","_EventTimeRangeSeparator":"","_EventOrganizerID":[],"_EventVenueID":[],"_OrganizerEmail":"","_OrganizerPhone":"","_OrganizerWebsite":"","_VenueAddress":"","_VenueCity":"","_VenueCountry":"","_VenueProvince":"","_VenueState":"","_VenueZip":"","_VenuePhone":"","_VenueURL":"","_VenueStateProvince":"","_VenueLat":"","_VenueLng":"","_VenueShowMap":false,"_VenueShowMapLink":false,"footnotes":""},"class_list":["post-3988","page","type-page","status-publish","hentry"],"_links":{"self":[{"href":"https:\/\/szixi.hu\/web\/index.php\/wp-json\/wp\/v2\/pages\/3988","targetHints":{"allow":["GET"]}}],"collection":[{"href":"https:\/\/szixi.hu\/web\/index.php\/wp-json\/wp\/v2\/pages"}],"about":[{"href":"https:\/\/szixi.hu\/web\/index.php\/wp-json\/wp\/v2\/types\/page"}],"author":[{"embeddable":true,"href":"https:\/\/szixi.hu\/web\/index.php\/wp-json\/wp\/v2\/users\/6"}],"replies":[{"embeddable":true,"href":"https:\/\/szixi.hu\/web\/index.php\/wp-json\/wp\/v2\/comments?post=3988"}],"version-history":[{"count":11,"href":"https:\/\/szixi.hu\/web\/index.php\/wp-json\/wp\/v2\/pages\/3988\/revisions"}],"predecessor-version":[{"id":4194,"href":"https:\/\/szixi.hu\/web\/index.php\/wp-json\/wp\/v2\/pages\/3988\/revisions\/4194"}],"wp:attachment":[{"href":"https:\/\/szixi.hu\/web\/index.php\/wp-json\/wp\/v2\/media?parent=3988"}],"curies":[{"name":"wp","href":"https:\/\/api.w.org\/{rel}","templated":true}]}}