{"id":4262,"date":"2026-02-17T09:15:09","date_gmt":"2026-02-17T08:15:09","guid":{"rendered":"https:\/\/szixi.hu\/web\/?page_id=4262"},"modified":"2026-03-07T18:36:53","modified_gmt":"2026-03-07T17:36:53","slug":"egyszazalek","status":"publish","type":"page","link":"https:\/\/szixi.hu\/web\/index.php\/egyszazalek\/","title":{"rendered":"Ad\u00f3j\u00e1nak 1%-\u00e1val, k\u00e9rj\u00fck, t\u00e1mogassa Alap\u00edtv\u00e1nyunkat!"},"content":{"rendered":"\n<p>Iskol\u00e1nk alap\u00edtv\u00e1nya, a Kim\u0171velt Emberf\u0151k Alap\u00edtv\u00e1ny \u00e9vtizedek \u00f3ta sz\u00e1mos fejleszt\u00e9st \u00e9s b\u0151v\u00edt\u00e9st tett lehet\u0151v\u00e9 iskol\u00e1nkban, amelyek di\u00e1kjaink fejl\u0151d\u00e9s\u00e9t \u00e9s a min\u00e9l sz\u00ednvonalasabb oktat\u00e1st szolg\u00e1lj\u00e1k. Az elm\u00falt \u00e9vek alap\u00edtv\u00e1nyi t\u00e1mogat\u00e1saib\u00f3l p\u00e9ld\u00e1ul LEGO-robotokat szerezt\u00fcnk be, iskolai versenyeket \u00e9s rendezv\u00e9nyeket t\u00e1mogattunk, valamint sz\u00e1mos, a di\u00e1ks\u00e1g sz\u00e1m\u00e1ra fontos esem\u00e9ny megval\u00f3s\u00edt\u00e1s\u00e1t tett\u00fck lehet\u0151v\u00e9.<\/p>\n\n\n\n<p class=\"has-big-font-size\">K\u00e9rj\u00fck ad\u00f3ja 1%-\u00e1val t\u00e1mogassa alap\u00edtv\u00e1nyunkat. <\/p>\n\n\n\n<p><strong>Ad\u00f3sz\u00e1munk: 19149392-1-11<\/strong><\/p>\n\n\n\n<p class=\"has-big-font-size\">\u00cdgy aj\u00e1nlhatja fel ad\u00f3ja 1%-\u00e1t iskol\u00e1nknak.<br><strong>1. L\u00e9pjen be a eSZJA <a href=\"https:\/\/eszja.nav.gov.hu\/app\/login\/#login\">oldalra<\/a>.<\/strong><\/p>\n\n\n\n<figure class=\"wp-block-image size-full is-resized\"><img loading=\"lazy\" decoding=\"async\" width=\"1895\" height=\"861\" src=\"https:\/\/szixi.hu\/web\/wp-content\/uploads\/2026\/02\/1.png\" alt=\"\" class=\"wp-image-4263\" style=\"width:1030px;height:auto\" srcset=\"https:\/\/szixi.hu\/web\/wp-content\/uploads\/2026\/02\/1.png 1895w, https:\/\/szixi.hu\/web\/wp-content\/uploads\/2026\/02\/1-768x349.png 768w, https:\/\/szixi.hu\/web\/wp-content\/uploads\/2026\/02\/1-1536x698.png 1536w\" sizes=\"auto, (max-width: 1895px) 100vw, 1895px\" \/><\/figure>\n\n\n\n<p class=\"has-big-font-size\"><strong>2. V\u00e1laszd az 1+1% felaj\u00e1nl\u00e1si lehet\u0151s\u00e9get<\/strong><\/p>\n\n\n\n<figure class=\"wp-block-image size-full\"><img loading=\"lazy\" decoding=\"async\" width=\"1867\" height=\"781\" src=\"https:\/\/szixi.hu\/web\/wp-content\/uploads\/2026\/02\/2.png\" alt=\"\" class=\"wp-image-4264\" srcset=\"https:\/\/szixi.hu\/web\/wp-content\/uploads\/2026\/02\/2.png 1867w, https:\/\/szixi.hu\/web\/wp-content\/uploads\/2026\/02\/2-768x321.png 768w, https:\/\/szixi.hu\/web\/wp-content\/uploads\/2026\/02\/2-1536x643.png 1536w\" sizes=\"auto, (max-width: 1867px) 100vw, 1867px\" \/><\/figure>\n\n\n\n<p class=\"has-big-font-size\"><strong>3. \u00cdrja a keres\u0151be: Kim\u0171velt Emberf\u0151k Alap\u00edtv\u00e1ny<\/strong><\/p>\n\n\n\n<figure class=\"wp-block-image size-full is-resized\"><img loading=\"lazy\" decoding=\"async\" width=\"1248\" height=\"576\" src=\"https:\/\/szixi.hu\/web\/wp-content\/uploads\/2026\/02\/3.png\" alt=\"\" class=\"wp-image-4265\" style=\"width:1118px;height:auto\" srcset=\"https:\/\/szixi.hu\/web\/wp-content\/uploads\/2026\/02\/3.png 1248w, https:\/\/szixi.hu\/web\/wp-content\/uploads\/2026\/02\/3-768x354.png 768w\" sizes=\"auto, (max-width: 1248px) 100vw, 1248px\" \/><\/figure>\n\n\n\n<p class=\"has-big-font-size\">4. <strong>Miut\u00e1n minden adatot kit\u00f6lt\u00f6tt, k\u00fcldje be bead\u00e1s gombbal.<\/strong><\/p>\n\n\n\n<p class=\"has-big-font-size\">K\u00f6sz\u00f6nj\u00fck t\u00e1mogat\u00e1s\u00e1t!<\/p>\n","protected":false},"excerpt":{"rendered":"<p>Iskol\u00e1nk alap\u00edtv\u00e1nya, a Kim\u0171velt Emberf\u0151k Alap\u00edtv\u00e1ny \u00e9vtizedek \u00f3ta sz\u00e1mos fejleszt\u00e9st \u00e9s b\u0151v\u00edt\u00e9st tett lehet\u0151v\u00e9 iskol\u00e1nkban, amelyek di\u00e1kjaink fejl\u0151d\u00e9s\u00e9t \u00e9s a min\u00e9l sz\u00ednvonalasabb oktat\u00e1st szolg\u00e1lj\u00e1k. Az elm\u00falt \u00e9vek alap\u00edtv\u00e1nyi t\u00e1mogat\u00e1saib\u00f3l p\u00e9ld\u00e1ul LEGO-robotokat szerezt\u00fcnk be, iskolai versenyeket \u00e9s rendezv\u00e9nyeket t\u00e1mogattunk, valamint sz\u00e1mos, a di\u00e1ks\u00e1g sz\u00e1m\u00e1ra fontos esem\u00e9ny megval\u00f3s\u00edt\u00e1s\u00e1t tett\u00fck lehet\u0151v\u00e9. K\u00e9rj\u00fck ad\u00f3ja [&hellip;]<\/p>\n","protected":false},"author":6,"featured_media":0,"parent":0,"menu_order":0,"comment_status":"closed","ping_status":"closed","template":"","meta":{"_EventAllDay":false,"_EventTimezone":"","_EventStartDate":"","_EventEndDate":"","_EventStartDateUTC":"","_EventEndDateUTC":"","_EventShowMap":false,"_EventShowMapLink":false,"_EventURL":"","_EventCost":"","_EventCostDescription":"","_EventCurrencySymbol":"","_EventCurrencyCode":"","_EventCurrencyPosition":"","_EventDateTimeSeparator":"","_EventTimeRangeSeparator":"","_EventOrganizerID":[],"_EventVenueID":[],"_OrganizerEmail":"","_OrganizerPhone":"","_OrganizerWebsite":"","_VenueAddress":"","_VenueCity":"","_VenueCountry":"","_VenueProvince":"","_VenueState":"","_VenueZip":"","_VenuePhone":"","_VenueURL":"","_VenueStateProvince":"","_VenueLat":"","_VenueLng":"","_VenueShowMap":false,"_VenueShowMapLink":false,"footnotes":""},"class_list":["post-4262","page","type-page","status-publish","hentry"],"_links":{"self":[{"href":"https:\/\/szixi.hu\/web\/index.php\/wp-json\/wp\/v2\/pages\/4262","targetHints":{"allow":["GET"]}}],"collection":[{"href":"https:\/\/szixi.hu\/web\/index.php\/wp-json\/wp\/v2\/pages"}],"about":[{"href":"https:\/\/szixi.hu\/web\/index.php\/wp-json\/wp\/v2\/types\/page"}],"author":[{"embeddable":true,"href":"https:\/\/szixi.hu\/web\/index.php\/wp-json\/wp\/v2\/users\/6"}],"replies":[{"embeddable":true,"href":"https:\/\/szixi.hu\/web\/index.php\/wp-json\/wp\/v2\/comments?post=4262"}],"version-history":[{"count":4,"href":"https:\/\/szixi.hu\/web\/index.php\/wp-json\/wp\/v2\/pages\/4262\/revisions"}],"predecessor-version":[{"id":4340,"href":"https:\/\/szixi.hu\/web\/index.php\/wp-json\/wp\/v2\/pages\/4262\/revisions\/4340"}],"wp:attachment":[{"href":"https:\/\/szixi.hu\/web\/index.php\/wp-json\/wp\/v2\/media?parent=4262"}],"curies":[{"name":"wp","href":"https:\/\/api.w.org\/{rel}","templated":true}]}}