{"id":94,"date":"2016-09-24T11:17:56","date_gmt":"2016-09-24T11:17:56","guid":{"rendered":"http:\/\/szixi.hu\/web\/?page_id=94"},"modified":"2026-02-08T18:44:35","modified_gmt":"2026-02-08T17:44:35","slug":"alapitvany","status":"publish","type":"page","link":"https:\/\/szixi.hu\/web\/index.php\/alapitvany\/","title":{"rendered":"Alap\u00edtv\u00e1ny"},"content":{"rendered":"\n<h3 class=\"wp-block-heading\"><strong>&#8222;Kim\u0171velt emberf\u0151k&#8221; alap\u00edtv\u00e1ny <\/strong>c\u00e9lja, hogy tehets\u00e9ges, szorgalmas, ill. szoci\u00e1lisan h\u00e1tr\u00e1nyos helyzet\u0171 tanul\u00f3inkat seg\u00edtse tud\u00e1suk gyarap\u00edt\u00e1s\u00e1ban, tehets\u00e9g\u00fck kibontakoztat\u00e1s\u00e1ban.<\/h3>\n\n\n\n<p>Ennek jegy\u00e9ben t\u00e1mogat\u00e1st ny\u00fajt k\u00fcl\u00f6nb\u00f6z\u0151 tanulm\u00e1nyi programok, tanulm\u00e1nyutak (pl angliai \u00e9s ausztriai utaz\u00e1s \u00e9s nyelvtanfolyam), valamint r\u00e1szorul\u00f3 di\u00e1kok nyelvvizsgad\u00edj\u00e1nak finansz\u00edroz\u00e1s\u00e1hoz. Az alap\u00edtv\u00e1ny seg\u00edts\u00e9g\u00e9vel tudjuk jutalmakkal is elismerni a kimagasl\u00f3 teljes\u00edtm\u00e9nyeket, pl a versenyek \u00e9s p\u00e1ly\u00e1zatok gy\u0151zteseit (Idegen nyelvi akad\u00e1lyverseny, Ki mit tud, Az iskola legjobb k\u00f6zgazd\u00e1sza \u00e9s informatikusa, legkiv\u00e1l\u00f3bb di\u00e1kja, k\u00fcl\u00f6nb\u00f6z\u0151 irodalmi \u00e9s m\u0171v\u00e9szeti p\u00e1ly\u00e1zatok).<\/p>\n\n\n\n<p>K\u00f6sz\u00f6nj\u00fck az \u00d6n\u00f6k eddigi megtisztel\u0151 t\u00e1mogat\u00e1s\u00e1t, k\u00e9rj\u00fck, hogy lehet\u0151s\u00e9geik f\u00fcggv\u00e9ny\u00e9ben a j\u00f6v\u0151ben is t\u00e1mogass\u00e1k c\u00e9ljaink megval\u00f3sul\u00e1s\u00e1t, \u00e9s k\u00edv\u00e1nom, hogy a mai, \u00e9rt\u00e9kv\u00e1ls\u00e1ggal k\u00fcszk\u00f6d\u0151 vil\u00e1gban \u00e9rezz\u00e9k annak bizonys\u00e1g\u00e1t, hogy befektet\u00e9s\u00fck megt\u00e9r\u00fclt, mert j\u00f3 \u00fcgy mell\u00e9 \u00e1lltak.<\/p>\n\n\n\n<h3 class=\"wp-block-heading\"><strong>T\u00e1mogat\u00e1sukat a k\u00f6vetkez\u0151 ad\u00f3- illetve banksz\u00e1mla-sz\u00e1mokon v\u00e1rjuk:<\/strong><\/h3>\n\n\n\n<p class=\"has-big-font-size\"><strong>A K&amp;H-n\u00e1l vezetett banksz\u00e1ml\u00e1nk sz\u00e1ma: 10403631-36310939-00000000<\/strong><\/p>\n\n\n\n<h3 class=\"wp-block-heading\"><strong>Ad\u00f3sz\u00e1munk: 19149392-1-11<\/strong><\/h3>\n\n\n\n<p class=\"has-text-align-center has-big-font-size\"><strong>Alap\u00edtv\u00e1ny tiszts\u00e9gvisel\u0151i<\/strong><\/p>\n\n\n\n<p class=\"has-text-align-center has-medium-font-size\"><strong>Kurat\u00f3rium eln\u00f6ke<br><\/strong>Lov\u00e1sz Veronika<br><strong>Kurat\u00f3rium tagjai<br><\/strong>Milotai G\u00e1bor<br>Varga Attila<br>Gucsi-V\u00e9gh P\u00e9ter<br>P\u00e1ldi-Schv\u00e9ger Gitta<\/p>\n\n\n\n<p class=\"has-text-align-center has-normal-font-size\"><strong>El\u00e9rhet\u0151s\u00e9gek:<br><\/strong>e-mail: alapitvany@szixi.hu<br>Tel: +36 (30) 8676 075<\/p>\n","protected":false},"excerpt":{"rendered":"<p>&#8222;Kim\u0171velt emberf\u0151k&#8221; alap\u00edtv\u00e1ny c\u00e9lja, hogy tehets\u00e9ges, szorgalmas, ill. szoci\u00e1lisan h\u00e1tr\u00e1nyos helyzet\u0171 tanul\u00f3inkat seg\u00edtse tud\u00e1suk gyarap\u00edt\u00e1s\u00e1ban, tehets\u00e9g\u00fck kibontakoztat\u00e1s\u00e1ban. Ennek jegy\u00e9ben t\u00e1mogat\u00e1st ny\u00fajt k\u00fcl\u00f6nb\u00f6z\u0151 tanulm\u00e1nyi programok, tanulm\u00e1nyutak (pl angliai \u00e9s ausztriai utaz\u00e1s \u00e9s nyelvtanfolyam), valamint r\u00e1szorul\u00f3 di\u00e1kok nyelvvizsgad\u00edj\u00e1nak finansz\u00edroz\u00e1s\u00e1hoz. Az alap\u00edtv\u00e1ny seg\u00edts\u00e9g\u00e9vel tudjuk jutalmakkal is elismerni a kimagasl\u00f3 teljes\u00edtm\u00e9nyeket, pl a versenyek [&hellip;]<\/p>\n","protected":false},"author":1,"featured_media":0,"parent":0,"menu_order":0,"comment_status":"closed","ping_status":"closed","template":"","meta":{"_EventAllDay":false,"_EventTimezone":"","_EventStartDate":"","_EventEndDate":"","_EventStartDateUTC":"","_EventEndDateUTC":"","_EventShowMap":false,"_EventShowMapLink":false,"_EventURL":"","_EventCost":"","_EventCostDescription":"","_EventCurrencySymbol":"","_EventCurrencyCode":"","_EventCurrencyPosition":"","_EventDateTimeSeparator":"","_EventTimeRangeSeparator":"","_EventOrganizerID":[],"_EventVenueID":[],"_OrganizerEmail":"","_OrganizerPhone":"","_OrganizerWebsite":"","_VenueAddress":"","_VenueCity":"","_VenueCountry":"","_VenueProvince":"","_VenueState":"","_VenueZip":"","_VenuePhone":"","_VenueURL":"","_VenueStateProvince":"","_VenueLat":"","_VenueLng":"","_VenueShowMap":false,"_VenueShowMapLink":false,"footnotes":""},"class_list":["post-94","page","type-page","status-publish","hentry"],"_links":{"self":[{"href":"https:\/\/szixi.hu\/web\/index.php\/wp-json\/wp\/v2\/pages\/94","targetHints":{"allow":["GET"]}}],"collection":[{"href":"https:\/\/szixi.hu\/web\/index.php\/wp-json\/wp\/v2\/pages"}],"about":[{"href":"https:\/\/szixi.hu\/web\/index.php\/wp-json\/wp\/v2\/types\/page"}],"author":[{"embeddable":true,"href":"https:\/\/szixi.hu\/web\/index.php\/wp-json\/wp\/v2\/users\/1"}],"replies":[{"embeddable":true,"href":"https:\/\/szixi.hu\/web\/index.php\/wp-json\/wp\/v2\/comments?post=94"}],"version-history":[{"count":22,"href":"https:\/\/szixi.hu\/web\/index.php\/wp-json\/wp\/v2\/pages\/94\/revisions"}],"predecessor-version":[{"id":4248,"href":"https:\/\/szixi.hu\/web\/index.php\/wp-json\/wp\/v2\/pages\/94\/revisions\/4248"}],"wp:attachment":[{"href":"https:\/\/szixi.hu\/web\/index.php\/wp-json\/wp\/v2\/media?parent=94"}],"curies":[{"name":"wp","href":"https:\/\/api.w.org\/{rel}","templated":true}]}}